{"id":14556,"date":"2023-10-18T20:22:15","date_gmt":"2023-10-18T17:22:15","guid":{"rendered":"https:\/\/toolhouse.fi\/?post_type=product&#038;p=14556"},"modified":"2024-10-23T16:20:29","modified_gmt":"2024-10-23T13:20:29","slug":"dolda-ventiler","status":"publish","type":"product","link":"https:\/\/toolhouse.fi\/sv\/produkt\/dolda-ventiler\/","title":{"rendered":"Dolda ventiler"},"content":{"rendered":"","protected":false},"excerpt":{"rendered":"<p><span style=\"color: #333333;\">Sats med fyra kompletta ventiler och verktyg f\u00f6r luftp\u00e5fyllning. <\/span><\/p>\n<p><span style=\"color: #333333;\">Passar aluf\u00e4lgar med standard \u00d8 11,3mm ventilh\u00e5l.<\/span><\/p>\n<p>&nbsp;<\/p>\n<p><span style=\"color: #333333;\">L\u00e4ngd: 24 mm<\/span><\/p>\n<p><span class=\"dictionary__name_txt\" style=\"color: #333333;\">Monteringsdiameter: <\/span><span style=\"color: #333333;\">11.3 mm<\/span><\/p>\n<p><span class=\"dictionary__name_txt\" style=\"color: #333333;\">F\u00e4lgh\u00e5l diameter: <\/span><span style=\"color: #333333;\">11.3 mm + 0.4 mm<\/span><\/p>\n<p><span style=\"color: #333333;\">Ytbehandling: f\u00f6rkromad<\/span><\/p>\n<div class=\"dictionary__param row mb-3\">\n<div><img alt=\"\" fetchpriority=\"high\" decoding=\"async\" class=\"alignnone wp-image-14561 size-medium\" src=\"http:\/\/toolhouse.fi\/wp-content\/uploads\/2023\/10\/piiloventtiilisarja-300x300.jpg\" alt=\"\" width=\"300\" height=\"300\" srcset=\"https:\/\/toolhouse.fi\/wp-content\/uploads\/2023\/10\/piiloventtiilisarja-300x300.jpg 300w, https:\/\/toolhouse.fi\/wp-content\/uploads\/2023\/10\/piiloventtiilisarja-100x100.jpg 100w, https:\/\/toolhouse.fi\/wp-content\/uploads\/2023\/10\/piiloventtiilisarja-510x510.jpg 510w, https:\/\/toolhouse.fi\/wp-content\/uploads\/2023\/10\/piiloventtiilisarja-150x150.jpg 150w, https:\/\/toolhouse.fi\/wp-content\/uploads\/2023\/10\/piiloventtiilisarja-768x768.jpg 768w, https:\/\/toolhouse.fi\/wp-content\/uploads\/2023\/10\/piiloventtiilisarja.jpg 1000w\" sizes=\"(max-width: 300px) 100vw, 300px\" \/><\/div>\n<div class=\"dictionary__values col-6\">\n<div class=\"dictionary__value\"><\/div>\n<\/div>\n<\/div>\n","protected":false},"featured_media":14557,"template":"","meta":{"_acf_changed":false,"_seopress_robots_primary_cat":"","_seopress_titles_title":"","_seopress_titles_desc":"","_seopress_robots_index":""},"product_cat":[294],"product_tag":[],"class_list":{"0":"post-14556","1":"product","2":"type-product","3":"status-publish","4":"has-post-thumbnail","6":"product_cat-dackventiler","7":"product_shipping_class-tillbehor-590","9":"first","10":"instock","11":"taxable","12":"shipping-taxable","13":"purchasable","14":"product-type-simple","swatches":"rey-swatches","show_selected":""},"acf":[],"_links":{"self":[{"href":"https:\/\/toolhouse.fi\/sv\/wp-json\/wp\/v2\/product\/14556","targetHints":{"allow":["GET"]}}],"collection":[{"href":"https:\/\/toolhouse.fi\/sv\/wp-json\/wp\/v2\/product"}],"about":[{"href":"https:\/\/toolhouse.fi\/sv\/wp-json\/wp\/v2\/types\/product"}],"version-history":[{"count":1,"href":"https:\/\/toolhouse.fi\/sv\/wp-json\/wp\/v2\/product\/14556\/revisions"}],"predecessor-version":[{"id":18363,"href":"https:\/\/toolhouse.fi\/sv\/wp-json\/wp\/v2\/product\/14556\/revisions\/18363"}],"wp:featuredmedia":[{"embeddable":true,"href":"https:\/\/toolhouse.fi\/sv\/wp-json\/wp\/v2\/media\/14557"}],"wp:attachment":[{"href":"https:\/\/toolhouse.fi\/sv\/wp-json\/wp\/v2\/media?parent=14556"}],"wp:term":[{"taxonomy":"product_cat","embeddable":true,"href":"https:\/\/toolhouse.fi\/sv\/wp-json\/wp\/v2\/product_cat?post=14556"},{"taxonomy":"product_tag","embeddable":true,"href":"https:\/\/toolhouse.fi\/sv\/wp-json\/wp\/v2\/product_tag?post=14556"}],"curies":[{"name":"wp","href":"https:\/\/api.w.org\/{rel}","templated":true}]}}