{"id":14686,"date":"2023-11-06T19:23:46","date_gmt":"2023-11-06T17:23:46","guid":{"rendered":"https:\/\/toolhouse.fi\/?post_type=product&#038;p=14686"},"modified":"2025-10-02T17:54:44","modified_gmt":"2025-10-02T14:54:44","slug":"dacklyft-till-dackmaskin","status":"publish","type":"product","link":"https:\/\/toolhouse.fi\/sv\/produkt\/dacklyft-till-dackmaskin\/","title":{"rendered":"D\u00e4cklyft till d\u00e4ckmaskin"},"content":{"rendered":"<table border=\"0\" width=\"423\" cellspacing=\"0\" cellpadding=\"2\">\n<tbody>\n<tr>\n<td width=\"322\"><span style=\"color: #282828;\"><strong>Lyftkapacitet:<\/strong><\/span><\/td>\n<td width=\"93\"><span style=\"color: #282828;\"><strong>65 kg<\/strong><\/span><\/td>\n<\/tr>\n<tr>\n<td bgcolor=\"#f1f1f1\" width=\"322\"><span style=\"color: #282828;\"><strong>Lyfth\u00f6jd:<\/strong><\/span><\/td>\n<td bgcolor=\"#f1f1f1\" width=\"93\"><span style=\"color: #282828;\"><strong>780 mm<\/strong><\/span><\/td>\n<\/tr>\n<tr>\n<td width=\"322\"><span style=\"color: #282828;\"><strong>Arbetstryck:<\/strong><\/span><\/td>\n<td width=\"93\"><span style=\"color: #282828;\"><strong>6 &#8211; 8 bar<\/strong><\/span><\/td>\n<\/tr>\n<tr>\n<td bgcolor=\"#f1f1f1\" width=\"322\"><span style=\"color: #282828;\"><strong>H\u00f6jd i nedf\u00e4llt l\u00e4ge:<\/strong><\/span><\/td>\n<td bgcolor=\"#f1f1f1\" width=\"93\"><span style=\"color: #282828;\"><strong>600 mm<\/strong><\/span><\/td>\n<\/tr>\n<tr>\n<td width=\"322\"><span style=\"color: #282828;\"><strong>Bredd:<\/strong><\/span><\/td>\n<td width=\"93\"><span style=\"color: #282828;\"><strong>670 mm<\/strong><\/span><\/td>\n<\/tr>\n<tr>\n<td bgcolor=\"#f1f1f1\" width=\"322\"><span style=\"color: #282828;\"><strong>L\u00e4ngd:<\/strong><\/span><\/td>\n<td bgcolor=\"#f1f1f1\" width=\"93\"><span style=\"color: #282828;\"><strong>640 mm<\/strong><\/span><\/td>\n<\/tr>\n<tr>\n<td width=\"322\"><span style=\"color: #282828;\"><strong>Vikt:<\/strong><\/span><\/td>\n<td width=\"93\"><span style=\"color: #282828;\"><strong>52 kg<\/strong><\/span><\/td>\n<\/tr>\n<tr>\n<td bgcolor=\"#f1f1f1\" width=\"322\"><span style=\"color: #282828;\"><strong>Garanti:<\/strong><\/span><\/td>\n<td bgcolor=\"#f1f1f1\" width=\"93\"><span style=\"color: #282828;\"><strong>12 m\u00e5nader<\/strong><\/span><\/td>\n<\/tr>\n<\/tbody>\n<\/table>\n","protected":false},"excerpt":{"rendered":"<p>Pneumatisk d\u00e4cklyft som fungerar till alla d\u00e4ckmaskiner.<\/p>\n<p>Snabb och l\u00e4ttanv\u00e4nd med fotpedal.<\/p>\n<p>D\u00e4cklyften lyfter upp d\u00e4cket till v\u00e5gr\u00e4tt l\u00e4ge p\u00e5 ett par sekunder, d\u00e4cket g\u00e5r l\u00e4tt att flytta mellan d\u00e4cklyft och d\u00e4ckmaskin p\u00e5 20 st rullar.<\/p>\n<ul>\n<li>Lyfth\u00f6jd 780 mm<\/li>\n<li>Arbetstryck 6 &#8211; 8 bar<\/li>\n<li>Max hjulvikt 65 kg<\/li>\n<\/ul>\n<p>&nbsp;<\/p>\n<p>&nbsp;<\/p>\n","protected":false},"featured_media":14687,"template":"","meta":{"_acf_changed":false,"_seopress_robots_primary_cat":"none","_seopress_titles_title":"","_seopress_titles_desc":"","_seopress_robots_index":""},"product_cat":[18,186,591,593,160],"product_tag":[],"class_list":{"0":"post-14686","1":"product","2":"type-product","3":"status-publish","4":"has-post-thumbnail","6":"product_cat-dackarbete","7":"product_cat-dackmaskiner","8":"product_cat-dackmonteringsmaskiner","9":"product_cat-tillbehor-och-reservdelar","10":"product_cat-tillbehor-verktyg","11":"product_shipping_class-w-220-230","13":"first","14":"instock","15":"sale","16":"taxable","17":"shipping-taxable","18":"purchasable","19":"product-type-simple","swatches":"rey-swatches","show_selected":""},"acf":[],"_links":{"self":[{"href":"https:\/\/toolhouse.fi\/sv\/wp-json\/wp\/v2\/product\/14686","targetHints":{"allow":["GET"]}}],"collection":[{"href":"https:\/\/toolhouse.fi\/sv\/wp-json\/wp\/v2\/product"}],"about":[{"href":"https:\/\/toolhouse.fi\/sv\/wp-json\/wp\/v2\/types\/product"}],"version-history":[{"count":1,"href":"https:\/\/toolhouse.fi\/sv\/wp-json\/wp\/v2\/product\/14686\/revisions"}],"predecessor-version":[{"id":18361,"href":"https:\/\/toolhouse.fi\/sv\/wp-json\/wp\/v2\/product\/14686\/revisions\/18361"}],"wp:featuredmedia":[{"embeddable":true,"href":"https:\/\/toolhouse.fi\/sv\/wp-json\/wp\/v2\/media\/14687"}],"wp:attachment":[{"href":"https:\/\/toolhouse.fi\/sv\/wp-json\/wp\/v2\/media?parent=14686"}],"wp:term":[{"taxonomy":"product_cat","embeddable":true,"href":"https:\/\/toolhouse.fi\/sv\/wp-json\/wp\/v2\/product_cat?post=14686"},{"taxonomy":"product_tag","embeddable":true,"href":"https:\/\/toolhouse.fi\/sv\/wp-json\/wp\/v2\/product_tag?post=14686"}],"curies":[{"name":"wp","href":"https:\/\/api.w.org\/{rel}","templated":true}]}}