{"id":14712,"date":"2023-11-08T12:00:02","date_gmt":"2023-11-08T10:00:02","guid":{"rendered":"https:\/\/toolhouse.fi\/?post_type=product&#038;p=14712"},"modified":"2025-02-12T16:13:48","modified_gmt":"2025-02-12T14:13:48","slug":"mk56-dackmaskin-for-tunga-fordon-14-56","status":"publish","type":"product","link":"https:\/\/toolhouse.fi\/sv\/produkt\/mk56-dackmaskin-for-tunga-fordon-14-56\/","title":{"rendered":"Mk-5600 d\u00e4ckmaskin f\u00f6r tunga fordon 14 &#8221;- 56&#8221;"},"content":{"rendered":"<div class=\"n58676 col-md-8 col-sm-12\">\n<div id=\"tabs_58676\">\n<div id=\"suggestproduct_58676\" class=\"\"><\/div>\n<\/div>\n<\/div>\n<div class=\"clearBoth\"><\/div>\n<div id=\"component_projector_dictionary\" class=\"component_projector_dictionary col-md-8 col-sm-12\">\n<div class=\"n56173_main\">\n<div class=\"n56173_sub\">\n<table class=\"n54117_dictionary\">\n<tbody>\n<tr>\n<td class=\"n54117_item_a1\">Max d\u00e4ckbredd<span class=\"n67256colon\">:<\/span><\/td>\n<td class=\"n54117_item_b1\">\n<div class=\"n54117_item_b_sub\">1065 mm<\/div>\n<\/td>\n<\/tr>\n<tr>\n<td class=\"n54117_item_a2\">Max d\u00e4ck diameter <span class=\"n67256colon\">:<\/span><\/td>\n<td class=\"n54117_item_b2\">\n<div class=\"n54117_item_b_sub\">2300 mm<\/div>\n<\/td>\n<\/tr>\n<tr>\n<td class=\"n54117_item_a1\">Max hjulvikt<span class=\"n67256colon\">:<\/span><\/td>\n<td class=\"n54117_item_b1\">\n<div class=\"n54117_item_b_sub\">1500 kg<\/div>\n<\/td>\n<\/tr>\n<tr>\n<td class=\"n54117_item_a2\">F\u00e4lgdiameter inv\u00e4ndig<span class=\"n67256colon\">:<\/span><\/td>\n<td class=\"n54117_item_b2\">\n<div class=\"n54117_item_b_sub\">14 &#8221;- 56&#8221;<\/div>\n<\/td>\n<\/tr>\n<tr>\n<td class=\"n54117_item_a1\">Rotationsmotor effekt<span class=\"n67256colon\">:<\/span><\/td>\n<td class=\"n54117_item_b1\">\n<div class=\"n54117_item_b_sub\">2,2 kW<\/div>\n<\/td>\n<\/tr>\n<tr>\n<td class=\"n54117_item_a2\">Hydraulpump motoreffekt:<\/td>\n<td class=\"n54117_item_b2\">2,2kW<\/td>\n<\/tr>\n<tr>\n<td class=\"n54117_item_a1\">Kl\u00e4mkraft<span class=\"n67256colon\">:<\/span><\/td>\n<td class=\"n54117_item_b1\">\n<div class=\"n54117_item_b_sub\">kg<\/div>\n<\/td>\n<\/tr>\n<tr>\n<td class=\"n54117_item_a2\">Sp\u00e4nning:<\/p>\n<p>Man\u00f6versp\u00e4nning:<\/td>\n<td class=\"n54117_item_b2\">\n<div class=\"n54117_item_b_sub\">400V<\/div>\n<div><\/div>\n<div>24V<\/div>\n<\/td>\n<\/tr>\n<tr>\n<td class=\"n54117_item_a1\">Dimensioner (H x D x B)<span class=\"n67256colon\">:<\/span><\/td>\n<td class=\"n54117_item_b1\">\n<div class=\"n54117_item_b_sub\">100 x 220 x 230 cm<\/div>\n<\/td>\n<\/tr>\n<tr>\n<td class=\"n54117_item_a2\">Ljudniv\u00e5<span class=\"n67256colon\">:<\/span><\/td>\n<td class=\"n54117_item_b2\">\n<div class=\"n54117_item_b_sub\">&lt;70 dBA<\/div>\n<\/td>\n<\/tr>\n<tr>\n<td class=\"n54117_item_a1\">Applikation<span class=\"n67256colon\">:<\/span><\/td>\n<td class=\"n54117_item_b1\">\n<div class=\"n54117_item_b_sub\">lastbil,buss,jordbruk,industri,entreprenad<\/div>\n<\/td>\n<\/tr>\n<tr>\n<td class=\"n54117_item_a2\">Garanti:<\/td>\n<td class=\"n54117_item_b2\">12 m\u00e5nader<\/td>\n<\/tr>\n<tr>\n<td class=\"n54117_item_a1\">Vikt:<\/td>\n<td class=\"n54117_item_b1\">\n<div class=\"n54117_item_b_sub\">800 kg<\/div>\n<\/td>\n<\/tr>\n<tr>\n<td class=\"n54117_item_a2\">Ce-m\u00e4rkt<span class=\"n67256colon\">:<\/span><\/td>\n<td class=\"n54117_item_b2\">\n<div class=\"n54117_item_b_sub\">ja<\/div>\n<\/td>\n<\/tr>\n<\/tbody>\n<\/table>\n<\/div>\n<\/div>\n<\/div>\n<div class=\"projector_tags_wrapper col-md-8 col-sm-12\"><\/div>\n","protected":false},"excerpt":{"rendered":"<p>MK-5600 d\u00e4ckmaskin l\u00e4mplig f\u00f6r lastbil, entreprenad och jordbruksd\u00e4ck.<\/p>\n<ul>\n<li>Klarar d\u00e4ck p\u00e5 1500kg och 2300mm i diameter.<\/li>\n<li>F\u00e4lgstorlek 14 &#8221;-56&#8221;<\/li>\n<li>Flyttbar kontrollenhet<\/li>\n<li>Roterbart monteringshuvud<\/li>\n<li>F\u00e4lgl\u00e5s samt d\u00e4ckj\u00e4rn 60 och 100 cm medf\u00f6ljer<\/li>\n<li>F\u00e4rg: r\u00f6d<\/li>\n<\/ul>\n","protected":false},"featured_media":14722,"template":"","meta":{"_acf_changed":false,"_seopress_robots_primary_cat":"none","_seopress_titles_title":"","_seopress_titles_desc":"","_seopress_robots_index":""},"product_cat":[18,186,592],"product_tag":[],"class_list":{"0":"post-14712","1":"product","2":"type-product","3":"status-publish","4":"has-post-thumbnail","6":"product_cat-dackarbete","7":"product_cat-dackmaskiner","8":"product_cat-dackmaskiner-tunga-fordon","9":"product_shipping_class-frakt290e","11":"first","12":"instock","13":"taxable","14":"shipping-taxable","15":"purchasable","16":"product-type-simple","swatches":"rey-swatches","show_selected":""},"acf":[],"_links":{"self":[{"href":"https:\/\/toolhouse.fi\/sv\/wp-json\/wp\/v2\/product\/14712","targetHints":{"allow":["GET"]}}],"collection":[{"href":"https:\/\/toolhouse.fi\/sv\/wp-json\/wp\/v2\/product"}],"about":[{"href":"https:\/\/toolhouse.fi\/sv\/wp-json\/wp\/v2\/types\/product"}],"version-history":[{"count":1,"href":"https:\/\/toolhouse.fi\/sv\/wp-json\/wp\/v2\/product\/14712\/revisions"}],"predecessor-version":[{"id":18360,"href":"https:\/\/toolhouse.fi\/sv\/wp-json\/wp\/v2\/product\/14712\/revisions\/18360"}],"wp:featuredmedia":[{"embeddable":true,"href":"https:\/\/toolhouse.fi\/sv\/wp-json\/wp\/v2\/media\/14722"}],"wp:attachment":[{"href":"https:\/\/toolhouse.fi\/sv\/wp-json\/wp\/v2\/media?parent=14712"}],"wp:term":[{"taxonomy":"product_cat","embeddable":true,"href":"https:\/\/toolhouse.fi\/sv\/wp-json\/wp\/v2\/product_cat?post=14712"},{"taxonomy":"product_tag","embeddable":true,"href":"https:\/\/toolhouse.fi\/sv\/wp-json\/wp\/v2\/product_tag?post=14712"}],"curies":[{"name":"wp","href":"https:\/\/api.w.org\/{rel}","templated":true}]}}