{"id":14767,"date":"2023-11-14T19:24:14","date_gmt":"2023-11-14T17:24:14","guid":{"rendered":"https:\/\/toolhouse.fi\/?post_type=product&#038;p=14767"},"modified":"2025-05-24T17:46:22","modified_gmt":"2025-05-24T14:46:22","slug":"adapter-for-svetstrad-15-18kg","status":"publish","type":"product","link":"https:\/\/toolhouse.fi\/sv\/produkt\/adapter-for-svetstrad-15-18kg\/","title":{"rendered":"Adapter f\u00f6r svetstr\u00e5d 15-18kg"},"content":{"rendered":"","protected":false},"excerpt":{"rendered":"<p>Adapter till 15 och 18kg tr\u00e5drullar med stort centrum.<\/p>\n","protected":false},"featured_media":14768,"template":"","meta":{"_acf_changed":false,"_seopress_robots_primary_cat":"","_seopress_titles_title":"","_seopress_titles_desc":"","_seopress_robots_index":""},"product_cat":[332,597,55],"product_tag":[],"class_list":{"0":"post-14767","1":"product","2":"type-product","3":"status-publish","4":"has-post-thumbnail","6":"product_cat-mig-svets","7":"product_cat-mig-tillbehor","8":"product_cat-svets-metallarbete","9":"product_shipping_class-frakt-75","11":"first","12":"instock","13":"taxable","14":"shipping-taxable","15":"purchasable","16":"product-type-simple","swatches":"rey-swatches","show_selected":""},"acf":[],"_links":{"self":[{"href":"https:\/\/toolhouse.fi\/sv\/wp-json\/wp\/v2\/product\/14767","targetHints":{"allow":["GET"]}}],"collection":[{"href":"https:\/\/toolhouse.fi\/sv\/wp-json\/wp\/v2\/product"}],"about":[{"href":"https:\/\/toolhouse.fi\/sv\/wp-json\/wp\/v2\/types\/product"}],"version-history":[{"count":1,"href":"https:\/\/toolhouse.fi\/sv\/wp-json\/wp\/v2\/product\/14767\/revisions"}],"predecessor-version":[{"id":18358,"href":"https:\/\/toolhouse.fi\/sv\/wp-json\/wp\/v2\/product\/14767\/revisions\/18358"}],"wp:featuredmedia":[{"embeddable":true,"href":"https:\/\/toolhouse.fi\/sv\/wp-json\/wp\/v2\/media\/14768"}],"wp:attachment":[{"href":"https:\/\/toolhouse.fi\/sv\/wp-json\/wp\/v2\/media?parent=14767"}],"wp:term":[{"taxonomy":"product_cat","embeddable":true,"href":"https:\/\/toolhouse.fi\/sv\/wp-json\/wp\/v2\/product_cat?post=14767"},{"taxonomy":"product_tag","embeddable":true,"href":"https:\/\/toolhouse.fi\/sv\/wp-json\/wp\/v2\/product_tag?post=14767"}],"curies":[{"name":"wp","href":"https:\/\/api.w.org\/{rel}","templated":true}]}}