{"id":14806,"date":"2023-11-18T19:31:26","date_gmt":"2023-11-18T17:31:26","guid":{"rendered":"https:\/\/toolhouse.fi\/?post_type=product&#038;p=14806"},"modified":"2024-12-13T14:44:09","modified_gmt":"2024-12-13T12:44:09","slug":"hydraulisk-avdragare-10t","status":"publish","type":"product","link":"https:\/\/toolhouse.fi\/sv\/produkt\/hydraulisk-avdragare-10t\/","title":{"rendered":"Hydraulisk avdragare 10T"},"content":{"rendered":"","protected":false},"excerpt":{"rendered":"<p>Rej\u00e4l hydraulisk avdragare med 10 tons kraft.<\/p>\n<ul>\n<li>G\u00e5r att anv\u00e4nda med tv\u00e5 eller tre klor.<\/li>\n<li>Dragkraft 100kN (10T)<\/li>\n<li>\u00d6ppnar 60 &#8211; 250 mm<\/li>\n<li>R\u00e4ckvidd 160 mm<\/li>\n<li>slagl\u00e4ngd 60 mm<\/li>\n<li>360\u00b0 roterbart pumphandtag<\/li>\n<li>Vikt 10,2 kg<\/li>\n<\/ul>\n<p>&nbsp;<\/p>\n<p>&nbsp;<\/p>\n","protected":false},"featured_media":14809,"template":"","meta":{"_acf_changed":false,"_seopress_robots_primary_cat":"none","_seopress_titles_title":"","_seopress_titles_desc":"","_seopress_robots_index":""},"product_cat":[588,336,21],"product_tag":[],"class_list":{"0":"post-14806","1":"product","2":"type-product","3":"status-publish","4":"has-post-thumbnail","6":"product_cat-avdragare","7":"product_cat-verktyg","8":"product_cat-verkstadsutrustning","9":"product_shipping_class-tillbehor-790","11":"first","12":"instock","13":"taxable","14":"shipping-taxable","15":"purchasable","16":"product-type-simple","swatches":"rey-swatches","show_selected":""},"acf":[],"_links":{"self":[{"href":"https:\/\/toolhouse.fi\/sv\/wp-json\/wp\/v2\/product\/14806","targetHints":{"allow":["GET"]}}],"collection":[{"href":"https:\/\/toolhouse.fi\/sv\/wp-json\/wp\/v2\/product"}],"about":[{"href":"https:\/\/toolhouse.fi\/sv\/wp-json\/wp\/v2\/types\/product"}],"version-history":[{"count":1,"href":"https:\/\/toolhouse.fi\/sv\/wp-json\/wp\/v2\/product\/14806\/revisions"}],"predecessor-version":[{"id":18356,"href":"https:\/\/toolhouse.fi\/sv\/wp-json\/wp\/v2\/product\/14806\/revisions\/18356"}],"wp:featuredmedia":[{"embeddable":true,"href":"https:\/\/toolhouse.fi\/sv\/wp-json\/wp\/v2\/media\/14809"}],"wp:attachment":[{"href":"https:\/\/toolhouse.fi\/sv\/wp-json\/wp\/v2\/media?parent=14806"}],"wp:term":[{"taxonomy":"product_cat","embeddable":true,"href":"https:\/\/toolhouse.fi\/sv\/wp-json\/wp\/v2\/product_cat?post=14806"},{"taxonomy":"product_tag","embeddable":true,"href":"https:\/\/toolhouse.fi\/sv\/wp-json\/wp\/v2\/product_tag?post=14806"}],"curies":[{"name":"wp","href":"https:\/\/api.w.org\/{rel}","templated":true}]}}