{"id":14857,"date":"2023-11-19T17:53:57","date_gmt":"2023-11-19T15:53:57","guid":{"rendered":"https:\/\/toolhouse.fi\/?post_type=product&#038;p=14857"},"modified":"2026-01-24T20:41:50","modified_gmt":"2026-01-24T18:41:50","slug":"platsaxserie-vanster-hoger-rak","status":"publish","type":"product","link":"https:\/\/toolhouse.fi\/sv\/produkt\/platsaxserie-vanster-hoger-rak\/","title":{"rendered":"Pl\u00e5tsaxserie v\u00e4nster\/h\u00f6ger\/rak"},"content":{"rendered":"","protected":false},"excerpt":{"rendered":"<h3>Pl\u00e5tsaxserie i tre delar.<\/h3>\n<p><strong>Inneh\u00e5ller:<\/strong><\/p>\n<ul>\n<li>V\u00e4nster<\/li>\n<li>H\u00f6ger<\/li>\n<li>Rak<\/li>\n<\/ul>\n<p>&nbsp;<\/p>\n<ul>\n<li>L\u00e4ngd 250 mm \/ 10&#8243;.<\/li>\n<li>Vikt 0,35kg\/st<\/li>\n<li>St\u00e5lpl\u00e5t max 1,2mm<\/li>\n<li>Rostfri pl\u00e5t max 0,8mm<\/li>\n<li>Tandade sk\u00e4r f\u00f6r b\u00e4ttre prestanda.<\/li>\n<li>Ergonomiska handtag.<\/li>\n<\/ul>\n<p>&nbsp;<\/p>\n","protected":false},"featured_media":14866,"template":"","meta":{"_acf_changed":false,"_seopress_robots_primary_cat":"","_seopress_titles_title":"","_seopress_titles_desc":"","_seopress_robots_index":""},"product_cat":[578,615,336,21],"product_tag":[],"class_list":{"0":"post-14857","1":"product","2":"type-product","3":"status-publish","4":"has-post-thumbnail","6":"product_cat-handverktyg","7":"product_cat-svetstillbehor","8":"product_cat-verktyg","9":"product_cat-verkstadsutrustning","10":"product_shipping_class-tillbehor-790","12":"first","13":"instock","14":"taxable","15":"shipping-taxable","16":"purchasable","17":"product-type-simple","swatches":"rey-swatches","show_selected":""},"acf":[],"_links":{"self":[{"href":"https:\/\/toolhouse.fi\/sv\/wp-json\/wp\/v2\/product\/14857","targetHints":{"allow":["GET"]}}],"collection":[{"href":"https:\/\/toolhouse.fi\/sv\/wp-json\/wp\/v2\/product"}],"about":[{"href":"https:\/\/toolhouse.fi\/sv\/wp-json\/wp\/v2\/types\/product"}],"version-history":[{"count":1,"href":"https:\/\/toolhouse.fi\/sv\/wp-json\/wp\/v2\/product\/14857\/revisions"}],"predecessor-version":[{"id":18353,"href":"https:\/\/toolhouse.fi\/sv\/wp-json\/wp\/v2\/product\/14857\/revisions\/18353"}],"wp:featuredmedia":[{"embeddable":true,"href":"https:\/\/toolhouse.fi\/sv\/wp-json\/wp\/v2\/media\/14866"}],"wp:attachment":[{"href":"https:\/\/toolhouse.fi\/sv\/wp-json\/wp\/v2\/media?parent=14857"}],"wp:term":[{"taxonomy":"product_cat","embeddable":true,"href":"https:\/\/toolhouse.fi\/sv\/wp-json\/wp\/v2\/product_cat?post=14857"},{"taxonomy":"product_tag","embeddable":true,"href":"https:\/\/toolhouse.fi\/sv\/wp-json\/wp\/v2\/product_tag?post=14857"}],"curies":[{"name":"wp","href":"https:\/\/api.w.org\/{rel}","templated":true}]}}