{"id":14910,"date":"2023-11-21T13:56:20","date_gmt":"2023-11-21T11:56:20","guid":{"rendered":"https:\/\/toolhouse.fi\/?post_type=product&#038;p=14910"},"modified":"2026-03-03T15:11:38","modified_gmt":"2026-03-03T13:11:38","slug":"verkstadskran-450kg-360","status":"publish","type":"product","link":"https:\/\/toolhouse.fi\/sv\/produkt\/verkstadskran-450kg-360\/","title":{"rendered":"Verkstadskran 450kg 360\u00b0"},"content":{"rendered":"","protected":false},"excerpt":{"rendered":"<p>Hydraulisk kran med vinch f\u00f6r olika lyftarbeten<\/p>\n<ul>\n<li>Lyftkapacitet max 450 kg<\/li>\n<li>Kan vridas 360\u00b0<\/li>\n<li>Maximal lyfth\u00f6jd 2000 mm.<\/li>\n<li>Bas med h\u00e5l f\u00f6r montering.<\/li>\n<li>Justerbar boml\u00e4ngd: 780 mm &#8211; 1300 mm<\/li>\n<li>Lyftkapacitet fr\u00e5n l\u00e4ngst till kortast boml\u00e4ngd: 225 kg \/ 270 kg \/ 320 kg \/ 450 kg<\/li>\n<li>Hopf\u00e4llbar<\/li>\n<li>CE-godk\u00e4nd<\/li>\n<li>Vikt 42 kg<\/li>\n<\/ul>\n<p>&nbsp;<\/p>\n","protected":false},"featured_media":14915,"template":"","meta":{"_acf_changed":false,"_seopress_robots_primary_cat":"none","_seopress_titles_title":"","_seopress_titles_desc":"","_seopress_robots_index":""},"product_cat":[20,459,281,21],"product_tag":[],"class_list":{"0":"post-14910","1":"product","2":"type-product","3":"status-publish","4":"has-post-thumbnail","6":"product_cat-lyftteknik","7":"product_cat-motorlyft","8":"product_cat-motorlyft-vaxelladslyft","9":"product_cat-verkstadsutrustning","10":"product_shipping_class-h-370","12":"first","13":"instock","14":"taxable","15":"shipping-taxable","16":"purchasable","17":"product-type-simple","swatches":"rey-swatches","show_selected":""},"acf":[],"_links":{"self":[{"href":"https:\/\/toolhouse.fi\/sv\/wp-json\/wp\/v2\/product\/14910","targetHints":{"allow":["GET"]}}],"collection":[{"href":"https:\/\/toolhouse.fi\/sv\/wp-json\/wp\/v2\/product"}],"about":[{"href":"https:\/\/toolhouse.fi\/sv\/wp-json\/wp\/v2\/types\/product"}],"version-history":[{"count":2,"href":"https:\/\/toolhouse.fi\/sv\/wp-json\/wp\/v2\/product\/14910\/revisions"}],"predecessor-version":[{"id":29061,"href":"https:\/\/toolhouse.fi\/sv\/wp-json\/wp\/v2\/product\/14910\/revisions\/29061"}],"wp:featuredmedia":[{"embeddable":true,"href":"https:\/\/toolhouse.fi\/sv\/wp-json\/wp\/v2\/media\/14915"}],"wp:attachment":[{"href":"https:\/\/toolhouse.fi\/sv\/wp-json\/wp\/v2\/media?parent=14910"}],"wp:term":[{"taxonomy":"product_cat","embeddable":true,"href":"https:\/\/toolhouse.fi\/sv\/wp-json\/wp\/v2\/product_cat?post=14910"},{"taxonomy":"product_tag","embeddable":true,"href":"https:\/\/toolhouse.fi\/sv\/wp-json\/wp\/v2\/product_tag?post=14910"}],"curies":[{"name":"wp","href":"https:\/\/api.w.org\/{rel}","templated":true}]}}