{"id":14939,"date":"2023-11-22T15:38:55","date_gmt":"2023-11-22T13:38:55","guid":{"rendered":"https:\/\/toolhouse.fi\/?post_type=product&#038;p=14939"},"modified":"2024-10-30T11:26:59","modified_gmt":"2024-10-30T09:26:59","slug":"motorlyft-lag-modell-1000kg","status":"publish","type":"product","link":"https:\/\/toolhouse.fi\/sv\/produkt\/motorlyft-lag-modell-1000kg\/","title":{"rendered":"Motorlyft l\u00e5gprofil 1000kg"},"content":{"rendered":"","protected":false},"excerpt":{"rendered":"<p>L\u00e5gprofil motorlyft (85 mm) som f\u00e5r plats \u00e4ven under riktigt l\u00e5ga bilar.<\/p>\n<p>Stabil lyft med h\u00f6g byggkvalitet, lyfter 1000kg och kan f\u00f6rvaras hopvikt f\u00f6r att spara utrymme.<\/p>\n<p><img alt=\"\" fetchpriority=\"high\" decoding=\"async\" class=\" wp-image-16017 alignright\" src=\"http:\/\/toolhouse.fi\/wp-content\/uploads\/2023\/11\/Moottorinostin-1000kg-matala-3.jpg\" alt=\"\" width=\"388\" height=\"388\" srcset=\"https:\/\/toolhouse.fi\/wp-content\/uploads\/2023\/11\/Moottorinostin-1000kg-matala-3.jpg 1000w, https:\/\/toolhouse.fi\/wp-content\/uploads\/2023\/11\/Moottorinostin-1000kg-matala-3-300x300.jpg 300w, https:\/\/toolhouse.fi\/wp-content\/uploads\/2023\/11\/Moottorinostin-1000kg-matala-3-100x100.jpg 100w, https:\/\/toolhouse.fi\/wp-content\/uploads\/2023\/11\/Moottorinostin-1000kg-matala-3-510x510.jpg 510w, https:\/\/toolhouse.fi\/wp-content\/uploads\/2023\/11\/Moottorinostin-1000kg-matala-3-150x150.jpg 150w, https:\/\/toolhouse.fi\/wp-content\/uploads\/2023\/11\/Moottorinostin-1000kg-matala-3-768x768.jpg 768w\" sizes=\"(max-width: 388px) 100vw, 388px\" \/><\/p>\n<ul>\n<li>Lyftkapacitet: 1000kg \/ 750kg \/ 500kg<\/li>\n<li>Teleskopbom l\u00e4ngd 105 till 129 cm<\/li>\n<li>Bash\u00f6jd: 8,5 cm<\/li>\n<li>Lyftkrok med l\u00e5s,\u00a0 tiltbar och roterbar<\/li>\n<li>Bredd mellan st\u00f6dben (inner \/ ytter): 84 \/ 100 cm<\/li>\n<li>St\u00f6dben l\u00e4ngd: 146 cm<\/li>\n<li>H\u00f6jd: 146 cm<\/li>\n<li>Vikt: 74 kg<\/li>\n<li>Maxh\u00f6jd: 220 cm<\/li>\n<li>CE-godk\u00e4nd<\/li>\n<li>Garanti 12 m\u00e5nader<\/li>\n<\/ul>\n","protected":false},"featured_media":14952,"template":"","meta":{"_acf_changed":false,"_seopress_robots_primary_cat":"","_seopress_titles_title":"","_seopress_titles_desc":"","_seopress_robots_index":""},"product_cat":[20,459,281],"product_tag":[547],"class_list":{"0":"post-14939","1":"product","2":"type-product","3":"status-publish","4":"has-post-thumbnail","6":"product_cat-lyftteknik","7":"product_cat-motorlyft","8":"product_cat-motorlyft-vaxelladslyft","9":"product_tag-1000-kg","10":"product_shipping_class-frakt53e","12":"first","13":"instock","14":"taxable","15":"shipping-taxable","16":"purchasable","17":"product-type-simple","swatches":"rey-swatches","show_selected":""},"acf":[],"_links":{"self":[{"href":"https:\/\/toolhouse.fi\/sv\/wp-json\/wp\/v2\/product\/14939","targetHints":{"allow":["GET"]}}],"collection":[{"href":"https:\/\/toolhouse.fi\/sv\/wp-json\/wp\/v2\/product"}],"about":[{"href":"https:\/\/toolhouse.fi\/sv\/wp-json\/wp\/v2\/types\/product"}],"version-history":[{"count":0,"href":"https:\/\/toolhouse.fi\/sv\/wp-json\/wp\/v2\/product\/14939\/revisions"}],"wp:featuredmedia":[{"embeddable":true,"href":"https:\/\/toolhouse.fi\/sv\/wp-json\/wp\/v2\/media\/14952"}],"wp:attachment":[{"href":"https:\/\/toolhouse.fi\/sv\/wp-json\/wp\/v2\/media?parent=14939"}],"wp:term":[{"taxonomy":"product_cat","embeddable":true,"href":"https:\/\/toolhouse.fi\/sv\/wp-json\/wp\/v2\/product_cat?post=14939"},{"taxonomy":"product_tag","embeddable":true,"href":"https:\/\/toolhouse.fi\/sv\/wp-json\/wp\/v2\/product_tag?post=14939"}],"curies":[{"name":"wp","href":"https:\/\/api.w.org\/{rel}","templated":true}]}}