{"id":14964,"date":"2023-11-23T15:51:56","date_gmt":"2023-11-23T13:51:56","guid":{"rendered":"https:\/\/toolhouse.fi\/?post_type=product&#038;p=14964"},"modified":"2026-01-23T16:01:11","modified_gmt":"2026-01-23T14:01:11","slug":"riktsats-20-ton","status":"publish","type":"product","link":"https:\/\/toolhouse.fi\/sv\/produkt\/riktsats-20-ton\/","title":{"rendered":"Riktsats 20 ton"},"content":{"rendered":"","protected":false},"excerpt":{"rendered":"<p>Rej\u00e4l karosseripress med 20 tons kraft.<\/p>\n<p>Pumpen kan anv\u00e4ndas b\u00e5de horisontellt och vertikalt.<\/p>\n<ul>\n<li>Hydraulpump 20 ton<\/li>\n<li>Hydraulcylinder 20 ton<\/li>\n<li>L\u00e4ngd p\u00e5 hydraulcylinder 330 &#8211; 460 mm<\/li>\n<li>Slagl\u00e4ngd 130 mm<\/li>\n<li>Flexibel hydraulsang<\/li>\n<li>4st f\u00f6rl\u00e4ngningsst\u00e4nger: 10 cm, 20 cm, 30 cm, 50 cm<\/li>\n<li>3st skarvdelar<\/li>\n<li>4st moth\u00e5ll<\/li>\n<li>Metall\u00e5da 71x30x15 cm<\/li>\n<li>Vikt 38 kg<\/li>\n<li>Ce-godk\u00e4nd<\/li>\n<li>Garanti 12 m\u00e5nader<\/li>\n<\/ul>\n","protected":false},"featured_media":14969,"template":"","meta":{"_acf_changed":false,"_seopress_robots_primary_cat":"none","_seopress_titles_title":"","_seopress_titles_desc":"","_seopress_robots_index":""},"product_cat":[338,137,463,21],"product_tag":[],"class_list":{"0":"post-14964","1":"product","2":"type-product","3":"status-publish","4":"has-post-thumbnail","6":"product_cat-fordonsverktyg","7":"product_cat-hydraulpressar","8":"product_cat-riktverktyg","9":"product_cat-verkstadsutrustning","10":"product_shipping_class-frakt-2990","12":"first","13":"instock","14":"taxable","15":"shipping-taxable","16":"purchasable","17":"product-type-simple","swatches":"rey-swatches","show_selected":""},"acf":[],"_links":{"self":[{"href":"https:\/\/toolhouse.fi\/sv\/wp-json\/wp\/v2\/product\/14964","targetHints":{"allow":["GET"]}}],"collection":[{"href":"https:\/\/toolhouse.fi\/sv\/wp-json\/wp\/v2\/product"}],"about":[{"href":"https:\/\/toolhouse.fi\/sv\/wp-json\/wp\/v2\/types\/product"}],"version-history":[{"count":2,"href":"https:\/\/toolhouse.fi\/sv\/wp-json\/wp\/v2\/product\/14964\/revisions"}],"predecessor-version":[{"id":30775,"href":"https:\/\/toolhouse.fi\/sv\/wp-json\/wp\/v2\/product\/14964\/revisions\/30775"}],"wp:featuredmedia":[{"embeddable":true,"href":"https:\/\/toolhouse.fi\/sv\/wp-json\/wp\/v2\/media\/14969"}],"wp:attachment":[{"href":"https:\/\/toolhouse.fi\/sv\/wp-json\/wp\/v2\/media?parent=14964"}],"wp:term":[{"taxonomy":"product_cat","embeddable":true,"href":"https:\/\/toolhouse.fi\/sv\/wp-json\/wp\/v2\/product_cat?post=14964"},{"taxonomy":"product_tag","embeddable":true,"href":"https:\/\/toolhouse.fi\/sv\/wp-json\/wp\/v2\/product_tag?post=14964"}],"curies":[{"name":"wp","href":"https:\/\/api.w.org\/{rel}","templated":true}]}}