{"id":15094,"date":"2023-11-28T16:46:01","date_gmt":"2023-11-28T14:46:01","guid":{"rendered":"https:\/\/toolhouse.fi\/?post_type=product&#038;p=15094"},"modified":"2025-05-14T22:29:49","modified_gmt":"2025-05-14T19:29:49","slug":"kolvringsverktyg-serie","status":"publish","type":"product","link":"https:\/\/toolhouse.fi\/sv\/produkt\/kolvringsverktyg-serie\/","title":{"rendered":"Kolvringsverktyg serie"},"content":{"rendered":"","protected":false},"excerpt":{"rendered":"<p>Omfattande verktygsserie f\u00f6r kolvringar 50 &#8211; 175mm,<\/p>\n<p>inneh\u00e5ller kolvringst\u00e5ng, sj\u00e4lvl\u00e5sande kolvringskompressorer och verktyg till reng\u00f6ring av kolvringssp\u00e5r.<\/p>\n<p>&nbsp;<\/p>\n<ul>\n<li>\n<p class=\"productitem__title--large\">Kolvringskompressor<span style=\"color: #333333; font-size: 14.4px;\">: l\u00e4ngd: 75mm, diameter 53 &#8211; 125mm<\/span><\/p>\n<\/li>\n<li>\n<p class=\"productitem__title--large\">Kolvringskompressor: l\u00e4ngd: 75mm, <span style=\"color: #333333; font-size: 14.4px;\">diameter <\/span> 90 &#8211; 175mm<\/p>\n<\/li>\n<li>Kolvringskompressor: l\u00e4ngd: 100mm, <span style=\"color: #333333; font-size: 14.4px;\">diameter <\/span> 90 &#8211; 175mm<\/li>\n<li>Kolvringst\u00e5ng 50 &#8211; 100mm<\/li>\n<li>Verktyg f\u00f6r reng\u00f6ring av kolvringssp\u00e5r: f\u00f6r diameter 51-127mm<\/li>\n<li>Blad till reng\u00f6ringsverktyg: 1\/16&#8243; &#8211; 3\/16&#8243;<\/li>\n<li>Blad till reng\u00f6ringsverktyg: 2.0mm &#8211; 4.5mm &amp; 1\/4&#8243;<\/li>\n<li>Blad till reng\u00f6ringsverktyg: 1.2mm &#8211; 5.5mm<\/li>\n<li>Ph mejsel<\/li>\n<li>F\u00f6rvaringsv\u00e4ska<\/li>\n<\/ul>\n","protected":false},"featured_media":15099,"template":"","meta":{"_acf_changed":false,"_seopress_robots_primary_cat":"","_seopress_titles_title":"","_seopress_titles_desc":"","_seopress_robots_index":""},"product_cat":[338,582,21],"product_tag":[],"class_list":{"0":"post-15094","1":"product","2":"type-product","3":"status-publish","4":"has-post-thumbnail","6":"product_cat-fordonsverktyg","7":"product_cat-motorverktyg","8":"product_cat-verkstadsutrustning","9":"product_shipping_class-tillbehor-790","11":"first","12":"instock","13":"taxable","14":"shipping-taxable","15":"purchasable","16":"product-type-simple","swatches":"rey-swatches","show_selected":""},"acf":[],"_links":{"self":[{"href":"https:\/\/toolhouse.fi\/sv\/wp-json\/wp\/v2\/product\/15094","targetHints":{"allow":["GET"]}}],"collection":[{"href":"https:\/\/toolhouse.fi\/sv\/wp-json\/wp\/v2\/product"}],"about":[{"href":"https:\/\/toolhouse.fi\/sv\/wp-json\/wp\/v2\/types\/product"}],"version-history":[{"count":1,"href":"https:\/\/toolhouse.fi\/sv\/wp-json\/wp\/v2\/product\/15094\/revisions"}],"predecessor-version":[{"id":18341,"href":"https:\/\/toolhouse.fi\/sv\/wp-json\/wp\/v2\/product\/15094\/revisions\/18341"}],"wp:featuredmedia":[{"embeddable":true,"href":"https:\/\/toolhouse.fi\/sv\/wp-json\/wp\/v2\/media\/15099"}],"wp:attachment":[{"href":"https:\/\/toolhouse.fi\/sv\/wp-json\/wp\/v2\/media?parent=15094"}],"wp:term":[{"taxonomy":"product_cat","embeddable":true,"href":"https:\/\/toolhouse.fi\/sv\/wp-json\/wp\/v2\/product_cat?post=15094"},{"taxonomy":"product_tag","embeddable":true,"href":"https:\/\/toolhouse.fi\/sv\/wp-json\/wp\/v2\/product_tag?post=15094"}],"curies":[{"name":"wp","href":"https:\/\/api.w.org\/{rel}","templated":true}]}}