{"id":15107,"date":"2023-11-29T17:01:43","date_gmt":"2023-11-29T15:01:43","guid":{"rendered":"https:\/\/toolhouse.fi\/?post_type=product&#038;p=15107"},"modified":"2025-09-19T15:19:20","modified_gmt":"2025-09-19T12:19:20","slug":"rengoringssats-for-hjulnav","status":"publish","type":"product","link":"https:\/\/toolhouse.fi\/sv\/produkt\/rengoringssats-for-hjulnav\/","title":{"rendered":"Reng\u00f6ringssats f\u00f6r hjulnav"},"content":{"rendered":"","protected":false},"excerpt":{"rendered":"<p>Reng\u00f6r effektivt hjulnav, bromsskivor och pinnbultar vid d\u00e4ckbyte eller byte av bromsskivor.<\/p>\n<ul>\n<li>Anv\u00e4nds med borrmaskin.<\/li>\n<li>Adapter samt 6 st rondeller ing\u00e5r.<\/li>\n<\/ul>\n","protected":false},"featured_media":15110,"template":"","meta":{"_acf_changed":false,"_seopress_robots_primary_cat":"none","_seopress_titles_title":"","_seopress_titles_desc":"","_seopress_robots_index":""},"product_cat":[338,160,585,21],"product_tag":[],"class_list":{"0":"post-15107","1":"product","2":"type-product","3":"status-publish","4":"has-post-thumbnail","6":"product_cat-fordonsverktyg","7":"product_cat-tillbehor-verktyg","8":"product_cat-verktyg-for-underrede-och-transmission","9":"product_cat-verkstadsutrustning","10":"product_shipping_class-tillbehor-790","12":"first","13":"instock","14":"taxable","15":"shipping-taxable","16":"purchasable","17":"product-type-simple","swatches":"rey-swatches","show_selected":""},"acf":[],"_links":{"self":[{"href":"https:\/\/toolhouse.fi\/sv\/wp-json\/wp\/v2\/product\/15107","targetHints":{"allow":["GET"]}}],"collection":[{"href":"https:\/\/toolhouse.fi\/sv\/wp-json\/wp\/v2\/product"}],"about":[{"href":"https:\/\/toolhouse.fi\/sv\/wp-json\/wp\/v2\/types\/product"}],"version-history":[{"count":1,"href":"https:\/\/toolhouse.fi\/sv\/wp-json\/wp\/v2\/product\/15107\/revisions"}],"predecessor-version":[{"id":18340,"href":"https:\/\/toolhouse.fi\/sv\/wp-json\/wp\/v2\/product\/15107\/revisions\/18340"}],"wp:featuredmedia":[{"embeddable":true,"href":"https:\/\/toolhouse.fi\/sv\/wp-json\/wp\/v2\/media\/15110"}],"wp:attachment":[{"href":"https:\/\/toolhouse.fi\/sv\/wp-json\/wp\/v2\/media?parent=15107"}],"wp:term":[{"taxonomy":"product_cat","embeddable":true,"href":"https:\/\/toolhouse.fi\/sv\/wp-json\/wp\/v2\/product_cat?post=15107"},{"taxonomy":"product_tag","embeddable":true,"href":"https:\/\/toolhouse.fi\/sv\/wp-json\/wp\/v2\/product_tag?post=15107"}],"curies":[{"name":"wp","href":"https:\/\/api.w.org\/{rel}","templated":true}]}}