{"id":15117,"date":"2023-11-29T17:32:54","date_gmt":"2023-11-29T15:32:54","guid":{"rendered":"https:\/\/toolhouse.fi\/?post_type=product&#038;p=15117"},"modified":"2026-04-30T13:24:16","modified_gmt":"2026-04-30T10:24:16","slug":"lackagetest-for-topplockspackning","status":"publish","type":"product","link":"https:\/\/toolhouse.fi\/sv\/produkt\/lackagetest-for-topplockspackning\/","title":{"rendered":"L\u00e4ckagetest f\u00f6r topplockspackning"},"content":{"rendered":"","protected":false},"excerpt":{"rendered":"<p>L\u00e4ckagetestare f\u00f6r topplockspackning med CO2-m\u00e4tning i kylsystemet. Testaren \u00e4r utformad f\u00f6r att eliminera misstanken om skador p\u00e5 topplockspackningen och sj\u00e4lva toppen i bensin-, diesel- och v\u00e4tskekylda gasolfordon. Reaktionsv\u00e4tskan blir gul eller gr\u00f6n n\u00e4r t\u00e4tningen l\u00e4cker och CO2 kommer in i kylsystemet.<\/p>\n<p>Funktionsprincipen f\u00f6r enheten \u00e4r baserad p\u00e5 m\u00e4tning av CO2-koncentration &#8211; i fallet med en \u00f6kad koncentration reagerar reaktionsv\u00e4tskan med CO2 och \u00e4ndrar f\u00e4rg.<\/p>\n<p><strong>Inneh\u00e5ller:<\/strong><\/p>\n<ul>\n<li>50 ml CO2-reaktionsv\u00e4tska (tillr\u00e4ckligt f\u00f6r 25 tester)<\/li>\n<li>Konisk universaladapter 25mm-55mm<\/li>\n<li>M\u00e4tr\u00f6r<\/li>\n<\/ul>\n<p><strong>Testinstruktioner:<\/strong><\/p>\n<ul>\n<li>Fyll instrumentet med reaktionsv\u00e4tska till niv\u00e5n mellan kamrarna (cirka 2 ml).<\/li>\n<li>Anslut testaren till \u00f6ppningen p\u00e5 expansionsk\u00e4rlet eller kylaren.<\/li>\n<li id=\"RTSF09H\">Starta motorn, k\u00f6r den p\u00e5 h\u00f6gt varv f\u00f6r att f\u00e5 h\u00f6gre f\u00f6rbr\u00e4nningstryck.<\/li>\n<li>L\u00e5t motorn g\u00e5 n\u00e5got med f\u00f6rh\u00f6jd tomg\u00e5ng och observera reaktionsv\u00e4tskans beteende<\/li>\n<li>En f\u00f6r\u00e4ndring av f\u00e4rgen p\u00e5 reaktionsv\u00e4tskan till gul eller gr\u00f6n inom n\u00e5gra minuter efter testet indikerar en skadad topplockspackning eller skada p\u00e5 sj\u00e4lva topplocket.<\/li>\n<li>Efter att ha slutf\u00f6rt testerna, ta f\u00f6rsiktigt is\u00e4r instrumentet.<\/li>\n<\/ul>\n<p><strong>Testresultat:<\/strong><\/p>\n<ul>\n<li>F\u00e4rgf\u00f6r\u00e4ndring fr\u00e5n bl\u00e5tt till gr\u00f6nt i en dieselmotor &#8211; indikerar skador p\u00e5 topplockspackningen eller sj\u00e4lva toppen.<\/li>\n<li>F\u00e4rgf\u00f6r\u00e4ndring fr\u00e5n bl\u00e5tt till gult i en bensin-\/gasolmotor &#8211; indikerar skador p\u00e5 topplockspackningen eller sj\u00e4lva toppen.<\/li>\n<li>Bl\u00e5 reaktionsv\u00e4tska &#8211; Ingen CO2 uppt\u00e4ckt i systemet.<\/li>\n<\/ul>\n<p><strong>S\u00e4kerhetsinformation:<\/strong><\/p>\n<ul>\n<li>Vid utf\u00f6rande av test p\u00e5 kylarbeh\u00e5llaren \u00e4r det obligatoriskt att iaktta extra f\u00f6rsiktighet n\u00e4r man skruvar av locket p\u00e5 en varm motor och under sj\u00e4lva testet &#8211; risk f\u00f6r br\u00e4nnskador!<\/li>\n<li>Blanda inte kylv\u00e4tskan med reaktionsv\u00e4tskan under testet &#8211; Testet kan d\u00e5 visas felaktigt!<\/li>\n<li>F\u00f6rvaras utom r\u00e4ckh\u00e5ll f\u00f6r barn, tv\u00e4tta h\u00e4nderna noggrant efter testet!<\/li>\n<\/ul>\n","protected":false},"featured_media":15121,"template":"","meta":{"_acf_changed":false,"_seopress_robots_primary_cat":"none","_seopress_titles_title":"","_seopress_titles_desc":"","_seopress_robots_index":""},"product_cat":[338,582,21],"product_tag":[],"class_list":{"0":"post-15117","1":"product","2":"type-product","3":"status-publish","4":"has-post-thumbnail","6":"product_cat-fordonsverktyg","7":"product_cat-motorverktyg","8":"product_cat-verkstadsutrustning","10":"first","11":"instock","12":"taxable","13":"shipping-taxable","14":"purchasable","15":"product-type-simple","swatches":"rey-swatches","show_selected":""},"acf":[],"_links":{"self":[{"href":"https:\/\/toolhouse.fi\/sv\/wp-json\/wp\/v2\/product\/15117","targetHints":{"allow":["GET"]}}],"collection":[{"href":"https:\/\/toolhouse.fi\/sv\/wp-json\/wp\/v2\/product"}],"about":[{"href":"https:\/\/toolhouse.fi\/sv\/wp-json\/wp\/v2\/types\/product"}],"version-history":[{"count":2,"href":"https:\/\/toolhouse.fi\/sv\/wp-json\/wp\/v2\/product\/15117\/revisions"}],"predecessor-version":[{"id":24865,"href":"https:\/\/toolhouse.fi\/sv\/wp-json\/wp\/v2\/product\/15117\/revisions\/24865"}],"wp:featuredmedia":[{"embeddable":true,"href":"https:\/\/toolhouse.fi\/sv\/wp-json\/wp\/v2\/media\/15121"}],"wp:attachment":[{"href":"https:\/\/toolhouse.fi\/sv\/wp-json\/wp\/v2\/media?parent=15117"}],"wp:term":[{"taxonomy":"product_cat","embeddable":true,"href":"https:\/\/toolhouse.fi\/sv\/wp-json\/wp\/v2\/product_cat?post=15117"},{"taxonomy":"product_tag","embeddable":true,"href":"https:\/\/toolhouse.fi\/sv\/wp-json\/wp\/v2\/product_tag?post=15117"}],"curies":[{"name":"wp","href":"https:\/\/api.w.org\/{rel}","templated":true}]}}