{"id":15151,"date":"2023-11-30T16:49:36","date_gmt":"2023-11-30T14:49:36","guid":{"rendered":"https:\/\/toolhouse.fi\/?post_type=product&#038;p=15151"},"modified":"2026-01-13T10:48:34","modified_gmt":"2026-01-13T08:48:34","slug":"expandrar-for-avgasror","status":"publish","type":"product","link":"https:\/\/toolhouse.fi\/sv\/produkt\/expandrar-for-avgasror\/","title":{"rendered":"Expandrar f\u00f6r avgasr\u00f6r"},"content":{"rendered":"","protected":false},"excerpt":{"rendered":"<p>Expandrar f\u00f6r utvidgning av tunnv\u00e4ggiga r\u00f6r.<\/p>\n<p>Idealiska till att pressa ut bulor och reparera deformerade r\u00f6r.<\/p>\n<p>Vid f\u00f6rstoring av raka r\u00f6r rekommenderas uppv\u00e4rmning av r\u00f6ret.<\/p>\n<p>&nbsp;<\/p>\n<p><strong>Inneh\u00e5ller 3 st expandrar:<\/strong><\/p>\n<ul>\n<li>29-45 mm<\/li>\n<li>38-64 mm<\/li>\n<li>54-89 mm<\/li>\n<\/ul>\n","protected":false},"featured_media":15156,"template":"","meta":{"_acf_changed":false,"_seopress_robots_primary_cat":"none","_seopress_titles_title":"","_seopress_titles_desc":"","_seopress_robots_index":""},"product_cat":[338,578,349,336,585,21],"product_tag":[],"class_list":{"0":"post-15151","1":"product","2":"type-product","3":"status-publish","4":"has-post-thumbnail","6":"product_cat-fordonsverktyg","7":"product_cat-handverktyg","8":"product_cat-ovrigt","9":"product_cat-verktyg","10":"product_cat-verktyg-for-underrede-och-transmission","11":"product_cat-verkstadsutrustning","12":"product_shipping_class-tillbehor-790","14":"first","15":"instock","16":"taxable","17":"shipping-taxable","18":"purchasable","19":"product-type-simple","swatches":"rey-swatches","show_selected":""},"acf":[],"_links":{"self":[{"href":"https:\/\/toolhouse.fi\/sv\/wp-json\/wp\/v2\/product\/15151","targetHints":{"allow":["GET"]}}],"collection":[{"href":"https:\/\/toolhouse.fi\/sv\/wp-json\/wp\/v2\/product"}],"about":[{"href":"https:\/\/toolhouse.fi\/sv\/wp-json\/wp\/v2\/types\/product"}],"version-history":[{"count":2,"href":"https:\/\/toolhouse.fi\/sv\/wp-json\/wp\/v2\/product\/15151\/revisions"}],"predecessor-version":[{"id":30717,"href":"https:\/\/toolhouse.fi\/sv\/wp-json\/wp\/v2\/product\/15151\/revisions\/30717"}],"wp:featuredmedia":[{"embeddable":true,"href":"https:\/\/toolhouse.fi\/sv\/wp-json\/wp\/v2\/media\/15156"}],"wp:attachment":[{"href":"https:\/\/toolhouse.fi\/sv\/wp-json\/wp\/v2\/media?parent=15151"}],"wp:term":[{"taxonomy":"product_cat","embeddable":true,"href":"https:\/\/toolhouse.fi\/sv\/wp-json\/wp\/v2\/product_cat?post=15151"},{"taxonomy":"product_tag","embeddable":true,"href":"https:\/\/toolhouse.fi\/sv\/wp-json\/wp\/v2\/product_tag?post=15151"}],"curies":[{"name":"wp","href":"https:\/\/api.w.org\/{rel}","templated":true}]}}