{"id":15288,"date":"2023-12-06T19:01:53","date_gmt":"2023-12-06T17:01:53","guid":{"rendered":"https:\/\/toolhouse.fi\/?post_type=product&#038;p=15288"},"modified":"2026-05-07T13:29:32","modified_gmt":"2026-05-07T10:29:32","slug":"vattenpass-400mm-magnet-digital","status":"publish","type":"product","link":"https:\/\/toolhouse.fi\/sv\/produkt\/vattenpass-400mm-magnet-digital\/","title":{"rendered":"Vattenpass 40cm, magnet, digital"},"content":{"rendered":"","protected":false},"excerpt":{"rendered":"<p>&nbsp;<\/p>\n<p>Digitalt och magnetiskt 40 cm vattenpass med v\u00e5g- och lodlibeller, LCD-display med belysning, lutningsm\u00e4tning, h\u00e5llfunktion f\u00f6r att lagra m\u00e5tt p\u00e5 sk\u00e4rmen samt nollningsfunktion som fungerar i alla possitioner.<\/p>\n<p>Tillverkat i aluminium och utrustat med 4 starka magneter p\u00e5 undersidan, detta \u00e4r mycket beh\u00e4ndigt vid arbete med metallkonstruktioner.<\/p>\n<p>&nbsp;<\/p>\n<ul>\n<li>Noggrannhet (libeller): \u00b1 0,5 mm \/ m<\/li>\n<li>Noggrannhet (elektronisk): \u00b1 0,1\u00b0<\/li>\n<li>M\u00e4tenheter f\u00f6r lutning:\u00a0grader\u00b0, procent %, mm\/m, in\/ft<\/li>\n<li>ZERO\/REF funktion<\/li>\n<li>HOLD funktion<\/li>\n<li>M\u00e4tomr\u00e5de: 4 x 90\u00b0<\/li>\n<li>Auto avst\u00e4ngning: 3 minuter<\/li>\n<li>Digital display med belysning<\/li>\n<li>Ljudsignal<\/li>\n<li>Magnetf\u00e4ste med 4 magneter<\/li>\n<li>Batteri: 2 x AAA (ing\u00e5r ej)<\/li>\n<li>M\u00e5tt: 415 x 50 x 21 mm<\/li>\n<li>Vikt: 1 kg<\/li>\n<\/ul>\n","protected":false},"featured_media":15295,"template":"","meta":{"_acf_changed":false,"_seopress_robots_primary_cat":"none","_seopress_titles_title":"","_seopress_titles_desc":"","_seopress_robots_index":""},"product_cat":[577,349,336,21],"product_tag":[],"class_list":{"0":"post-15288","1":"product","2":"type-product","3":"status-publish","4":"has-post-thumbnail","6":"product_cat-matverktyg","7":"product_cat-ovrigt","8":"product_cat-verktyg","9":"product_cat-verkstadsutrustning","10":"product_shipping_class-tillbehor-790","12":"first","13":"instock","14":"taxable","15":"shipping-taxable","16":"purchasable","17":"product-type-simple","swatches":"rey-swatches","show_selected":""},"acf":[],"_links":{"self":[{"href":"https:\/\/toolhouse.fi\/sv\/wp-json\/wp\/v2\/product\/15288","targetHints":{"allow":["GET"]}}],"collection":[{"href":"https:\/\/toolhouse.fi\/sv\/wp-json\/wp\/v2\/product"}],"about":[{"href":"https:\/\/toolhouse.fi\/sv\/wp-json\/wp\/v2\/types\/product"}],"version-history":[{"count":1,"href":"https:\/\/toolhouse.fi\/sv\/wp-json\/wp\/v2\/product\/15288\/revisions"}],"predecessor-version":[{"id":32817,"href":"https:\/\/toolhouse.fi\/sv\/wp-json\/wp\/v2\/product\/15288\/revisions\/32817"}],"wp:featuredmedia":[{"embeddable":true,"href":"https:\/\/toolhouse.fi\/sv\/wp-json\/wp\/v2\/media\/15295"}],"wp:attachment":[{"href":"https:\/\/toolhouse.fi\/sv\/wp-json\/wp\/v2\/media?parent=15288"}],"wp:term":[{"taxonomy":"product_cat","embeddable":true,"href":"https:\/\/toolhouse.fi\/sv\/wp-json\/wp\/v2\/product_cat?post=15288"},{"taxonomy":"product_tag","embeddable":true,"href":"https:\/\/toolhouse.fi\/sv\/wp-json\/wp\/v2\/product_tag?post=15288"}],"curies":[{"name":"wp","href":"https:\/\/api.w.org\/{rel}","templated":true}]}}