{"id":15513,"date":"2023-12-13T20:21:50","date_gmt":"2023-12-13T18:21:50","guid":{"rendered":"https:\/\/toolhouse.fi\/?post_type=product&#038;p=15513"},"modified":"2026-05-07T13:30:09","modified_gmt":"2026-05-07T10:30:09","slug":"fjaderspannare","status":"publish","type":"product","link":"https:\/\/toolhouse.fi\/sv\/produkt\/fjaderspannare\/","title":{"rendered":"Fj\u00e4dersp\u00e4nnare"},"content":{"rendered":"","protected":false},"excerpt":{"rendered":"<p>Fj\u00e4dersp\u00e4nnare med gjutna och l\u00e5sbara gripklor f\u00f6r s\u00e4ker demontering av MacPherson spiralfj\u00e4drar.<\/p>\n<p>Levereras parvis i f\u00f6rvaringsl\u00e5da av plast.<\/p>\n<p>Gripvidd 275 mm<\/p>\n<p>Vikt 3,6 kg.<\/p>\n","protected":false},"featured_media":15514,"template":"","meta":{"_acf_changed":false,"_seopress_robots_primary_cat":"","_seopress_titles_title":"","_seopress_titles_desc":"","_seopress_robots_index":""},"product_cat":[338,585,21],"product_tag":[518],"class_list":{"0":"post-15513","1":"product","2":"type-product","3":"status-publish","4":"has-post-thumbnail","6":"product_cat-fordonsverktyg","7":"product_cat-verktyg-for-underrede-och-transmission","8":"product_cat-verkstadsutrustning","9":"product_tag-3-66kg","10":"product_shipping_class-tillbehor-790","12":"first","13":"instock","14":"taxable","15":"shipping-taxable","16":"purchasable","17":"product-type-simple","swatches":"rey-swatches","show_selected":""},"acf":[],"_links":{"self":[{"href":"https:\/\/toolhouse.fi\/sv\/wp-json\/wp\/v2\/product\/15513","targetHints":{"allow":["GET"]}}],"collection":[{"href":"https:\/\/toolhouse.fi\/sv\/wp-json\/wp\/v2\/product"}],"about":[{"href":"https:\/\/toolhouse.fi\/sv\/wp-json\/wp\/v2\/types\/product"}],"version-history":[{"count":1,"href":"https:\/\/toolhouse.fi\/sv\/wp-json\/wp\/v2\/product\/15513\/revisions"}],"predecessor-version":[{"id":32818,"href":"https:\/\/toolhouse.fi\/sv\/wp-json\/wp\/v2\/product\/15513\/revisions\/32818"}],"wp:featuredmedia":[{"embeddable":true,"href":"https:\/\/toolhouse.fi\/sv\/wp-json\/wp\/v2\/media\/15514"}],"wp:attachment":[{"href":"https:\/\/toolhouse.fi\/sv\/wp-json\/wp\/v2\/media?parent=15513"}],"wp:term":[{"taxonomy":"product_cat","embeddable":true,"href":"https:\/\/toolhouse.fi\/sv\/wp-json\/wp\/v2\/product_cat?post=15513"},{"taxonomy":"product_tag","embeddable":true,"href":"https:\/\/toolhouse.fi\/sv\/wp-json\/wp\/v2\/product_tag?post=15513"}],"curies":[{"name":"wp","href":"https:\/\/api.w.org\/{rel}","templated":true}]}}