{"id":15544,"date":"2023-12-15T18:57:53","date_gmt":"2023-12-15T16:57:53","guid":{"rendered":"https:\/\/toolhouse.fi\/?post_type=product&#038;p=15544"},"modified":"2026-03-31T21:46:20","modified_gmt":"2026-03-31T18:46:20","slug":"svetshandskar","status":"publish","type":"product","link":"https:\/\/toolhouse.fi\/sv\/produkt\/svetshandskar\/","title":{"rendered":"Svetshandskar"},"content":{"rendered":"<p>&nbsp;<\/p>\n<p>&nbsp;<\/p>\n","protected":false},"excerpt":{"rendered":"<p>Bekv\u00e4ma och h\u00e5llbara svetshandskar i 100% kol\u00e4der.<\/p>\n<p>Bomulls s\u00f6mmar med v\u00e4rmeskydd.<\/p>\n<ul>\n<li>Ce-m\u00e4rkta<\/li>\n<li>EN 12477<\/li>\n<li>EN 420<\/li>\n<\/ul>\n","protected":false},"featured_media":15551,"template":"","meta":{"_acf_changed":false,"_seopress_robots_primary_cat":"","_seopress_titles_title":"","_seopress_titles_desc":"","_seopress_robots_index":""},"product_cat":[332,597,349,615,605],"product_tag":[516],"class_list":{"0":"post-15544","1":"product","2":"type-product","3":"status-publish","4":"has-post-thumbnail","6":"product_cat-mig-svets","7":"product_cat-mig-tillbehor","8":"product_cat-ovrigt","9":"product_cat-svetstillbehor","10":"product_cat-tig-tillbehor","11":"product_tag-0-3kg","12":"product_shipping_class-frakt-75","14":"first","15":"instock","16":"taxable","17":"shipping-taxable","18":"purchasable","19":"product-type-simple","swatches":"rey-swatches","show_selected":""},"acf":[],"_links":{"self":[{"href":"https:\/\/toolhouse.fi\/sv\/wp-json\/wp\/v2\/product\/15544","targetHints":{"allow":["GET"]}}],"collection":[{"href":"https:\/\/toolhouse.fi\/sv\/wp-json\/wp\/v2\/product"}],"about":[{"href":"https:\/\/toolhouse.fi\/sv\/wp-json\/wp\/v2\/types\/product"}],"version-history":[{"count":0,"href":"https:\/\/toolhouse.fi\/sv\/wp-json\/wp\/v2\/product\/15544\/revisions"}],"wp:featuredmedia":[{"embeddable":true,"href":"https:\/\/toolhouse.fi\/sv\/wp-json\/wp\/v2\/media\/15551"}],"wp:attachment":[{"href":"https:\/\/toolhouse.fi\/sv\/wp-json\/wp\/v2\/media?parent=15544"}],"wp:term":[{"taxonomy":"product_cat","embeddable":true,"href":"https:\/\/toolhouse.fi\/sv\/wp-json\/wp\/v2\/product_cat?post=15544"},{"taxonomy":"product_tag","embeddable":true,"href":"https:\/\/toolhouse.fi\/sv\/wp-json\/wp\/v2\/product_tag?post=15544"}],"curies":[{"name":"wp","href":"https:\/\/api.w.org\/{rel}","templated":true}]}}