{"id":15587,"date":"2023-12-17T16:08:53","date_gmt":"2023-12-17T14:08:53","guid":{"rendered":"https:\/\/toolhouse.fi\/?post_type=product&#038;p=15587"},"modified":"2026-04-21T13:34:22","modified_gmt":"2026-04-21T10:34:22","slug":"hylsnyckelsats-1-4-3-8-1-2","status":"publish","type":"product","link":"https:\/\/toolhouse.fi\/sv\/produkt\/hylsnyckelsats-1-4-3-8-1-2\/","title":{"rendered":"Hylsnyckelsats 1\/4&#8243;, 3\/8\u201d, 1\/2\u201d"},"content":{"rendered":"<p><img alt=\"\" fetchpriority=\"high\" decoding=\"async\" class=\"wp-image-15592 aligncenter\" src=\"http:\/\/toolhouse.fi\/wp-content\/uploads\/2023\/12\/Hylsyavainsarja-216-osaa.jpg\" alt=\"\" width=\"744\" height=\"744\" srcset=\"https:\/\/toolhouse.fi\/wp-content\/uploads\/2023\/12\/Hylsyavainsarja-216-osaa.jpg 1080w, https:\/\/toolhouse.fi\/wp-content\/uploads\/2023\/12\/Hylsyavainsarja-216-osaa-300x300.jpg 300w, https:\/\/toolhouse.fi\/wp-content\/uploads\/2023\/12\/Hylsyavainsarja-216-osaa-100x100.jpg 100w, https:\/\/toolhouse.fi\/wp-content\/uploads\/2023\/12\/Hylsyavainsarja-216-osaa-1000x1000.jpg 1000w, https:\/\/toolhouse.fi\/wp-content\/uploads\/2023\/12\/Hylsyavainsarja-216-osaa-1024x1024.jpg 1024w, https:\/\/toolhouse.fi\/wp-content\/uploads\/2023\/12\/Hylsyavainsarja-216-osaa-150x150.jpg 150w, https:\/\/toolhouse.fi\/wp-content\/uploads\/2023\/12\/Hylsyavainsarja-216-osaa-768x768.jpg 768w\" sizes=\"(max-width: 744px) 100vw, 744px\" \/><\/p>\n","protected":false},"excerpt":{"rendered":"<div class=\"product-description-ui limited-container-ui product-description-lq\">\n<p>Verktygsats med 216 delar i proffskvalitet fr\u00e5n Tvardy.<\/p>\n<p>Hylsorna \u00e4r tillverkade i h\u00f6gkvalitativt kromvanadiumst\u00e5l CRV50BV30 och bitsen av f\u00f6rst\u00e4rkt S2-st\u00e5l.<\/p>\n<p>Satsen inkluderar tre stycken smidiga sp\u00e4rrhandtag med greppv\u00e4nliga b\u00f6jda handtag. Sp\u00e4rrhandtagen \u00e4r utrustade med en durabel 72-t\u00e4nders mekanism och Quick Release.<\/p>\n<\/div>\n<p>Omfattande inneh\u00e5ll med hylsserier i 1\/2&#8243;, 3\/8&#8243; och 1\/4&#8243; inneh\u00e5llande bl.a hylsor, l\u00e5nga hylsor och torxhylsor. Satsen inkluderar \u00e4ven te.x blocknycklar och bitshylsor, levereras i en slagt\u00e5lig f\u00f6rvaringsv\u00e4ska med metallsp\u00e4nnen.<\/p>\n<div class=\"product-description-ui limited-container-ui product-description-lq\">\n<h4><strong>Inneh\u00e5ll:<\/strong><\/h4>\n<ul>\n<li>2x 1\/2&#8243; F\u00f6rl\u00e4ngare 125 och 250 mm<\/li>\n<li>1x 3\/8&#8243; F\u00f6rl\u00e4ngare\u00a0125mm<\/li>\n<li>2x 1\/4&#8243; F\u00f6rl\u00e4ngare 50 och100 mm<\/li>\n<li>1x T-handtag 1\/2&#8243;<\/li>\n<li>1x T-handtag 1\/4&#8243;<\/li>\n<li>3x Universalknut 1\/2&#8243;, 3\/8&#8243; och 1\/4&#8243;<\/li>\n<li>7x Insexnycklar: \u00a01.27, 1.5, 2, 2.5, 3, 4, 5 mm<\/li>\n<li>1x 1\/4&#8243; Skruvmejsel f\u00f6r hylsor<\/li>\n<li>1x Skruvmejsel f\u00f6r bits<\/li>\n<li>3x Sp\u00e4rrhandtags 1\/2&#8243;, 3\/8&#8243; och 1\/4&#8243;<\/li>\n<li>5x 1\/2&#8243; L\u00e5nga hylsor (77mm): 16, 17,18, 19, 22 mm<\/li>\n<li>6x 3\/8&#8243; L\u00e5nga hylsor (63 mm): 10, 11, 12, 13, 14, 15 mm<\/li>\n<li>7x 1\/4&#8243; L\u00e5nga hylsor (49 mm): 4, 5, 6, 7, 8, 9, 10 mm<\/li>\n<li>1x 1\/2&#8243; Bits adapter<\/li>\n<li>1x 3\/8&#8243; Bits adapter<\/li>\n<li>1x 1\/4&#8243; Bits adapter<\/li>\n<li>3x 1\/2&#8243; T\u00e4ndstiftshylsor (65mm): 16, 18, 21mm<\/li>\n<li>14x 1\/2&#8243; Hylsor: 13, 14, 15, 16, 17, 18, 19, 20, 21, 22, 24, 27, 30, 32 mm<\/li>\n<li>10x 3\/8&#8243; Hylsor: 10, 11, 12, 13, 14, 15, 16, 17, 18, 19 mm<\/li>\n<li>13x 1\/4&#8243; Hylsor: 4, 4.5, 5, 5.5, 6, 7, 8, 9, 10, 11, 12, 13, 14 mm<\/li>\n<li>3x TORX-E 1\/2&#8243; hylsor: E20, E22, E24<\/li>\n<li>6x TORX-E 3\/8&#8243; hylsor: E10, E11, E12, E14, E16, E18<\/li>\n<li>5x TORX-E 1\/4&#8243; hylsor: E4, E5, E6, E7, E8<\/li>\n<\/ul>\n<p>&nbsp;<\/p>\n<ul>\n<li>12x Blocknycklar : 8, 9, 10, 11, 12, 13, 14, 15, 16, 17, 18, 19 mm<\/li>\n<li>2x 1\/2&#8243; Bitshylsor: Torx T70, HW 14 mm<\/li>\n<li>1x\u00a0 Adapter hex till 1\/4&#8243;<\/li>\n<li>1\/4&#8243; Bitshylsor:\n<ul>\n<li>Torx: T8, T9, T10, T15, T20, T25, T27, T30<\/li>\n<li>Insex: HW3, HW4, HW5, HW6<\/li>\n<li>PZ0, PZ1, PZ2<\/li>\n<li>Sp\u00e5r: 4, 5.5, 6.5, 7 mm<\/li>\n<li>PH0, PH1, PH2<\/li>\n<li>Torx(med h\u00e5l): TH8, TH9, TH10, TH15, TH20, TH25, TH27, TH30<\/li>\n<\/ul>\n<\/li>\n<\/ul>\n<p>&nbsp;<\/p>\n<ul>\n<li>1\/4&#8243; bits:\n<ul>\n<li>Insex: 7, 8, 10, 12, 14<\/li>\n<li>PH3, PH4<\/li>\n<li>Sp\u00e5r: 8, 10, 12 mm<\/li>\n<li>PZ3, PZ4<\/li>\n<li>Torx: T40, T45, T50, T55, T60<\/li>\n<li>Torx Plus: MP5, MP6, MP7, MP8, MP9<\/li>\n<li>Insex(med h\u00e5l): H2, H2.5, H3, H4, H5, H6<\/li>\n<li>Torx: T5, T6, T7<\/li>\n<li>Tri-Wing: 1, 2, 3, 4<\/li>\n<li>Clutch: 1, 2, 3<\/li>\n<li>Square: S0, S1, S2, S3<\/li>\n<li>TORQ-Set: 6, 8, 10<\/li>\n<li>Spanner: 4, 6, 8, 10<\/li>\n<li>Torx(med h\u00e5l): TS7, TS10, TS15, TS20, TS25, TS27, TS30, TS40, TS45<\/li>\n<li>Spline: 5, 6, 8<\/li>\n<\/ul>\n<\/li>\n<li>5\/16&#8243; bits:\n<ul>\n<li>Insex 7, 8, 10, 12<\/li>\n<li>PH2, PH3, PH4<\/li>\n<li>Sp\u00e5r 8, 10, 12 mm<\/li>\n<li>PZ2, PZ3, PZ4<\/li>\n<li>TORX Plus 10, 11, 12, 13<\/li>\n<li>TORX T40, T45, T50, T55, T60<\/li>\n<li>Torx (med h\u00e5l) T40, T45, T50, T55, T50, T60<\/li>\n<li>Spline: 10, 12<\/li>\n<\/ul>\n<\/li>\n<\/ul>\n<\/div>\n<div class=\"product-attributes-ui clear-after-ui product-attributes-lq\">\n<p>Vikt: 11 kg<\/p>\n<p>Material: CRV50BV30, S2<\/p>\n<\/div>\n<p>&nbsp;<\/p>\n","protected":false},"featured_media":15602,"template":"","meta":{"_acf_changed":false,"_seopress_robots_primary_cat":"none","_seopress_titles_title":"","_seopress_titles_desc":"","_seopress_robots_index":""},"product_cat":[581,336,21],"product_tag":[507,508],"class_list":{"0":"post-15587","1":"product","2":"type-product","3":"status-publish","4":"has-post-thumbnail","6":"product_cat-hylsverktyg-och-vridverktyg","7":"product_cat-verktyg","8":"product_cat-verkstadsutrustning","9":"product_tag-507","10":"product_tag-4kg","11":"product_shipping_class-tillbehor-790","13":"first","14":"instock","15":"taxable","16":"shipping-taxable","17":"purchasable","18":"product-type-simple","swatches":"rey-swatches","show_selected":""},"acf":[],"_links":{"self":[{"href":"https:\/\/toolhouse.fi\/sv\/wp-json\/wp\/v2\/product\/15587","targetHints":{"allow":["GET"]}}],"collection":[{"href":"https:\/\/toolhouse.fi\/sv\/wp-json\/wp\/v2\/product"}],"about":[{"href":"https:\/\/toolhouse.fi\/sv\/wp-json\/wp\/v2\/types\/product"}],"version-history":[{"count":0,"href":"https:\/\/toolhouse.fi\/sv\/wp-json\/wp\/v2\/product\/15587\/revisions"}],"wp:featuredmedia":[{"embeddable":true,"href":"https:\/\/toolhouse.fi\/sv\/wp-json\/wp\/v2\/media\/15602"}],"wp:attachment":[{"href":"https:\/\/toolhouse.fi\/sv\/wp-json\/wp\/v2\/media?parent=15587"}],"wp:term":[{"taxonomy":"product_cat","embeddable":true,"href":"https:\/\/toolhouse.fi\/sv\/wp-json\/wp\/v2\/product_cat?post=15587"},{"taxonomy":"product_tag","embeddable":true,"href":"https:\/\/toolhouse.fi\/sv\/wp-json\/wp\/v2\/product_tag?post=15587"}],"curies":[{"name":"wp","href":"https:\/\/api.w.org\/{rel}","templated":true}]}}