{"id":15654,"date":"2023-12-20T16:47:46","date_gmt":"2023-12-20T14:47:46","guid":{"rendered":"https:\/\/toolhouse.fi\/?post_type=product&#038;p=15654"},"modified":"2025-12-15T13:10:15","modified_gmt":"2025-12-15T11:10:15","slug":"verkstadstvatt-med-varme","status":"publish","type":"product","link":"https:\/\/toolhouse.fi\/sv\/produkt\/verkstadstvatt-med-varme\/","title":{"rendered":"Verkstadstv\u00e4tt med v\u00e4rme"},"content":{"rendered":"<table class=\"n54117_dictionary\" style=\"height: 508px;\" width=\"318\">\n<tbody>\n<tr>\n<td class=\"n54117_item_a1\">Tillverkare <span class=\"n67256colon\">:<\/span><\/p>\n<p>Modell :<\/td>\n<td class=\"n54117_item_b1\">\n<div>Redats<\/div>\n<div class=\"n54117_item_b_sub\">D-490<\/div>\n<\/td>\n<\/tr>\n<tr>\n<td class=\"n54117_item_a2\">Effekt <span class=\"n67256colon\">:<\/span><\/p>\n<p>Sp\u00e4nning :<\/td>\n<td class=\"n54117_item_b2\">\n<div class=\"n54117_item_b_sub\">2000W<\/div>\n<div>230V<\/div>\n<\/td>\n<\/tr>\n<tr>\n<td class=\"n54117_item_a1\">Arbetstryck <span class=\"n67256colon\">:<\/span><\/td>\n<td class=\"n54117_item_b1\">\n<div class=\"n54117_item_b_sub\">4,8 \u2013 8,2 bar<\/div>\n<\/td>\n<\/tr>\n<tr>\n<td class=\"n54117_item_a2\"><span class=\"n67256colon\">Max temperatur:<\/span><\/p>\n<p>Fl\u00f6deshastighet :<\/td>\n<td class=\"n54117_item_b2\">\n<div class=\"n54117_item_b_sub\">50\u00b0C<\/div>\n<div><\/div>\n<div>0,8 l\/min<\/div>\n<\/td>\n<\/tr>\n<tr>\n<td class=\"n54117_item_a1\">Innerm\u00e5tt <span class=\"n67256colon\">:<\/span><\/p>\n<p>M\u00e4ngd reng\u00f6ringsmedel :<\/td>\n<td class=\"n54117_item_b1\">\n<div class=\"n54117_item_b_sub\">737 x 559 x 452 mm<\/div>\n<div><\/div>\n<div>8 &#8211; 14 L<\/div>\n<\/td>\n<\/tr>\n<tr>\n<td class=\"n54117_item_a2\">H\u00f6jd <span class=\"n67256colon\">:<\/span><\/td>\n<td class=\"n54117_item_b2\">\n<div class=\"n54117_item_b_sub\">1715 mm<\/div>\n<\/td>\n<\/tr>\n<tr>\n<td class=\"n54117_item_a1\"><span class=\"n67256colon\">Bredd :<\/span><\/td>\n<td class=\"n54117_item_b1\">\n<div class=\"n54117_item_b_sub\">791 mm<\/div>\n<\/td>\n<\/tr>\n<tr>\n<td class=\"n54117_item_a2\">Djup :<\/td>\n<td class=\"n54117_item_b2\">\n<div class=\"n54117_item_b_sub\">625 mm<\/div>\n<\/td>\n<\/tr>\n<tr>\n<td class=\"n54117_item_a1\"><\/td>\n<td class=\"n54117_item_b1\">\n<div class=\"n54117_item_b_sub\"><\/div>\n<\/td>\n<\/tr>\n<tr>\n<td class=\"n54117_item_a2\">Vikt :<\/td>\n<td class=\"n54117_item_b2\">\n<div class=\"n54117_item_b_sub\">46 kg<\/div>\n<\/td>\n<\/tr>\n<tr>\n<td class=\"n54117_item_a1\">CE-godk\u00e4nd :<\/td>\n<td class=\"n54117_item_b1\">\n<div class=\"n54117_item_b_sub\">Ja<\/div>\n<\/td>\n<\/tr>\n<tr>\n<td class=\"n54117_item_a2\">Garanti\u00a0<span class=\"n67256colon\">:<\/span><\/td>\n<td class=\"n54117_item_b2\">\n<div class=\"n54117_item_b_sub\">1 \u00e5r<\/div>\n<\/td>\n<\/tr>\n<\/tbody>\n<\/table>\n","protected":false},"excerpt":{"rendered":"<p>Redats premium D-490 \u00e4r det b\u00e4sta valet f\u00f6r effektiv reng\u00f6ring av motordelar,\u00a0 verktyg och andra detaljer.<\/p>\n<p>D-490 v\u00e4rmer snabbt upp reng\u00f6ringsmedlet till 50\u00b0C med det inbyggda v\u00e4rmeelementet p\u00e5 2000W.<\/p>\n<p>V\u00e4rmen justeras enkelt med den digitala termostaten p\u00e5 kontrollpanelen. \u00c4ven tryckregulatorn sitter p\u00e5 maskinens kontrollpanel och trycket \u00e4r justerbart fr\u00e5n 4,8 till 8,2 bar.<\/p>\n<p>&nbsp;<\/p>\n<p>Tv\u00e4ttpistolen inuti maskinen har tv\u00e5 funktioner, luft och tv\u00e4ttmedel eller endast tryckluft.<\/p>\n<p>Sk\u00e5pets inv\u00e4ndiga m\u00e5tt \u00e4r 73,7 x 55,9 x 45,2 cm, sk\u00e5pet \u00e4r utrustat med belysning, t\u00e5liga handskar och utsugsfl\u00e4kt f\u00f6r att h\u00e5lla imma borta fr\u00e5n glaset.<\/p>\n<p>&nbsp;<\/p>\n<p>D-490 har \u00e5tercirkulerande system dvs reng\u00f6ringsmedlet \u00e5teranv\u00e4nds och r\u00e4cker l\u00e4nge.<\/p>\n<p>Anv\u00e4nd endast reng\u00f6ringsmedel som \u00e4r avsett att v\u00e4rmas t.ex. <span style=\"background-color: #ebe6e6;\"><a style=\"background-color: #ebe6e6;\" href=\"https:\/\/toolhouse.fi\/produkt\/ultra-active\/\">Redats Ultra active.<\/a><\/span><\/p>\n<p>&nbsp;<\/p>\n<p>&nbsp;<\/p>\n","protected":false},"featured_media":15678,"template":"","meta":{"_acf_changed":false,"_seopress_robots_primary_cat":"none","_seopress_titles_title":"","_seopress_titles_desc":"","_seopress_robots_index":""},"product_cat":[334,21],"product_tag":[505],"class_list":{"0":"post-15654","1":"product","2":"type-product","3":"status-publish","4":"has-post-thumbnail","6":"product_cat-verkstadstvatt","7":"product_cat-verkstadsutrustning","8":"product_tag-75kg","9":"product_shipping_class-w-220-230","11":"first","12":"outofstock","13":"sale","14":"taxable","15":"shipping-taxable","16":"purchasable","17":"product-type-simple","swatches":"rey-swatches","show_selected":""},"acf":[],"_links":{"self":[{"href":"https:\/\/toolhouse.fi\/sv\/wp-json\/wp\/v2\/product\/15654","targetHints":{"allow":["GET"]}}],"collection":[{"href":"https:\/\/toolhouse.fi\/sv\/wp-json\/wp\/v2\/product"}],"about":[{"href":"https:\/\/toolhouse.fi\/sv\/wp-json\/wp\/v2\/types\/product"}],"version-history":[{"count":1,"href":"https:\/\/toolhouse.fi\/sv\/wp-json\/wp\/v2\/product\/15654\/revisions"}],"predecessor-version":[{"id":18297,"href":"https:\/\/toolhouse.fi\/sv\/wp-json\/wp\/v2\/product\/15654\/revisions\/18297"}],"wp:featuredmedia":[{"embeddable":true,"href":"https:\/\/toolhouse.fi\/sv\/wp-json\/wp\/v2\/media\/15678"}],"wp:attachment":[{"href":"https:\/\/toolhouse.fi\/sv\/wp-json\/wp\/v2\/media?parent=15654"}],"wp:term":[{"taxonomy":"product_cat","embeddable":true,"href":"https:\/\/toolhouse.fi\/sv\/wp-json\/wp\/v2\/product_cat?post=15654"},{"taxonomy":"product_tag","embeddable":true,"href":"https:\/\/toolhouse.fi\/sv\/wp-json\/wp\/v2\/product_tag?post=15654"}],"curies":[{"name":"wp","href":"https:\/\/api.w.org\/{rel}","templated":true}]}}