{"id":15961,"date":"2024-01-12T12:32:02","date_gmt":"2024-01-12T10:32:02","guid":{"rendered":"https:\/\/toolhouse.fi\/?post_type=product&#038;p=15961"},"modified":"2025-11-11T16:25:20","modified_gmt":"2025-11-11T14:25:20","slug":"elektromagnet-2-pelarlyft","status":"publish","type":"product","link":"https:\/\/toolhouse.fi\/sv\/produkt\/elektromagnet-2-pelarlyft\/","title":{"rendered":"Elektromagnet 2-pelarlyft"},"content":{"rendered":"","protected":false},"excerpt":{"rendered":"<p>Elektromagnet till s\u00e4kerhetsl\u00e5s p\u00e5 2-pelarlyftar.<\/p>\n<p>-24v.<\/p>\n<p>Passar till:<\/p>\n<ul>\n<li>PK-4000G<\/li>\n<li>PK-4500G<\/li>\n<li>PK-5500A<\/li>\n<\/ul>\n","protected":false},"featured_media":15962,"template":"","meta":{"_acf_changed":false,"_seopress_robots_primary_cat":"none","_seopress_titles_title":"","_seopress_titles_desc":"","_seopress_robots_index":""},"product_cat":[20,282],"product_tag":[499],"class_list":{"0":"post-15961","1":"product","2":"type-product","3":"status-publish","4":"has-post-thumbnail","6":"product_cat-lyftteknik","7":"product_cat-tillbehor-reservdelar","8":"product_tag-0-36kg","9":"product_shipping_class-tillbehor-590","11":"first","12":"instock","13":"taxable","14":"shipping-taxable","15":"purchasable","16":"product-type-simple","swatches":"rey-swatches","show_selected":""},"acf":[],"_links":{"self":[{"href":"https:\/\/toolhouse.fi\/sv\/wp-json\/wp\/v2\/product\/15961","targetHints":{"allow":["GET"]}}],"collection":[{"href":"https:\/\/toolhouse.fi\/sv\/wp-json\/wp\/v2\/product"}],"about":[{"href":"https:\/\/toolhouse.fi\/sv\/wp-json\/wp\/v2\/types\/product"}],"version-history":[{"count":2,"href":"https:\/\/toolhouse.fi\/sv\/wp-json\/wp\/v2\/product\/15961\/revisions"}],"predecessor-version":[{"id":29547,"href":"https:\/\/toolhouse.fi\/sv\/wp-json\/wp\/v2\/product\/15961\/revisions\/29547"}],"wp:featuredmedia":[{"embeddable":true,"href":"https:\/\/toolhouse.fi\/sv\/wp-json\/wp\/v2\/media\/15962"}],"wp:attachment":[{"href":"https:\/\/toolhouse.fi\/sv\/wp-json\/wp\/v2\/media?parent=15961"}],"wp:term":[{"taxonomy":"product_cat","embeddable":true,"href":"https:\/\/toolhouse.fi\/sv\/wp-json\/wp\/v2\/product_cat?post=15961"},{"taxonomy":"product_tag","embeddable":true,"href":"https:\/\/toolhouse.fi\/sv\/wp-json\/wp\/v2\/product_tag?post=15961"}],"curies":[{"name":"wp","href":"https:\/\/api.w.org\/{rel}","templated":true}]}}