{"id":1735,"date":"2020-11-10T19:47:03","date_gmt":"2020-11-10T17:47:03","guid":{"rendered":"https:\/\/toolhouse.fi\/?post_type=product&#038;p=1735"},"modified":"2026-04-16T17:11:34","modified_gmt":"2026-04-16T14:11:34","slug":"monteringsklamma-professional","status":"publish","type":"product","link":"https:\/\/toolhouse.fi\/sv\/produkt\/monteringsklamma-professional\/","title":{"rendered":"Monteringskl\u00e4mma professional"},"content":{"rendered":"","protected":false},"excerpt":{"rendered":"<p>Verktyg f\u00f6r att trycka ner d\u00e4cket vid montering.<\/p>\n<p>Ett bra och enkelt verktyg och till stor hj\u00e4lp vid d\u00e4ckmontering.<\/p>\n","protected":false},"featured_media":27226,"template":"","meta":{"_acf_changed":false,"_seopress_robots_primary_cat":"none","_seopress_titles_title":"","_seopress_titles_desc":"","_seopress_robots_index":""},"product_cat":[18,593,160],"product_tag":[],"class_list":{"0":"post-1735","1":"product","2":"type-product","3":"status-publish","4":"has-post-thumbnail","6":"product_cat-dackarbete","7":"product_cat-tillbehor-och-reservdelar","8":"product_cat-tillbehor-verktyg","9":"product_shipping_class-tillbehor-590","11":"first","12":"instock","13":"sale","14":"taxable","15":"shipping-taxable","16":"purchasable","17":"product-type-simple","swatches":"rey-swatches","show_selected":""},"acf":[],"_links":{"self":[{"href":"https:\/\/toolhouse.fi\/sv\/wp-json\/wp\/v2\/product\/1735","targetHints":{"allow":["GET"]}}],"collection":[{"href":"https:\/\/toolhouse.fi\/sv\/wp-json\/wp\/v2\/product"}],"about":[{"href":"https:\/\/toolhouse.fi\/sv\/wp-json\/wp\/v2\/types\/product"}],"version-history":[{"count":3,"href":"https:\/\/toolhouse.fi\/sv\/wp-json\/wp\/v2\/product\/1735\/revisions"}],"predecessor-version":[{"id":27234,"href":"https:\/\/toolhouse.fi\/sv\/wp-json\/wp\/v2\/product\/1735\/revisions\/27234"}],"wp:featuredmedia":[{"embeddable":true,"href":"https:\/\/toolhouse.fi\/sv\/wp-json\/wp\/v2\/media\/27226"}],"wp:attachment":[{"href":"https:\/\/toolhouse.fi\/sv\/wp-json\/wp\/v2\/media?parent=1735"}],"wp:term":[{"taxonomy":"product_cat","embeddable":true,"href":"https:\/\/toolhouse.fi\/sv\/wp-json\/wp\/v2\/product_cat?post=1735"},{"taxonomy":"product_tag","embeddable":true,"href":"https:\/\/toolhouse.fi\/sv\/wp-json\/wp\/v2\/product_tag?post=1735"}],"curies":[{"name":"wp","href":"https:\/\/api.w.org\/{rel}","templated":true}]}}