{"id":1745,"date":"2020-11-12T13:19:11","date_gmt":"2020-11-12T11:19:11","guid":{"rendered":"https:\/\/toolhouse.fi\/?post_type=product&#038;p=1745"},"modified":"2025-05-02T15:46:59","modified_gmt":"2025-05-02T12:46:59","slug":"redats-p-120","status":"publish","type":"product","link":"https:\/\/toolhouse.fi\/sv\/produkt\/redats-p-120\/","title":{"rendered":"Redats P-120"},"content":{"rendered":"<p>&nbsp;<\/p>\n<h3><strong>Kraftfull \u00a01\/2 \u201d mutterdragare, f\u00f6r h\u00e5rd och kontinuerlig anv\u00e4ndning i verkst\u00e4der.<\/strong><\/h3>\n<p>&nbsp;<\/p>\n<div>\n<p>&nbsp;<\/p>\n<ul>\n<li><img alt=\"\" fetchpriority=\"high\" decoding=\"async\" class=\"alignright wp-image-8152 size-full\" src=\"http:\/\/toolhouse.fi\/wp-content\/uploads\/2020\/11\/p-120-redats.jpg\" alt=\"\" width=\"600\" height=\"550\" srcset=\"https:\/\/toolhouse.fi\/wp-content\/uploads\/2020\/11\/p-120-redats.jpg 600w, https:\/\/toolhouse.fi\/wp-content\/uploads\/2020\/11\/p-120-redats-300x275.jpg 300w, https:\/\/toolhouse.fi\/wp-content\/uploads\/2020\/11\/p-120-redats-510x468.jpg 510w, https:\/\/toolhouse.fi\/wp-content\/uploads\/2020\/11\/p-120-redats-400x367.jpg 400w\" sizes=\"(max-width: 600px) 100vw, 600px\" \/>H\u00f6g prestanda \u2013 maximalt vridmoment \u00e4r 1450 Nm!<\/li>\n<li>Twin-slagmekanism<\/li>\n<li>Slitstarka material, skal av komposit.<\/li>\n<li>Tryckluftsdriven mutterdragare 1\/2\u2033.<\/li>\n<li>Maximalt vridmoment: 1450 Nm.<\/li>\n<li>3-steg f\u00f6r \u00e5tdragning, 1-steg f\u00f6r lossdragning.<\/li>\n<li>Vridhastighet: 7500 rpm.<\/li>\n<li>Luftf\u00f6rbrukning: genomsnittlig 150 l \/ min.<\/li>\n<li>Vikt: 2,1 kg.<\/li>\n<li>CE-m\u00e4rkt..<\/li>\n<li>Garanti 1 \u00e5r.<\/li>\n<\/ul>\n<p>&nbsp;<\/p>\n<\/div>\n<p>&nbsp;<\/p>\n<p><iframe title=\"Redats P-120\" width=\"1410\" height=\"793\" src=\"https:\/\/www.youtube.com\/embed\/SEhBdo42HBA?feature=oembed\" frameborder=\"0\" allow=\"accelerometer; autoplay; clipboard-write; encrypted-media; gyroscope; picture-in-picture; web-share\" referrerpolicy=\"strict-origin-when-cross-origin\" allowfullscreen><\/iframe><\/p>\n","protected":false},"excerpt":{"rendered":"<p>&nbsp; Kraftfull \u00a01\/2 \u201d mutterdragare, f\u00f6r h\u00e5rd och kontinuerlig anv\u00e4ndning i verkst\u00e4der. &nbsp; &nbsp; H\u00f6g prestanda \u2013 maximalt vridmoment \u00e4r 1450 Nm! Twin-slagmekanism Slitstarka material, skal av komposit. Tryckluftsdriven mutterdragare 1\/2\u2033. Maximalt vridmoment: 1450 Nm. 3-steg f\u00f6r \u00e5tdragning, 1-steg f\u00f6r lossdragning. Vridhastighet: 7500 rpm. Luftf\u00f6rbrukning: genomsnittlig 150 l \/ min. Vikt: 2,1 kg. CE-m\u00e4rkt.. Garanti [&hellip;]<\/p>\n","protected":false},"featured_media":8165,"template":"","meta":{"_acf_changed":false,"_seopress_robots_primary_cat":"none","_seopress_titles_title":"","_seopress_titles_desc":"","_seopress_robots_index":""},"product_cat":[318,216],"product_tag":[],"class_list":{"0":"post-1745","1":"product","2":"type-product","3":"status-publish","4":"has-post-thumbnail","6":"product_cat-mutterdragare","7":"product_cat-tryckluft-och-kompressor","8":"product_shipping_class-tillbehor-790","10":"first","11":"instock","12":"sale","13":"taxable","14":"shipping-taxable","15":"purchasable","16":"product-type-simple","swatches":"rey-swatches","show_selected":""},"acf":[],"_links":{"self":[{"href":"https:\/\/toolhouse.fi\/sv\/wp-json\/wp\/v2\/product\/1745","targetHints":{"allow":["GET"]}}],"collection":[{"href":"https:\/\/toolhouse.fi\/sv\/wp-json\/wp\/v2\/product"}],"about":[{"href":"https:\/\/toolhouse.fi\/sv\/wp-json\/wp\/v2\/types\/product"}],"version-history":[{"count":1,"href":"https:\/\/toolhouse.fi\/sv\/wp-json\/wp\/v2\/product\/1745\/revisions"}],"predecessor-version":[{"id":18599,"href":"https:\/\/toolhouse.fi\/sv\/wp-json\/wp\/v2\/product\/1745\/revisions\/18599"}],"wp:featuredmedia":[{"embeddable":true,"href":"https:\/\/toolhouse.fi\/sv\/wp-json\/wp\/v2\/media\/8165"}],"wp:attachment":[{"href":"https:\/\/toolhouse.fi\/sv\/wp-json\/wp\/v2\/media?parent=1745"}],"wp:term":[{"taxonomy":"product_cat","embeddable":true,"href":"https:\/\/toolhouse.fi\/sv\/wp-json\/wp\/v2\/product_cat?post=1745"},{"taxonomy":"product_tag","embeddable":true,"href":"https:\/\/toolhouse.fi\/sv\/wp-json\/wp\/v2\/product_tag?post=1745"}],"curies":[{"name":"wp","href":"https:\/\/api.w.org\/{rel}","templated":true}]}}