{"id":1747,"date":"2020-11-12T13:28:10","date_gmt":"2020-11-12T11:28:10","guid":{"rendered":"https:\/\/toolhouse.fi\/?post_type=product&#038;p=1747"},"modified":"2024-11-22T16:53:32","modified_gmt":"2024-11-22T14:53:32","slug":"krafthylssats-langa","status":"publish","type":"product","link":"https:\/\/toolhouse.fi\/sv\/produkt\/krafthylssats-langa\/","title":{"rendered":"Krafthylssats l\u00e5nga"},"content":{"rendered":"","protected":false},"excerpt":{"rendered":"<div class=\"details\">\n<div class=\"description gallery-item-description\">\n<p><strong>Professionella krafthylsor fr\u00e5n Redats<\/strong><\/p>\n<p>&nbsp;<\/p>\n<p class=\"short-description\">En sats med l\u00e5nga krafthylsor med storlek fr\u00e5n 13 mm upp till 26 mm, levereras i slagt\u00e5lig plastv\u00e4ska.<\/p>\n<\/div>\n<\/div>\n","protected":false},"featured_media":7070,"template":"","meta":{"_acf_changed":false,"_seopress_robots_primary_cat":"none","_seopress_titles_title":"","_seopress_titles_desc":"","_seopress_robots_index":""},"product_cat":[338,581,318,336,585,21],"product_tag":[],"class_list":{"0":"post-1747","1":"product","2":"type-product","3":"status-publish","4":"has-post-thumbnail","6":"product_cat-fordonsverktyg","7":"product_cat-hylsverktyg-och-vridverktyg","8":"product_cat-mutterdragare","9":"product_cat-verktyg","10":"product_cat-verktyg-for-underrede-och-transmission","11":"product_cat-verkstadsutrustning","12":"product_shipping_class-tillbehor-590","14":"first","15":"instock","16":"taxable","17":"shipping-taxable","18":"purchasable","19":"product-type-simple","swatches":"rey-swatches","show_selected":""},"acf":[],"_links":{"self":[{"href":"https:\/\/toolhouse.fi\/sv\/wp-json\/wp\/v2\/product\/1747","targetHints":{"allow":["GET"]}}],"collection":[{"href":"https:\/\/toolhouse.fi\/sv\/wp-json\/wp\/v2\/product"}],"about":[{"href":"https:\/\/toolhouse.fi\/sv\/wp-json\/wp\/v2\/types\/product"}],"version-history":[{"count":1,"href":"https:\/\/toolhouse.fi\/sv\/wp-json\/wp\/v2\/product\/1747\/revisions"}],"predecessor-version":[{"id":18598,"href":"https:\/\/toolhouse.fi\/sv\/wp-json\/wp\/v2\/product\/1747\/revisions\/18598"}],"wp:featuredmedia":[{"embeddable":true,"href":"https:\/\/toolhouse.fi\/sv\/wp-json\/wp\/v2\/media\/7070"}],"wp:attachment":[{"href":"https:\/\/toolhouse.fi\/sv\/wp-json\/wp\/v2\/media?parent=1747"}],"wp:term":[{"taxonomy":"product_cat","embeddable":true,"href":"https:\/\/toolhouse.fi\/sv\/wp-json\/wp\/v2\/product_cat?post=1747"},{"taxonomy":"product_tag","embeddable":true,"href":"https:\/\/toolhouse.fi\/sv\/wp-json\/wp\/v2\/product_tag?post=1747"}],"curies":[{"name":"wp","href":"https:\/\/api.w.org\/{rel}","templated":true}]}}