{"id":1774,"date":"2020-11-13T21:11:08","date_gmt":"2020-11-13T19:11:08","guid":{"rendered":"https:\/\/toolhouse.fi\/?post_type=product&#038;p=1774"},"modified":"2025-12-11T10:39:02","modified_gmt":"2025-12-11T08:39:02","slug":"halldomkraft","status":"publish","type":"product","link":"https:\/\/toolhouse.fi\/sv\/produkt\/halldomkraft\/","title":{"rendered":"Halldomkraft 2,5T snabblyftande, l\u00e5gprofil."},"content":{"rendered":"<table class=\"n54117_dictionary\">\n<tbody>\n<tr>\n<td class=\"n54117_item_a1\"><strong>Tillverkare <span class=\"n67256colon\">:<\/span><\/strong><\/td>\n<td class=\"n54117_item_b1\">\n<p class=\"n54117_item_b_sub\"><strong><span class=\"n54117_name_sub\">REDATS<\/span><\/strong><\/p>\n<\/td>\n<\/tr>\n<tr>\n<td class=\"n54117_item_a2\"><strong>Min h\u00f6jd <span class=\"n67256colon\">:<\/span><\/strong><\/td>\n<td class=\"n54117_item_b2\">\n<p class=\"n54117_item_b_sub\"><strong>78 mm<\/strong><\/p>\n<\/td>\n<\/tr>\n<tr>\n<td class=\"n54117_item_a1\"><strong>Max h\u00f6jd <span class=\"n67256colon\">:<\/span><\/strong><\/td>\n<td class=\"n54117_item_b1\">\n<p class=\"n54117_item_b_sub\"><strong>500 mm<\/strong><\/p>\n<\/td>\n<\/tr>\n<tr>\n<td class=\"n54117_item_a2\"><strong>Quick lift funktion\u00a0<span class=\"n67256colon\">:<\/span><\/strong><\/td>\n<td class=\"n54117_item_b2\">\n<p class=\"n54117_item_b_sub\"><strong>ja<\/strong><\/p>\n<\/td>\n<\/tr>\n<tr>\n<td class=\"n54117_item_a1\"><strong>360 \u00b0 roterande lyftplatta <span class=\"n67256colon\">:<\/span><\/strong><\/td>\n<td class=\"n54117_item_b1\">\n<p class=\"n54117_item_b_sub\"><strong>ja<\/strong><\/p>\n<\/td>\n<\/tr>\n<tr>\n<td class=\"n54117_item_a2\"><strong>Dammskyddade kolvar.:<\/strong><\/td>\n<td class=\"n54117_item_b2\">\n<p class=\"n54117_item_b_sub\"><strong>ja<\/strong><\/p>\n<\/td>\n<\/tr>\n<tr>\n<td class=\"n54117_item_a1\"><strong><span class=\"n67256colon\">Lyftskydd gummi:<\/span><\/strong><\/td>\n<td class=\"n54117_item_b1\">\n<p class=\"n54117_item_b_sub\"><strong>ja<\/strong><\/p>\n<\/td>\n<\/tr>\n<tr>\n<td class=\"n54117_item_a2\"><strong>Handtag med karosskydd<\/strong><\/td>\n<td class=\"n54117_item_b2\">\n<p class=\"n54117_item_b_sub\"><strong>ja<\/strong><\/p>\n<\/td>\n<\/tr>\n<tr>\n<td class=\"n54117_item_a1\"><strong>Vikt <span class=\"n67256colon\">:<\/span><\/strong><\/td>\n<td class=\"n54117_item_b1\">\n<p class=\"n54117_item_b_sub\"><strong>34kg<\/strong><\/p>\n<\/td>\n<\/tr>\n<tr>\n<td class=\"n54117_item_a2\"><strong>Handtagets l\u00e4ngd <span class=\"n67256colon\">:<\/span><\/strong><\/td>\n<td class=\"n54117_item_b2\">\n<p class=\"n54117_item_b_sub\"><strong>100 cm<\/strong><\/p>\n<\/td>\n<\/tr>\n<tr>\n<td class=\"n54117_item_a1\"><strong>Dimensioner (L x B x H) <span class=\"n67256colon\">:<\/span><\/strong><\/td>\n<td class=\"n54117_item_b1\">\n<p class=\"n54117_item_b_sub\"><strong>67 x 35 x 15 cm<\/strong><\/p>\n<\/td>\n<\/tr>\n<tr>\n<td class=\"n54117_item_a2\"><strong>Maximal lyftkapacitet <span class=\"n67256colon\">:<\/span><\/strong><\/td>\n<td class=\"n54117_item_b2\">\n<p class=\"n54117_item_b_sub\"><strong>2.5 ton<\/strong><\/p>\n<\/td>\n<\/tr>\n<tr>\n<td class=\"n54117_item_a1\"><strong>CE-m\u00e4rkt <span class=\"n67256colon\">:<\/span><\/strong><\/td>\n<td class=\"n54117_item_b1\">\n<p class=\"n54117_item_b_sub\"><strong>ja<\/strong><\/p>\n<\/td>\n<\/tr>\n<tr>\n<td class=\"n54117_item_a2\"><strong>Garanti <span class=\"n67256colon\">:<\/span><\/strong><\/td>\n<td class=\"n54117_item_b2\">\n<p class=\"n54117_item_b_sub\"><strong>1 \u00e5r<\/strong><\/p>\n<\/td>\n<\/tr>\n<\/tbody>\n<\/table>\n<p><iframe title=\"Redats Ls-370 2,5T\" width=\"1410\" height=\"793\" src=\"https:\/\/www.youtube.com\/embed\/WsGhfrV2WuI?feature=oembed\" frameborder=\"0\" allow=\"accelerometer; autoplay; clipboard-write; encrypted-media; gyroscope; picture-in-picture; web-share\" referrerpolicy=\"strict-origin-when-cross-origin\" allowfullscreen><\/iframe><\/p>\n","protected":false},"excerpt":{"rendered":"<p>&nbsp;<\/p>\n<p><strong>Redats Ls-370<\/strong> \u00e4r en rej\u00e4l och stadig halldomkraft som lyfter 2500kg.<\/p>\n<p>Med sin\u00a0 l\u00e5ga profil och l\u00e4gsta h\u00f6jd p\u00e5 endast 78mm s\u00e5 \u00e4r den l\u00e4mplig \u00e4ven till riktigt l\u00e5ga bilar.<\/p>\n<p>Automatisk snabblyftfunktion med dubbla pumpar, samma funktion som med pedal men betydligt enklare d\u00e5 du bara beh\u00f6ver anv\u00e4nda handtaget.<\/p>\n<p>Snabblyftfunktionen minskar antalet pumpningar med 50%.<\/p>\n<p>2-delat greppv\u00e4nligt pumphandtag med mjukt karosskydd.<\/p>\n<p>Vridbar lyftsadel med l\u00f6stagbar gummiplatta.<\/p>\n<p>H\u00f6jd 78-500mm<\/p>\n<p>&nbsp;<\/p>\n","protected":false},"featured_media":7080,"template":"","meta":{"_acf_changed":false,"_seopress_robots_primary_cat":"none","_seopress_titles_title":"","_seopress_titles_desc":"","_seopress_robots_index":""},"product_cat":[283,20],"product_tag":[],"class_list":{"0":"post-1774","1":"product","2":"type-product","3":"status-publish","4":"has-post-thumbnail","6":"product_cat-domkraft-pallbock","7":"product_cat-lyftteknik","8":"product_shipping_class-frakt-1990","10":"first","11":"instock","12":"taxable","13":"shipping-taxable","14":"purchasable","15":"product-type-simple","swatches":"rey-swatches","show_selected":""},"acf":[],"_links":{"self":[{"href":"https:\/\/toolhouse.fi\/sv\/wp-json\/wp\/v2\/product\/1774","targetHints":{"allow":["GET"]}}],"collection":[{"href":"https:\/\/toolhouse.fi\/sv\/wp-json\/wp\/v2\/product"}],"about":[{"href":"https:\/\/toolhouse.fi\/sv\/wp-json\/wp\/v2\/types\/product"}],"version-history":[{"count":0,"href":"https:\/\/toolhouse.fi\/sv\/wp-json\/wp\/v2\/product\/1774\/revisions"}],"wp:featuredmedia":[{"embeddable":true,"href":"https:\/\/toolhouse.fi\/sv\/wp-json\/wp\/v2\/media\/7080"}],"wp:attachment":[{"href":"https:\/\/toolhouse.fi\/sv\/wp-json\/wp\/v2\/media?parent=1774"}],"wp:term":[{"taxonomy":"product_cat","embeddable":true,"href":"https:\/\/toolhouse.fi\/sv\/wp-json\/wp\/v2\/product_cat?post=1774"},{"taxonomy":"product_tag","embeddable":true,"href":"https:\/\/toolhouse.fi\/sv\/wp-json\/wp\/v2\/product_tag?post=1774"}],"curies":[{"name":"wp","href":"https:\/\/api.w.org\/{rel}","templated":true}]}}