{"id":1822,"date":"2020-11-17T13:49:45","date_gmt":"2020-11-17T11:49:45","guid":{"rendered":"https:\/\/toolhouse.fi\/?post_type=product&#038;p=1822"},"modified":"2025-04-28T14:51:47","modified_gmt":"2025-04-28T11:51:47","slug":"x-tra-seal-237ml","status":"publish","type":"product","link":"https:\/\/toolhouse.fi\/sv\/produkt\/x-tra-seal-237ml\/","title":{"rendered":"X-tra Seal 237ml"},"content":{"rendered":"","protected":false},"excerpt":{"rendered":"<p>&nbsp;<\/p>\n<p>&nbsp;<\/p>\n<p>Universallim av b\u00e4sta kvalitet till lappar och pluggar \u00e5t b\u00e5de d\u00e4ck och innerslang.<\/p>\n<p>Tillverkad i Usa.<\/p>\n<p>Lock med borste.<\/p>\n<p>237ml.<\/p>\n<p>&nbsp;<\/p>\n<p>&nbsp;<\/p>\n","protected":false},"featured_media":1818,"template":"","meta":{"_acf_changed":false,"_seopress_robots_primary_cat":"none","_seopress_titles_title":"","_seopress_titles_desc":"","_seopress_robots_index":""},"product_cat":[18,158],"product_tag":[],"class_list":{"0":"post-1822","1":"product","2":"type-product","3":"status-publish","4":"has-post-thumbnail","6":"product_cat-dackarbete","7":"product_cat-dackreparation","8":"product_shipping_class-tillbehor-790","10":"first","11":"outofstock","12":"taxable","13":"shipping-taxable","14":"purchasable","15":"product-type-simple","swatches":"rey-swatches","show_selected":""},"acf":[],"_links":{"self":[{"href":"https:\/\/toolhouse.fi\/sv\/wp-json\/wp\/v2\/product\/1822","targetHints":{"allow":["GET"]}}],"collection":[{"href":"https:\/\/toolhouse.fi\/sv\/wp-json\/wp\/v2\/product"}],"about":[{"href":"https:\/\/toolhouse.fi\/sv\/wp-json\/wp\/v2\/types\/product"}],"version-history":[{"count":1,"href":"https:\/\/toolhouse.fi\/sv\/wp-json\/wp\/v2\/product\/1822\/revisions"}],"predecessor-version":[{"id":18290,"href":"https:\/\/toolhouse.fi\/sv\/wp-json\/wp\/v2\/product\/1822\/revisions\/18290"}],"wp:featuredmedia":[{"embeddable":true,"href":"https:\/\/toolhouse.fi\/sv\/wp-json\/wp\/v2\/media\/1818"}],"wp:attachment":[{"href":"https:\/\/toolhouse.fi\/sv\/wp-json\/wp\/v2\/media?parent=1822"}],"wp:term":[{"taxonomy":"product_cat","embeddable":true,"href":"https:\/\/toolhouse.fi\/sv\/wp-json\/wp\/v2\/product_cat?post=1822"},{"taxonomy":"product_tag","embeddable":true,"href":"https:\/\/toolhouse.fi\/sv\/wp-json\/wp\/v2\/product_tag?post=1822"}],"curies":[{"name":"wp","href":"https:\/\/api.w.org\/{rel}","templated":true}]}}