{"id":1824,"date":"2020-11-17T14:01:39","date_gmt":"2020-11-17T12:01:39","guid":{"rendered":"https:\/\/toolhouse.fi\/?post_type=product&#038;p=1824"},"modified":"2026-02-25T15:32:45","modified_gmt":"2026-02-25T13:32:45","slug":"kombi-plugg-lapp-6mm-10-pack","status":"publish","type":"product","link":"https:\/\/toolhouse.fi\/sv\/produkt\/kombi-plugg-lapp-6mm-10-pack\/","title":{"rendered":"Kombi plugg\/lapp 6mm 10 pack"},"content":{"rendered":"","protected":false},"excerpt":{"rendered":"<p>kombinerad laglapp\/plugg f\u00f6r slitbanereparation i radial och diagonald\u00e4ck.<\/p>\n<div>\n<p>Svamppluggen kombinerar en cirkul\u00e4r lapp med en plugg och \u00e4r det s\u00e4kraste s\u00e4ttet att laga en punktering.<\/p>\n<p>H\u00e5let borras f\u00f6rst\u00a0 d\u00e4refter slipas och bel\u00e4ggs innerytan med lim, och svamppluggens \u201dsvans\u201d (som \u00e4r f\u00f6rstyvad med en tr\u00e5dinsats ) matas genom det nyligen gjorda h\u00e5let fr\u00e5n insidan av d\u00e4cket.<\/p>\n<p>En skyddsfilm avl\u00e4gsnas fr\u00e5n den inre kanten av svampen f\u00f6r att exponera den vulkaniserande ytan och tr\u00e5dsvansen dras ut\u00a0 och placerar svampen mot den f\u00f6rberedda insidan av d\u00e4cket. N\u00e4r pluggen \u00e4r p\u00e5 plats kan \u00f6verskottet av gummi sk\u00e4ras bort och kvar \u00e4r en gummiplugg limmad i h\u00e5let med en lapp som t\u00e4cker punkteringspunkten inuti.<\/p>\n<p>En helt s\u00e4ker reparation.<\/p>\n<ul>\n<li>F\u00f6rpackning: 10st<\/li>\n<li>Tillverkare: Geko<\/li>\n<\/ul>\n<\/div>\n","protected":false},"featured_media":26003,"template":"","meta":{"_acf_changed":false,"_seopress_robots_primary_cat":"none","_seopress_titles_title":"","_seopress_titles_desc":"","_seopress_robots_index":""},"product_cat":[18,158],"product_tag":[],"class_list":{"0":"post-1824","1":"product","2":"type-product","3":"status-publish","4":"has-post-thumbnail","6":"product_cat-dackarbete","7":"product_cat-dackreparation","8":"product_shipping_class-tillbehor-590","10":"first","11":"instock","12":"taxable","13":"shipping-taxable","14":"purchasable","15":"product-type-simple","swatches":"rey-swatches","show_selected":""},"acf":[],"_links":{"self":[{"href":"https:\/\/toolhouse.fi\/sv\/wp-json\/wp\/v2\/product\/1824","targetHints":{"allow":["GET"]}}],"collection":[{"href":"https:\/\/toolhouse.fi\/sv\/wp-json\/wp\/v2\/product"}],"about":[{"href":"https:\/\/toolhouse.fi\/sv\/wp-json\/wp\/v2\/types\/product"}],"version-history":[{"count":3,"href":"https:\/\/toolhouse.fi\/sv\/wp-json\/wp\/v2\/product\/1824\/revisions"}],"predecessor-version":[{"id":26007,"href":"https:\/\/toolhouse.fi\/sv\/wp-json\/wp\/v2\/product\/1824\/revisions\/26007"}],"wp:featuredmedia":[{"embeddable":true,"href":"https:\/\/toolhouse.fi\/sv\/wp-json\/wp\/v2\/media\/26003"}],"wp:attachment":[{"href":"https:\/\/toolhouse.fi\/sv\/wp-json\/wp\/v2\/media?parent=1824"}],"wp:term":[{"taxonomy":"product_cat","embeddable":true,"href":"https:\/\/toolhouse.fi\/sv\/wp-json\/wp\/v2\/product_cat?post=1824"},{"taxonomy":"product_tag","embeddable":true,"href":"https:\/\/toolhouse.fi\/sv\/wp-json\/wp\/v2\/product_tag?post=1824"}],"curies":[{"name":"wp","href":"https:\/\/api.w.org\/{rel}","templated":true}]}}