{"id":1858,"date":"2020-11-17T19:20:48","date_gmt":"2020-11-17T17:20:48","guid":{"rendered":"https:\/\/toolhouse.fi\/?post_type=product&#038;p=1858"},"modified":"2026-03-30T13:42:29","modified_gmt":"2026-03-30T10:42:29","slug":"balanseringsvikter-paketpris-5-25g-500st-for-platfalgar","status":"publish","type":"product","link":"https:\/\/toolhouse.fi\/sv\/produkt\/balanseringsvikter-paketpris-5-25g-500st-for-platfalgar\/","title":{"rendered":"Balanseringsvikter(Fe). Paketpris 5-40g \/ 700st"},"content":{"rendered":"","protected":false},"excerpt":{"rendered":"<p>Fivestars balanseringsvikter f\u00f6r pl\u00e5tf\u00e4lgar.<\/p>\n<p>Material Fe.<\/p>\n<p>Galvaniserade.<\/p>\n<p><strong>Paketet<\/strong>\u00a0<strong>Inneh\u00e5ller:<\/strong><\/p>\n<ul>\n<li>100 st\u00a0 \u00a05g vikter<\/li>\n<li>100 st 10g vikter<\/li>\n<li>100 st 15g vikter<\/li>\n<li>100 st 20g vikter<\/li>\n<li>100 st 25g vikter<\/li>\n<li>100 st 30g vikter<\/li>\n<li>50\u00a0 \u00a0st 35g vikter<\/li>\n<li>50\u00a0 \u00a0st 40g vikter<\/li>\n<\/ul>\n<p><strong>700 st \/ 14,25 kg<\/strong><\/p>\n","protected":false},"featured_media":13538,"template":"","meta":{"_acf_changed":false,"_seopress_robots_primary_cat":"none","_seopress_titles_title":"","_seopress_titles_desc":"","_seopress_robots_index":""},"product_cat":[293],"product_tag":[],"class_list":{"0":"post-1858","1":"product","2":"type-product","3":"status-publish","4":"has-post-thumbnail","6":"product_cat-slagvikter-for-platfalg","7":"product_shipping_class-tillbehor-790","9":"first","10":"instock","11":"taxable","12":"shipping-taxable","13":"purchasable","14":"product-type-simple","swatches":"rey-swatches","show_selected":""},"acf":[],"_links":{"self":[{"href":"https:\/\/toolhouse.fi\/sv\/wp-json\/wp\/v2\/product\/1858","targetHints":{"allow":["GET"]}}],"collection":[{"href":"https:\/\/toolhouse.fi\/sv\/wp-json\/wp\/v2\/product"}],"about":[{"href":"https:\/\/toolhouse.fi\/sv\/wp-json\/wp\/v2\/types\/product"}],"version-history":[{"count":1,"href":"https:\/\/toolhouse.fi\/sv\/wp-json\/wp\/v2\/product\/1858\/revisions"}],"predecessor-version":[{"id":18589,"href":"https:\/\/toolhouse.fi\/sv\/wp-json\/wp\/v2\/product\/1858\/revisions\/18589"}],"wp:featuredmedia":[{"embeddable":true,"href":"https:\/\/toolhouse.fi\/sv\/wp-json\/wp\/v2\/media\/13538"}],"wp:attachment":[{"href":"https:\/\/toolhouse.fi\/sv\/wp-json\/wp\/v2\/media?parent=1858"}],"wp:term":[{"taxonomy":"product_cat","embeddable":true,"href":"https:\/\/toolhouse.fi\/sv\/wp-json\/wp\/v2\/product_cat?post=1858"},{"taxonomy":"product_tag","embeddable":true,"href":"https:\/\/toolhouse.fi\/sv\/wp-json\/wp\/v2\/product_tag?post=1858"}],"curies":[{"name":"wp","href":"https:\/\/api.w.org\/{rel}","templated":true}]}}