{"id":18872,"date":"2024-09-10T15:31:15","date_gmt":"2024-09-10T12:31:15","guid":{"rendered":"https:\/\/toolhouse.fi\/?post_type=product&#038;p=18872"},"modified":"2025-11-06T10:12:20","modified_gmt":"2025-11-06T08:12:20","slug":"stort-faste-till-pk-4000a-pk-4000g","status":"publish","type":"product","link":"https:\/\/toolhouse.fi\/sv\/produkt\/stort-faste-till-pk-4000a-pk-4000g\/","title":{"rendered":"Stort f\u00e4ste till PK-4000 A \/ G \/ P"},"content":{"rendered":"","protected":false},"excerpt":{"rendered":"<p>Golvf\u00e4sten som bultas fast i lyftens befintliga f\u00e4stplattor och i golvet.<\/p>\n<p>J\u00e4mnar ut belastningen \u00f6ver en st\u00f6rre golvyta samt ger fler f\u00e4stpunkter.<\/p>\n<ul>\n<li>L\u00e4ngd 1100 mm<\/li>\n<li>Materialtjocklek 8 \/ 10 mm<\/li>\n<\/ul>\n<p>&nbsp;<\/p>\n<p>Passar till:<\/p>\n<ul>\n<li>PK-4000G<\/li>\n<li>PK-4000A<\/li>\n<li>PK-4000P<\/li>\n<\/ul>\n<p>Levereras parvis.<\/p>\n","protected":false},"featured_media":18916,"template":"","meta":{"_acf_changed":false,"_seopress_robots_primary_cat":"none","_seopress_titles_title":"","_seopress_titles_desc":"","_seopress_robots_index":""},"product_cat":[278,458,20],"product_tag":[],"class_list":{"0":"post-18872","1":"product","2":"type-product","3":"status-publish","4":"has-post-thumbnail","6":"product_cat-2-pelarlyft","7":"product_cat-fordonslyftar","8":"product_cat-lyftteknik","9":"product_shipping_class-k-160","11":"first","12":"outofstock","13":"taxable","14":"shipping-taxable","15":"purchasable","16":"product-type-simple","swatches":"rey-swatches","show_selected":""},"acf":[],"_links":{"self":[{"href":"https:\/\/toolhouse.fi\/sv\/wp-json\/wp\/v2\/product\/18872","targetHints":{"allow":["GET"]}}],"collection":[{"href":"https:\/\/toolhouse.fi\/sv\/wp-json\/wp\/v2\/product"}],"about":[{"href":"https:\/\/toolhouse.fi\/sv\/wp-json\/wp\/v2\/types\/product"}],"version-history":[{"count":3,"href":"https:\/\/toolhouse.fi\/sv\/wp-json\/wp\/v2\/product\/18872\/revisions"}],"predecessor-version":[{"id":23429,"href":"https:\/\/toolhouse.fi\/sv\/wp-json\/wp\/v2\/product\/18872\/revisions\/23429"}],"wp:featuredmedia":[{"embeddable":true,"href":"https:\/\/toolhouse.fi\/sv\/wp-json\/wp\/v2\/media\/18916"}],"wp:attachment":[{"href":"https:\/\/toolhouse.fi\/sv\/wp-json\/wp\/v2\/media?parent=18872"}],"wp:term":[{"taxonomy":"product_cat","embeddable":true,"href":"https:\/\/toolhouse.fi\/sv\/wp-json\/wp\/v2\/product_cat?post=18872"},{"taxonomy":"product_tag","embeddable":true,"href":"https:\/\/toolhouse.fi\/sv\/wp-json\/wp\/v2\/product_tag?post=18872"}],"curies":[{"name":"wp","href":"https:\/\/api.w.org\/{rel}","templated":true}]}}