{"id":18888,"date":"2024-09-10T15:31:16","date_gmt":"2024-09-10T12:31:16","guid":{"rendered":"https:\/\/toolhouse.fi\/?post_type=product&#038;p=18888"},"modified":"2026-03-27T10:12:18","modified_gmt":"2026-03-27T08:12:18","slug":"domkraft-lufthydraulisk-22-ton","status":"publish","type":"product","link":"https:\/\/toolhouse.fi\/sv\/produkt\/domkraft-lufthydraulisk-22-ton\/","title":{"rendered":"Domkraft lufthydraulisk 22 ton"},"content":{"rendered":"<table class=\"n54117_dictionary\">\n<tbody>\n<tr>\n<td class=\"n54117_item_a1\"><span style=\"color: #333333;\"><strong>Tillverkare <span class=\"n67256colon\">:<\/span><\/strong><\/span><\/p>\n<p><span style=\"color: #333333;\"><strong>Typ :\u00a0<\/strong><\/span><\/p>\n<p><span style=\"color: #333333;\"><strong>Lyftkraft :\u00a0<\/strong><\/span><\/td>\n<td class=\"n54117_item_b1\"><span style=\"color: #333333;\"><strong>Geko<\/strong><\/span><\/p>\n<p><span style=\"color: #333333;\"><strong>Lufthydraulisk domkraft 22 ton<\/strong><\/span><\/p>\n<p><span style=\"color: #333333;\"><strong>22000 kg<\/strong><\/span><\/td>\n<\/tr>\n<tr>\n<td class=\"n54117_item_a2\"><span style=\"color: #333333;\"><strong>Min h\u00f6jd <span class=\"n67256colon\">:<\/span><\/strong><\/span><\/td>\n<td class=\"n54117_item_b2\">\n<p class=\"n54117_item_b_sub\"><span style=\"color: #333333;\"><strong>220+20 mm<\/strong><\/span><\/p>\n<\/td>\n<\/tr>\n<tr>\n<td class=\"n54117_item_a1\"><span style=\"color: #333333;\"><strong>Max h\u00f6jd <span class=\"n67256colon\">:<\/span><\/strong><\/span><\/td>\n<td class=\"n54117_item_b1\">\n<p class=\"n54117_item_b_sub\"><span style=\"color: #333333;\"><strong>435+100 mm<\/strong><\/span><\/p>\n<\/td>\n<\/tr>\n<tr>\n<td class=\"n54117_item_a2\"><span style=\"color: #333333;\"><strong>Slagl\u00e4ngd <span class=\"n67256colon\">:<\/span><\/strong><\/span><\/td>\n<td class=\"n54117_item_b2\">\n<p class=\"n54117_item_b_sub\"><span style=\"color: #333333;\"><strong>135 mm<\/strong><\/span><\/p>\n<\/td>\n<\/tr>\n<tr>\n<td class=\"n54117_item_a1\"><span style=\"color: #333333;\"><strong>F\u00f6rh\u00f6jningsdelar 4st :<\/strong><\/span><\/td>\n<td class=\"n54117_item_b1\">\n<p class=\"n54117_item_b_sub\"><span style=\"color: #333333;\"><strong>1x diameter 68 mm, h\u00f6jd 20 mm<\/strong><\/span><\/p>\n<p class=\"n54117_item_b_sub\"><span style=\"color: #333333;\"><strong>3x diameter 48 mm, h\u00f6jd 20\/60\/100 mm<\/strong><\/span><\/p>\n<\/td>\n<\/tr>\n<tr>\n<td class=\"n54117_item_a2\"><span style=\"color: #333333;\"><strong>H\u00f6jd p\u00e5 f\u00f6rh\u00f6jning med g\u00e4nga :\u00a0<\/strong><\/span><\/td>\n<td class=\"n54117_item_b2\">\n<p class=\"n54117_item_b_sub\"><span style=\"color: #333333;\"><strong>80 mm<\/strong><\/span><\/p>\n<\/td>\n<\/tr>\n<tr>\n<td class=\"n54117_item_a1\"><span style=\"color: #333333;\"><strong><span class=\"n67256colon\">Hjulstorlek :<\/span><\/strong><\/span><\/td>\n<td class=\"n54117_item_b1\">\n<p class=\"n54117_item_b_sub\"><span style=\"color: #333333;\"><strong>180 mm<\/strong><\/span><\/p>\n<\/td>\n<\/tr>\n<tr>\n<td class=\"n54117_item_a2\"><span style=\"color: #333333;\"><strong>\u00d6vertrycksventil :<\/strong><\/span><\/td>\n<td class=\"n54117_item_b2\">\n<p class=\"n54117_item_b_sub\"><span style=\"color: #333333;\"><strong>ja<\/strong><\/span><\/p>\n<\/td>\n<\/tr>\n<tr>\n<td class=\"n54117_item_a1\"><span style=\"color: #333333;\"><strong>Vikt <span class=\"n67256colon\">:<\/span><\/strong><\/span><\/td>\n<td class=\"n54117_item_b1\">\n<p class=\"n54117_item_b_sub\"><span style=\"color: #333333;\"><strong>40 kg<\/strong><\/span><\/p>\n<\/td>\n<\/tr>\n<tr>\n<td class=\"n54117_item_a2\"><span style=\"color: #333333;\"><strong>Handtagets l\u00e4ngd <span class=\"n67256colon\">:<\/span><\/strong><\/span><\/td>\n<td class=\"n54117_item_b2\">\n<p class=\"n54117_item_b_sub\"><span style=\"color: #333333;\"><strong>116 cm<\/strong><\/span><\/p>\n<\/td>\n<\/tr>\n<tr>\n<td class=\"n54117_item_a1\"><span style=\"color: #333333;\"><strong>Dimensioner (L x B x H) <span class=\"n67256colon\">:<\/span><\/strong><\/span><\/td>\n<td class=\"n54117_item_b1\">\n<p class=\"n54117_item_b_sub\">\n<\/td>\n<\/tr>\n<tr>\n<td class=\"n54117_item_a2\"><span style=\"color: #333333;\"><strong>Luftf\u00f6rbrukning :<\/strong><\/span><\/p>\n<p><span style=\"color: #333333;\"><strong>Rekomenderat lufttryck :<\/strong><\/span><\/td>\n<td class=\"n54117_item_b2\">\n<p class=\"n54117_item_b_sub\"><span style=\"color: #333333;\"><strong>max 300 L\/min<\/strong><\/span><\/p>\n<p><span style=\"color: #333333;\"><strong>7,5 &#8211; 8,5 bar<\/strong><\/span><\/td>\n<\/tr>\n<tr>\n<td class=\"n54117_item_a1\"><span style=\"color: #333333;\"><strong>CE-m\u00e4rkt <span class=\"n67256colon\">:<\/span><\/strong><\/span><\/td>\n<td class=\"n54117_item_b1\">\n<p class=\"n54117_item_b_sub\"><span style=\"color: #333333;\"><strong>ja<\/strong><\/span><\/p>\n<\/td>\n<\/tr>\n<tr>\n<td class=\"n54117_item_a2\"><span style=\"color: #333333;\"><strong>Garanti <span class=\"n67256colon\">:<\/span><\/strong><\/span><\/td>\n<td class=\"n54117_item_b2\">\n<p class=\"n54117_item_b_sub\"><span style=\"color: #333333;\"><strong>1 \u00e5r<\/strong><\/span><\/p>\n<\/td>\n<\/tr>\n<\/tbody>\n<\/table>\n","protected":false},"excerpt":{"rendered":"<p>&nbsp;<\/p>\n<p>Snabb och rej\u00e4l domkraft fr\u00e5n Geko som lyfter 22 ton, perfekt till lastbilar, traktorer och \u00f6vriga tunga fordon.<\/p>\n<p>Handtaget \u00e4r l\u00e5ngt och justerbart i tre olika l\u00e4gen vilket g\u00f6r det l\u00e4tt att placera domkraften under t.ex. en lastbilsaxel.<\/p>\n<p>Lyftning och s\u00e4nkning g\u00f6rs bekv\u00e4mt fr\u00e5n handtaget.<\/p>\n<p>Domkraften har en inbyggd g\u00e4ngad f\u00f6rh\u00f6jning p\u00e5 80mm och 3 st f\u00f6rh\u00f6jningar med h\u00f6jd p\u00e5 20\/60\/100 mm samt en bred\u00a0 lyftplatta med h\u00f6jden 20 mm.<\/p>\n<p>&nbsp;<\/p>\n<p>&nbsp;<\/p>\n","protected":false},"featured_media":19054,"template":"","meta":{"_acf_changed":false,"_seopress_robots_primary_cat":"none","_seopress_titles_title":"","_seopress_titles_desc":"","_seopress_robots_index":""},"product_cat":[283,20],"product_tag":[],"class_list":{"0":"post-18888","1":"product","2":"type-product","3":"status-publish","4":"has-post-thumbnail","6":"product_cat-domkraft-pallbock","7":"product_cat-lyftteknik","8":"product_shipping_class-frakt-2290","10":"first","11":"instock","12":"taxable","13":"shipping-taxable","14":"purchasable","15":"product-type-simple","swatches":"rey-swatches","show_selected":""},"acf":[],"_links":{"self":[{"href":"https:\/\/toolhouse.fi\/sv\/wp-json\/wp\/v2\/product\/18888","targetHints":{"allow":["GET"]}}],"collection":[{"href":"https:\/\/toolhouse.fi\/sv\/wp-json\/wp\/v2\/product"}],"about":[{"href":"https:\/\/toolhouse.fi\/sv\/wp-json\/wp\/v2\/types\/product"}],"version-history":[{"count":1,"href":"https:\/\/toolhouse.fi\/sv\/wp-json\/wp\/v2\/product\/18888\/revisions"}],"predecessor-version":[{"id":19056,"href":"https:\/\/toolhouse.fi\/sv\/wp-json\/wp\/v2\/product\/18888\/revisions\/19056"}],"wp:featuredmedia":[{"embeddable":true,"href":"https:\/\/toolhouse.fi\/sv\/wp-json\/wp\/v2\/media\/19054"}],"wp:attachment":[{"href":"https:\/\/toolhouse.fi\/sv\/wp-json\/wp\/v2\/media?parent=18888"}],"wp:term":[{"taxonomy":"product_cat","embeddable":true,"href":"https:\/\/toolhouse.fi\/sv\/wp-json\/wp\/v2\/product_cat?post=18888"},{"taxonomy":"product_tag","embeddable":true,"href":"https:\/\/toolhouse.fi\/sv\/wp-json\/wp\/v2\/product_tag?post=18888"}],"curies":[{"name":"wp","href":"https:\/\/api.w.org\/{rel}","templated":true}]}}