{"id":18890,"date":"2024-09-10T15:31:16","date_gmt":"2024-09-10T12:31:16","guid":{"rendered":"https:\/\/toolhouse.fi\/?post_type=product&#038;p=18890"},"modified":"2026-02-13T10:03:39","modified_gmt":"2026-02-13T08:03:39","slug":"halldomkraft-3t-98-76cm","status":"publish","type":"product","link":"https:\/\/toolhouse.fi\/sv\/produkt\/halldomkraft-3t-98-76cm\/","title":{"rendered":"Halldomkraft 3T 9,8-76cm"},"content":{"rendered":"<table class=\"n54117_dictionary\" style=\"font-size: 14.4px;\">\n<tbody>\n<tr>\n<td class=\"n54117_item_a1\"><strong>Tillverkare <span class=\"n67256colon\">:<\/span><\/strong><\/td>\n<td class=\"n54117_item_b1\"><strong>Tvardy<\/strong><\/td>\n<\/tr>\n<tr>\n<td class=\"n54117_item_a2\"><strong>Min h\u00f6jd <span class=\"n67256colon\">:<\/span><\/strong><\/td>\n<td class=\"n54117_item_b2\">\n<p class=\"n54117_item_b_sub\"><strong>98 mm<\/strong><\/p>\n<\/td>\n<\/tr>\n<tr>\n<td class=\"n54117_item_a1\"><strong>Max h\u00f6jd <span class=\"n67256colon\">:<\/span><\/strong><\/td>\n<td class=\"n54117_item_b1\">\n<p class=\"n54117_item_b_sub\"><strong>760 mm<\/strong><\/p>\n<\/td>\n<\/tr>\n<tr>\n<td class=\"n54117_item_a2\"><strong>Quick lift funktion\u00a0<span class=\"n67256colon\">:<\/span><\/strong><\/td>\n<td class=\"n54117_item_b2\">\n<p class=\"n54117_item_b_sub\"><strong>ja<\/strong><\/p>\n<\/td>\n<\/tr>\n<tr>\n<td class=\"n54117_item_a1\"><strong>360 \u00b0 roterande lyftplatta <span class=\"n67256colon\">:<\/span><\/strong><\/td>\n<td class=\"n54117_item_b1\">\n<p class=\"n54117_item_b_sub\"><strong>ja<\/strong><\/p>\n<\/td>\n<\/tr>\n<tr>\n<td class=\"n54117_item_a2\"><strong>Dammskyddade kolvar.:<\/strong><\/td>\n<td class=\"n54117_item_b2\">\n<p class=\"n54117_item_b_sub\"><strong>ja<\/strong><\/p>\n<\/td>\n<\/tr>\n<tr>\n<td class=\"n54117_item_a1\"><strong><span class=\"n67256colon\">Lyftskydd gummi:<\/span><\/strong><\/td>\n<td class=\"n54117_item_b1\">\n<p class=\"n54117_item_b_sub\"><strong>ja<\/strong><\/p>\n<\/td>\n<\/tr>\n<tr>\n<td class=\"n54117_item_a2\"><strong>Handtag med karosskydd<\/strong><\/td>\n<td class=\"n54117_item_b2\">\n<p class=\"n54117_item_b_sub\"><strong>ja<\/strong><\/p>\n<\/td>\n<\/tr>\n<tr>\n<td class=\"n54117_item_a1\"><strong>Vikt <span class=\"n67256colon\">:<\/span><\/strong><\/td>\n<td class=\"n54117_item_b1\">\n<p class=\"n54117_item_b_sub\"><strong>45kg<\/strong><\/p>\n<\/td>\n<\/tr>\n<tr>\n<td class=\"n54117_item_a2\"><strong>Handtagets l\u00e4ngd <span class=\"n67256colon\">:<\/span><\/strong><\/td>\n<td class=\"n54117_item_b2\">\n<p class=\"n54117_item_b_sub\"><strong>105 cm<\/strong><\/p>\n<\/td>\n<\/tr>\n<tr>\n<td class=\"n54117_item_a1\"><strong>Dimensioner (L x B x H) <span class=\"n67256colon\">:<\/span><\/strong><\/td>\n<td class=\"n54117_item_b1\">\n<p class=\"n54117_item_b_sub\"><strong>805 x 365 x 170 mm<\/strong><\/p>\n<\/td>\n<\/tr>\n<tr>\n<td class=\"n54117_item_a2\"><strong>Maximal lyftkapacitet <span class=\"n67256colon\">:<\/span><\/strong><\/td>\n<td class=\"n54117_item_b2\">\n<p class=\"n54117_item_b_sub\"><strong>3 ton<\/strong><\/p>\n<\/td>\n<\/tr>\n<tr>\n<td class=\"n54117_item_a1\"><strong>CE-m\u00e4rkt <span class=\"n67256colon\">:<\/span><\/strong><\/td>\n<td class=\"n54117_item_b1\">\n<p class=\"n54117_item_b_sub\"><strong>ja<\/strong><\/p>\n<\/td>\n<\/tr>\n<tr>\n<td class=\"n54117_item_a2\"><strong>Garanti <span class=\"n67256colon\">:<\/span><\/strong><\/td>\n<td class=\"n54117_item_b2\">\n<p class=\"n54117_item_b_sub\"><strong>1 \u00e5r<\/strong><\/p>\n<\/td>\n<\/tr>\n<\/tbody>\n<\/table>\n","protected":false},"excerpt":{"rendered":"<p>&nbsp;<\/p>\n<p><strong>Tvardy professional 3T domkraft<\/strong><\/p>\n<p>&nbsp;<\/p>\n<p>M\u00e5ngsidig och stabil halldomkraft som lyfter 3000kg och 98-760 mm.<\/p>\n<p>Domkraften har en unik design vilket g\u00f6r den l\u00e4mplig till att lyfta de flesta fordonen, i l\u00e5gprofill\u00e4ge \u00e4r lyftkraften 2 ton och i 90\u00b0 l\u00e4ge 3 ton.<\/p>\n<p>Att byta fr\u00e5n l\u00e5gprofil till 90\u00b0 konfiguration tar bara n\u00e5gra sekunder.<\/p>\n<p>&nbsp;<\/p>\n<p><strong>M\u00e5tt p\u00e5 lyfth\u00f6jd.<\/strong><\/p>\n<ul>\n<li>L\u00e5gprofil + lyftplatta:<strong> 98 \u2013 590 mm <\/strong>(2 ton)<\/li>\n<li>L\u00e5gprofil + justerbar f\u00f6rh\u00f6jning: <strong>205\/240\/275 mm \u2013 690\/725\/760 mm <\/strong>(2 ton)<\/li>\n<li>90\u00b0 + lyftplatta: <strong>245 \u2013 590 mm <\/strong>(3 ton)<\/li>\n<li>90\u00b0 + justerbar f\u00f6rh\u00f6jning: <strong>360\/395\/430 mm \u2013 690\/725\/760 mm <\/strong>(3 ton)<\/li>\n<\/ul>\n<p>&nbsp;<\/p>\n<ul>\n<li>Automatisk snabblyftfunktion med dubbla pumpar, samma funktion som med pedal men betydligt enklare d\u00e5 du bara beh\u00f6ver anv\u00e4nda handtaget.<\/li>\n<li>Snabblyftfunktionen minskar antalet pumpningar med 50%.<\/li>\n<li>Lyfter 2 ton i l\u00e5gprofill\u00e4ge och 3 ton i 90\u00b0 l\u00e4ge.<\/li>\n<li>2-delat greppv\u00e4nligt pumphandtag med mjukt karosskydd.<\/li>\n<li>Vridbar lyftsadel med l\u00f6stagbar gummiplatta.<\/li>\n<li>F\u00f6rh\u00f6jningsdel, justerbar i 3 l\u00e4gen.<\/li>\n<li>Sm\u00f6rjbara lager p\u00e5 viktiga komponenter.<\/li>\n<li>H\u00f6gsta kvalitet, tillverkad av tjock st\u00e5lpl\u00e5t och kvalitetsdelar, domkraften \u00e4r b\u00e5de h\u00e5llbar och stadig<\/li>\n<li>M\u00e5ngsidig anv\u00e4ndning, lyfter allt fr\u00e5n l\u00e5ga bilar till suv.<\/li>\n<\/ul>\n<h4><a href=\"https:\/\/www.youtube.com\/watch?v=prGvCUzDXl8&amp;t=111s\" target=\"_blank\" rel=\"noopener\"><img alt=\"\" decoding=\"async\" class=\"alignnone wp-image-13410\" src=\"https:\/\/toolhouse.fi\/wp-content\/uploads\/2023\/05\/6-61265_-play-button-150x150.jpg\" sizes=\"(max-width: 78px) 100vw, 78px\" srcset=\"https:\/\/toolhouse.fi\/wp-content\/uploads\/2023\/05\/6-61265_-play-button-150x150.jpg 150w, https:\/\/toolhouse.fi\/wp-content\/uploads\/2023\/05\/6-61265_-play-button-100x100.jpg 100w\" alt=\"\" width=\"78\" height=\"78\" \/><\/a><a href=\"https:\/\/www.youtube.com\/watch?v=prGvCUzDXl8&amp;t=111s\" target=\"_blank\" rel=\"noopener\"><strong><span lang=\"fi\">L\u00e4nk till produktvideo<\/span><\/strong><\/a><\/h4>\n<p>&nbsp;<\/p>\n","protected":false},"featured_media":19082,"template":"","meta":{"_acf_changed":false,"_seopress_robots_primary_cat":"none","_seopress_titles_title":"","_seopress_titles_desc":"","_seopress_robots_index":""},"product_cat":[283,20],"product_tag":[],"class_list":{"0":"post-18890","1":"product","2":"type-product","3":"status-publish","4":"has-post-thumbnail","6":"product_cat-domkraft-pallbock","7":"product_cat-lyftteknik","8":"product_shipping_class-frakt59e","10":"first","11":"outofstock","12":"sale","13":"taxable","14":"shipping-taxable","15":"purchasable","16":"product-type-simple","swatches":"rey-swatches","show_selected":""},"acf":[],"_links":{"self":[{"href":"https:\/\/toolhouse.fi\/sv\/wp-json\/wp\/v2\/product\/18890","targetHints":{"allow":["GET"]}}],"collection":[{"href":"https:\/\/toolhouse.fi\/sv\/wp-json\/wp\/v2\/product"}],"about":[{"href":"https:\/\/toolhouse.fi\/sv\/wp-json\/wp\/v2\/types\/product"}],"version-history":[{"count":0,"href":"https:\/\/toolhouse.fi\/sv\/wp-json\/wp\/v2\/product\/18890\/revisions"}],"wp:featuredmedia":[{"embeddable":true,"href":"https:\/\/toolhouse.fi\/sv\/wp-json\/wp\/v2\/media\/19082"}],"wp:attachment":[{"href":"https:\/\/toolhouse.fi\/sv\/wp-json\/wp\/v2\/media?parent=18890"}],"wp:term":[{"taxonomy":"product_cat","embeddable":true,"href":"https:\/\/toolhouse.fi\/sv\/wp-json\/wp\/v2\/product_cat?post=18890"},{"taxonomy":"product_tag","embeddable":true,"href":"https:\/\/toolhouse.fi\/sv\/wp-json\/wp\/v2\/product_tag?post=18890"}],"curies":[{"name":"wp","href":"https:\/\/api.w.org\/{rel}","templated":true}]}}