{"id":18892,"date":"2024-09-10T15:31:16","date_gmt":"2024-09-10T12:31:16","guid":{"rendered":"https:\/\/toolhouse.fi\/?post_type=product&#038;p=18892"},"modified":"2026-02-11T10:51:26","modified_gmt":"2026-02-11T08:51:26","slug":"bilramp-2st-2t","status":"publish","type":"product","link":"https:\/\/toolhouse.fi\/sv\/produkt\/bilramp-2st-2t\/","title":{"rendered":"Bilramp 2st 2T"},"content":{"rendered":"<table class=\"n54117_dictionary\">\n<tbody>\n<tr>\n<td class=\"n54117_item_a1\"><span style=\"color: #333333;\"><strong>Tillverkare\u00a0<span class=\"n67256colon\">:<\/span><\/strong><\/span><\/td>\n<td class=\"n54117_item_b1\"><span style=\"color: #333333;\"><strong>Geko <\/strong><\/span><\/td>\n<\/tr>\n<tr>\n<td class=\"n54117_item_a2\"><span style=\"color: #333333;\"><strong>Typ :\u00a0<\/strong><\/span><\/td>\n<td class=\"n54117_item_b2\">\n<p class=\"n54117_item_b_sub\"><span style=\"color: #333333;\"><strong>Serviceramp 2 ton<\/strong><\/span><\/p>\n<\/td>\n<\/tr>\n<tr>\n<td class=\"n54117_item_a1\"><span style=\"color: #333333;\"><strong>H\u00f6jd p\u00e5 plattform <span class=\"n67256colon\">:<\/span><\/strong><\/span><\/td>\n<td class=\"n54117_item_b1\">\n<p class=\"n54117_item_b_sub\"><span style=\"color: #333333;\"><strong>170 mm<\/strong><\/span><\/p>\n<\/td>\n<\/tr>\n<tr>\n<td class=\"n54117_item_a2\"><span style=\"color: #333333;\"><strong>Storlek p\u00e5 plattform :<\/strong><\/span><\/td>\n<td class=\"n54117_item_b2\">\n<p class=\"n54117_item_b_sub\"><span style=\"color: #333333;\"><strong>260 x 290 mm<\/strong><\/span><\/p>\n<\/td>\n<\/tr>\n<tr>\n<td class=\"n54117_item_a1\"><\/td>\n<td class=\"n54117_item_b1\">\n<p class=\"n54117_item_b_sub\">\n<\/td>\n<\/tr>\n<tr>\n<td class=\"n54117_item_a2\"><span style=\"color: #333333;\"><strong>Belastning :<\/strong><\/span><\/td>\n<td class=\"n54117_item_b2\">\n<p class=\"n54117_item_b_sub\"><span style=\"color: #333333;\"><strong>2000kg \/ par<\/strong><\/span><\/p>\n<\/td>\n<\/tr>\n<tr>\n<td class=\"n54117_item_a1\"><\/td>\n<td class=\"n54117_item_b1\">\n<p class=\"n54117_item_b_sub\">\n<\/td>\n<\/tr>\n<tr>\n<td class=\"n54117_item_a2\"><\/td>\n<td class=\"n54117_item_b2\">\n<p class=\"n54117_item_b_sub\">\n<\/td>\n<\/tr>\n<tr>\n<td class=\"n54117_item_a1\"><span style=\"color: #333333;\"><strong>Vikt\u00a0<span class=\"n67256colon\">:<\/span><\/strong><\/span><\/td>\n<td class=\"n54117_item_b1\">\n<p class=\"n54117_item_b_sub\"><span style=\"color: #333333;\"><strong>\u00a09 kg<\/strong><\/span><\/p>\n<\/td>\n<\/tr>\n<tr>\n<td class=\"n54117_item_a2\"><\/td>\n<td class=\"n54117_item_b2\">\n<p class=\"n54117_item_b_sub\">\n<\/td>\n<\/tr>\n<tr>\n<td class=\"n54117_item_a1\"><span style=\"color: #333333;\"><strong>Dimensioner (L x B x H)\u00a0<span class=\"n67256colon\">:<\/span><\/strong><\/span><\/td>\n<td class=\"n54117_item_b1\">\n<p class=\"n54117_item_b_sub\"><span style=\"color: #333333;\"><strong>900 x 330 x 220 mm<\/strong><\/span><\/p>\n<\/td>\n<\/tr>\n<tr>\n<td class=\"n54117_item_a2\"><span style=\"color: #333333;\"><strong>Paketet inneh\u00e5ller :<\/strong><\/span><\/td>\n<td class=\"n54117_item_b2\"><span style=\"color: #333333;\"><strong>2 st ramper<\/strong><\/span><\/td>\n<\/tr>\n<tr>\n<td class=\"n54117_item_a1\"><span style=\"color: #333333;\"><strong>CE-m\u00e4rkt\u00a0<span class=\"n67256colon\">:<\/span><\/strong><\/span><\/td>\n<td class=\"n54117_item_b1\">\n<p class=\"n54117_item_b_sub\"><span style=\"color: #333333;\"><strong>ja<\/strong><\/span><\/p>\n<\/td>\n<\/tr>\n<tr>\n<td class=\"n54117_item_a2\"><span style=\"color: #333333;\"><strong>Garanti\u00a0<span class=\"n67256colon\">:<\/span><\/strong><\/span><\/td>\n<td class=\"n54117_item_b2\">\n<p class=\"n54117_item_b_sub\"><span style=\"color: #333333;\"><strong>1 \u00e5r<\/strong><\/span><\/p>\n<\/td>\n<\/tr>\n<\/tbody>\n<\/table>\n","protected":false},"excerpt":{"rendered":"<p>Beh\u00e4ndiga ramper tillverkade av slagt\u00e5ligt plastmaterial med f\u00f6rst\u00e4rkningar.<\/p>\n<p>Rafflad yta f\u00f6r b\u00e4sta grepp.<\/p>\n<p>Stapelbara.<\/p>\n<p>Levereras parvis.<\/p>\n","protected":false},"featured_media":19134,"template":"","meta":{"_acf_changed":false,"_seopress_robots_primary_cat":"none","_seopress_titles_title":"","_seopress_titles_desc":"","_seopress_robots_index":""},"product_cat":[283,20,282],"product_tag":[],"class_list":{"0":"post-18892","1":"product","2":"type-product","3":"status-publish","4":"has-post-thumbnail","6":"product_cat-domkraft-pallbock","7":"product_cat-lyftteknik","8":"product_cat-tillbehor-reservdelar","9":"product_shipping_class-k-160","11":"first","12":"instock","13":"sale","14":"taxable","15":"shipping-taxable","16":"purchasable","17":"product-type-simple","swatches":"rey-swatches","show_selected":""},"acf":[],"_links":{"self":[{"href":"https:\/\/toolhouse.fi\/sv\/wp-json\/wp\/v2\/product\/18892","targetHints":{"allow":["GET"]}}],"collection":[{"href":"https:\/\/toolhouse.fi\/sv\/wp-json\/wp\/v2\/product"}],"about":[{"href":"https:\/\/toolhouse.fi\/sv\/wp-json\/wp\/v2\/types\/product"}],"version-history":[{"count":1,"href":"https:\/\/toolhouse.fi\/sv\/wp-json\/wp\/v2\/product\/18892\/revisions"}],"predecessor-version":[{"id":19136,"href":"https:\/\/toolhouse.fi\/sv\/wp-json\/wp\/v2\/product\/18892\/revisions\/19136"}],"wp:featuredmedia":[{"embeddable":true,"href":"https:\/\/toolhouse.fi\/sv\/wp-json\/wp\/v2\/media\/19134"}],"wp:attachment":[{"href":"https:\/\/toolhouse.fi\/sv\/wp-json\/wp\/v2\/media?parent=18892"}],"wp:term":[{"taxonomy":"product_cat","embeddable":true,"href":"https:\/\/toolhouse.fi\/sv\/wp-json\/wp\/v2\/product_cat?post=18892"},{"taxonomy":"product_tag","embeddable":true,"href":"https:\/\/toolhouse.fi\/sv\/wp-json\/wp\/v2\/product_tag?post=18892"}],"curies":[{"name":"wp","href":"https:\/\/api.w.org\/{rel}","templated":true}]}}