{"id":18893,"date":"2024-09-10T15:31:17","date_gmt":"2024-09-10T12:31:17","guid":{"rendered":"https:\/\/toolhouse.fi\/?post_type=product&#038;p=18893"},"modified":"2026-02-25T15:30:06","modified_gmt":"2026-02-25T13:30:06","slug":"bararmsverktyg","status":"publish","type":"product","link":"https:\/\/toolhouse.fi\/sv\/produkt\/bararmsverktyg\/","title":{"rendered":"B\u00e4rarmsverktyg"},"content":{"rendered":"","protected":false},"excerpt":{"rendered":"<p>B\u00e4rarmssp\u00e4nnare anv\u00e4nds till att sp\u00e4nna ner och h\u00e5lla fast nedre b\u00e4rarmen.<\/p>\n<p>&nbsp;<\/p>\n<ul>\n<li>M\u00f6jligg\u00f6r komfortabelt nedtryckande av\u00a0b\u00e4rarmen<\/li>\n<li>H\u00e5ller tv\u00e4rstaget i tillbakadraget l\u00e4ge<\/li>\n<li>Beh\u00f6vs till exempel vid byte av hjullager, Reparationer p\u00e5 fj\u00e4derben eller drivaxel<\/li>\n<li>Ingen risk att skada sig p\u00e5 slintande monteringsj\u00e4rn<\/li>\n<li>F\u00f6rhindrar skador p\u00e5 spindelled och drivaxeldamask<\/li>\n<li>Justerbar och passar till de flesta fordon<\/li>\n<li>St\u00f6dyta med glids\u00e4ker bel\u00e4ggning<\/li>\n<li>Maximal dragkraft: 500 kg<\/li>\n<li>Total l\u00e4ngd inklusive krokar: 1030 mm till 1300 mm<\/li>\n<li>Sp\u00e4nnh\u00f6jd: 65 mm till 265 mm<\/li>\n<li>Kedjel\u00e4ngd inklusive krokar: ca. 660 mm<\/li>\n<li>Vikt: 7 kg<\/li>\n<li>Tillverkare: Geko<\/li>\n<\/ul>\n","protected":false},"featured_media":19147,"template":"","meta":{"_acf_changed":false,"_seopress_robots_primary_cat":"none","_seopress_titles_title":"","_seopress_titles_desc":"","_seopress_robots_index":""},"product_cat":[338,585],"product_tag":[],"class_list":{"0":"post-18893","1":"product","2":"type-product","3":"status-publish","4":"has-post-thumbnail","6":"product_cat-fordonsverktyg","7":"product_cat-verktyg-for-underrede-och-transmission","8":"product_shipping_class-frakt-1390","10":"first","11":"instock","12":"sale","13":"taxable","14":"shipping-taxable","15":"purchasable","16":"product-type-simple","swatches":"rey-swatches","show_selected":""},"acf":[],"_links":{"self":[{"href":"https:\/\/toolhouse.fi\/sv\/wp-json\/wp\/v2\/product\/18893","targetHints":{"allow":["GET"]}}],"collection":[{"href":"https:\/\/toolhouse.fi\/sv\/wp-json\/wp\/v2\/product"}],"about":[{"href":"https:\/\/toolhouse.fi\/sv\/wp-json\/wp\/v2\/types\/product"}],"version-history":[{"count":1,"href":"https:\/\/toolhouse.fi\/sv\/wp-json\/wp\/v2\/product\/18893\/revisions"}],"predecessor-version":[{"id":19149,"href":"https:\/\/toolhouse.fi\/sv\/wp-json\/wp\/v2\/product\/18893\/revisions\/19149"}],"wp:featuredmedia":[{"embeddable":true,"href":"https:\/\/toolhouse.fi\/sv\/wp-json\/wp\/v2\/media\/19147"}],"wp:attachment":[{"href":"https:\/\/toolhouse.fi\/sv\/wp-json\/wp\/v2\/media?parent=18893"}],"wp:term":[{"taxonomy":"product_cat","embeddable":true,"href":"https:\/\/toolhouse.fi\/sv\/wp-json\/wp\/v2\/product_cat?post=18893"},{"taxonomy":"product_tag","embeddable":true,"href":"https:\/\/toolhouse.fi\/sv\/wp-json\/wp\/v2\/product_tag?post=18893"}],"curies":[{"name":"wp","href":"https:\/\/api.w.org\/{rel}","templated":true}]}}