{"id":18896,"date":"2024-09-10T15:31:17","date_gmt":"2024-09-10T12:31:17","guid":{"rendered":"https:\/\/toolhouse.fi\/?post_type=product&#038;p=18896"},"modified":"2025-09-02T16:51:00","modified_gmt":"2025-09-02T13:51:00","slug":"hydraulisk-avdragare-5t","status":"publish","type":"product","link":"https:\/\/toolhouse.fi\/sv\/produkt\/hydraulisk-avdragare-5t\/","title":{"rendered":"Hydraulisk avdragare 5T"},"content":{"rendered":"","protected":false},"excerpt":{"rendered":"<p>Rej\u00e4l hydraulisk avdragare med 5 tons kraft.<\/p>\n<p>&nbsp;<\/p>\n<ul>\n<li>G\u00e5r att anv\u00e4nda med tv\u00e5 eller tre klor.<\/li>\n<li>Dragkraft 50kN (5T)<\/li>\n<li>\u00d6ppnar 50 &#8211; 200 mm<\/li>\n<li>R\u00e4ckvidd 140 mm<\/li>\n<li>slagl\u00e4ngd\u00a0 mm<\/li>\n<li>360\u00b0 roterbart pumphandtag<\/li>\n<li>Vikt 7 kg<\/li>\n<li>Tillverkare: Geko<\/li>\n<\/ul>\n<p>&nbsp;<\/p>\n<p>&nbsp;<\/p>\n","protected":false},"featured_media":28326,"template":"","meta":{"_acf_changed":false,"_seopress_robots_primary_cat":"none","_seopress_titles_title":"","_seopress_titles_desc":"","_seopress_robots_index":"","_seopress_analysis_target_kw":""},"product_cat":[588,336,21],"product_tag":[],"class_list":{"0":"post-18896","1":"product","2":"type-product","3":"status-publish","4":"has-post-thumbnail","6":"product_cat-avdragare","7":"product_cat-verktyg","8":"product_cat-verkstadsutrustning","9":"product_shipping_class-tillbehor-790","11":"first","12":"instock","13":"taxable","14":"shipping-taxable","15":"purchasable","16":"product-type-simple","swatches":"rey-swatches","show_selected":""},"acf":[],"_links":{"self":[{"href":"https:\/\/toolhouse.fi\/sv\/wp-json\/wp\/v2\/product\/18896","targetHints":{"allow":["GET"]}}],"collection":[{"href":"https:\/\/toolhouse.fi\/sv\/wp-json\/wp\/v2\/product"}],"about":[{"href":"https:\/\/toolhouse.fi\/sv\/wp-json\/wp\/v2\/types\/product"}],"version-history":[{"count":0,"href":"https:\/\/toolhouse.fi\/sv\/wp-json\/wp\/v2\/product\/18896\/revisions"}],"wp:featuredmedia":[{"embeddable":true,"href":"https:\/\/toolhouse.fi\/sv\/wp-json\/wp\/v2\/media\/28326"}],"wp:attachment":[{"href":"https:\/\/toolhouse.fi\/sv\/wp-json\/wp\/v2\/media?parent=18896"}],"wp:term":[{"taxonomy":"product_cat","embeddable":true,"href":"https:\/\/toolhouse.fi\/sv\/wp-json\/wp\/v2\/product_cat?post=18896"},{"taxonomy":"product_tag","embeddable":true,"href":"https:\/\/toolhouse.fi\/sv\/wp-json\/wp\/v2\/product_tag?post=18896"}],"curies":[{"name":"wp","href":"https:\/\/api.w.org\/{rel}","templated":true}]}}