{"id":18897,"date":"2024-09-10T15:31:17","date_gmt":"2024-09-10T12:31:17","guid":{"rendered":"https:\/\/toolhouse.fi\/?post_type=product&#038;p=18897"},"modified":"2025-07-01T00:00:00","modified_gmt":"2025-06-30T21:00:00","slug":"verkstadslyft-multifunktion-800kg","status":"publish","type":"product","link":"https:\/\/toolhouse.fi\/sv\/produkt\/verkstadslyft-multifunktion-800kg\/","title":{"rendered":"Verkstadslyft multifunktion 800kg"},"content":{"rendered":"","protected":false},"excerpt":{"rendered":"<p class=\"page-title-ui page-title-ui-isk-fix page-title-lq \"><strong>Geko Gk1800<\/strong><\/p>\n<p>Beh\u00e4ndig verkstadslyft med brett anv\u00e4ndningsomr\u00e5de, lyfter t.ex. bilar, fungerar som d\u00e4cklyft och du lyfter och flyttar det mesta i verkstaden.<\/p>\n<p>Stabilt konstruerad lyft som lyfter 816kg och 70 &#8211; 730 mm.<\/p>\n<p>Lyften \u00e4r mekanisk och fungerar som en farmardomkraft, dvs den \u00e4r b\u00e5de robust och p\u00e5litlig.<\/p>\n<p>&nbsp;<\/p>\n<p>&nbsp;<\/p>\n<ul>\n<li>Tillverkare: Geko<\/li>\n<li>Modell: Gk1800<\/li>\n<li>Lyftkapacitet: 816kg<\/li>\n<li>Bash\u00f6jd: 85 mm<\/li>\n<li>Lyfth\u00f6jd: 70 &#8211; 730 mm<\/li>\n<li>Totalh\u00f6jd:<\/li>\n<li>Vikt: 58 kg<\/li>\n<li>Lyftgaffel och lyftplattform i st\u00e5lpl\u00e5t \u00e4r standardutrustning<\/li>\n<li>CE-godk\u00e4nd<\/li>\n<li>Garanti 12 m\u00e5nader<\/li>\n<\/ul>\n","protected":false},"featured_media":19211,"template":"","meta":{"_acf_changed":false,"_seopress_robots_primary_cat":"none","_seopress_titles_title":"","_seopress_titles_desc":"","_seopress_robots_index":""},"product_cat":[283,20,281],"product_tag":[],"class_list":{"0":"post-18897","1":"product","2":"type-product","3":"status-publish","4":"has-post-thumbnail","6":"product_cat-domkraft-pallbock","7":"product_cat-lyftteknik","8":"product_cat-motorlyft-vaxelladslyft","9":"product_shipping_class-frakt53e","11":"first","12":"instock","13":"taxable","14":"shipping-taxable","15":"purchasable","16":"product-type-simple","swatches":"rey-swatches","show_selected":""},"acf":[],"_links":{"self":[{"href":"https:\/\/toolhouse.fi\/sv\/wp-json\/wp\/v2\/product\/18897","targetHints":{"allow":["GET"]}}],"collection":[{"href":"https:\/\/toolhouse.fi\/sv\/wp-json\/wp\/v2\/product"}],"about":[{"href":"https:\/\/toolhouse.fi\/sv\/wp-json\/wp\/v2\/types\/product"}],"version-history":[{"count":1,"href":"https:\/\/toolhouse.fi\/sv\/wp-json\/wp\/v2\/product\/18897\/revisions"}],"predecessor-version":[{"id":19213,"href":"https:\/\/toolhouse.fi\/sv\/wp-json\/wp\/v2\/product\/18897\/revisions\/19213"}],"wp:featuredmedia":[{"embeddable":true,"href":"https:\/\/toolhouse.fi\/sv\/wp-json\/wp\/v2\/media\/19211"}],"wp:attachment":[{"href":"https:\/\/toolhouse.fi\/sv\/wp-json\/wp\/v2\/media?parent=18897"}],"wp:term":[{"taxonomy":"product_cat","embeddable":true,"href":"https:\/\/toolhouse.fi\/sv\/wp-json\/wp\/v2\/product_cat?post=18897"},{"taxonomy":"product_tag","embeddable":true,"href":"https:\/\/toolhouse.fi\/sv\/wp-json\/wp\/v2\/product_tag?post=18897"}],"curies":[{"name":"wp","href":"https:\/\/api.w.org\/{rel}","templated":true}]}}