{"id":18899,"date":"2024-09-10T15:31:17","date_gmt":"2024-09-10T12:31:17","guid":{"rendered":"https:\/\/toolhouse.fi\/?post_type=product&#038;p=18899"},"modified":"2026-01-09T16:27:23","modified_gmt":"2026-01-09T14:27:23","slug":"motorhuvslampa-laddbar-1000-lumen","status":"publish","type":"product","link":"https:\/\/toolhouse.fi\/sv\/produkt\/motorhuvslampa-laddbar-1000-lumen\/","title":{"rendered":"Motorhuvslampa, laddbar, 1000 lumen"},"content":{"rendered":"","protected":false},"excerpt":{"rendered":"<p>Uppladdningsbar LED-lampa med tv\u00e5 ljusniv\u00e5er samt justerbara f\u00e4sten f\u00f6r upph\u00e4ngning under \u00f6ppen motorhuv, 120st SMD LED-lysdioder ger ett konstant ljusfl\u00f6de i 500 alternativt 1000 lumen. Dioderna har stor spridningsvinkel och ger ett starkt, j\u00e4mnt ljus utan att bl\u00e4nda.<\/p>\n<p>Upph\u00e4ngningsanordningen \u00e4r justerbar mellan 120-190 cm. Inbyggt 1800 mAh 7.2V Ni-MH batteri ger 4 till 8 timmars anv\u00e4ndningstid per uppladdning beroende p\u00e5 valt ljusl\u00e4ge. Uppladdningstid ca 4-5 timmar 12V och 230V laddare medf\u00f6ljer.<\/p>\n<p>Lampan \u00e4r roterbar f\u00f6r b\u00e4sta ljusvinkel, fj\u00e4derbelastat motorhuvsf\u00e4ste i aluminium, upph\u00e4ngningskrokar samt magnetf\u00e4ste f\u00f6r m\u00e5ngsidig anv\u00e4ndning.<\/p>\n<ul>\n<li><span style=\"color: #282828;\">Tillverkare : Geko<\/span><\/li>\n<li><span style=\"color: #282828;\">120 st SMD LED<\/span><\/li>\n<li><span style=\"color: #282828;\">1000 \/ 500 Lumen<\/span><\/li>\n<li><span style=\"font-size: 14.4px; color: #282828;\">Laddningsbart 1800 mAh 7.2V Ni-MH batteri<\/span><\/li>\n<li><span style=\"font-size: 14.4px; color: #282828;\">Uppladdningstid ca 4-5 h<\/span><\/li>\n<li><span style=\"color: #282828;\">Drifttid 4h 1000lumen \/ 8h 500 lumen.<\/span><\/li>\n<li><span style=\"color: #282828;\">Motorhuvsf\u00e4ste 120 &#8211; 190cm justerbart.<\/span><\/li>\n<li><span style=\"color: #282828;\">Upph\u00e4ngningskrokar<\/span><\/li>\n<li><span style=\"color: #282828;\">Magnetf\u00e4ste<\/span><\/li>\n<li><span style=\"color: #282828;\">Slagt\u00e5lig design i ABS plast\/polykarbonat och aluminium<\/span><\/li>\n<li><span style=\"color: #282828;\">Str\u00f6mbrytare i b\u00e5da \u00e4ndarna<\/span><\/li>\n<li><span style=\"color: #282828;\">Laddare 12V och 230V inkluderat<\/span><\/li>\n<li><span style=\"color: #282828;\">Vikt: 2kg<\/span><\/li>\n<li><span style=\"color: #282828;\">Garanti: 12 m\u00e5nader<\/span><\/li>\n<\/ul>\n<p>&nbsp;<\/p>\n","protected":false},"featured_media":19255,"template":"","meta":{"_acf_changed":false,"_seopress_robots_primary_cat":"none","_seopress_titles_title":"","_seopress_titles_desc":"","_seopress_robots_index":""},"product_cat":[338,349,336,21],"product_tag":[],"class_list":{"0":"post-18899","1":"product","2":"type-product","3":"status-publish","4":"has-post-thumbnail","6":"product_cat-fordonsverktyg","7":"product_cat-ovrigt","8":"product_cat-verktyg","9":"product_cat-verkstadsutrustning","10":"product_shipping_class-k-160","12":"first","13":"instock","14":"taxable","15":"shipping-taxable","16":"purchasable","17":"product-type-simple","swatches":"rey-swatches","show_selected":""},"acf":[],"_links":{"self":[{"href":"https:\/\/toolhouse.fi\/sv\/wp-json\/wp\/v2\/product\/18899","targetHints":{"allow":["GET"]}}],"collection":[{"href":"https:\/\/toolhouse.fi\/sv\/wp-json\/wp\/v2\/product"}],"about":[{"href":"https:\/\/toolhouse.fi\/sv\/wp-json\/wp\/v2\/types\/product"}],"version-history":[{"count":2,"href":"https:\/\/toolhouse.fi\/sv\/wp-json\/wp\/v2\/product\/18899\/revisions"}],"predecessor-version":[{"id":30701,"href":"https:\/\/toolhouse.fi\/sv\/wp-json\/wp\/v2\/product\/18899\/revisions\/30701"}],"wp:featuredmedia":[{"embeddable":true,"href":"https:\/\/toolhouse.fi\/sv\/wp-json\/wp\/v2\/media\/19255"}],"wp:attachment":[{"href":"https:\/\/toolhouse.fi\/sv\/wp-json\/wp\/v2\/media?parent=18899"}],"wp:term":[{"taxonomy":"product_cat","embeddable":true,"href":"https:\/\/toolhouse.fi\/sv\/wp-json\/wp\/v2\/product_cat?post=18899"},{"taxonomy":"product_tag","embeddable":true,"href":"https:\/\/toolhouse.fi\/sv\/wp-json\/wp\/v2\/product_tag?post=18899"}],"curies":[{"name":"wp","href":"https:\/\/api.w.org\/{rel}","templated":true}]}}