{"id":19040,"date":"2024-09-10T15:31:40","date_gmt":"2024-09-10T12:31:40","guid":{"rendered":"https:\/\/toolhouse.fi\/?post_type=product&#038;p=19040"},"modified":"2026-05-07T13:34:40","modified_gmt":"2026-05-07T10:34:40","slug":"hylsnyckelsats-1-4-1-2","status":"publish","type":"product","link":"https:\/\/toolhouse.fi\/sv\/produkt\/hylsnyckelsats-1-4-1-2\/","title":{"rendered":"Hylsnyckelsats 1\/4&#8243;, 1\/2\u201d"},"content":{"rendered":"","protected":false},"excerpt":{"rendered":"<div class=\"product-description-ui limited-container-ui product-description-lq\">\n<p>Verktygsats med 72 delar i proffskvalitet fr\u00e5n Tvardy.<\/p>\n<p>Hylsorna \u00e4r tillverkade i h\u00f6gkvalitativt kromvanadiumst\u00e5l CRV50BV30 och bitsen av f\u00f6rst\u00e4rkt S2-st\u00e5l.<\/p>\n<p>Satsen inkluderar tv\u00e5 stycken smidiga sp\u00e4rrhandtag med greppv\u00e4nliga b\u00f6jda handtag. Sp\u00e4rrhandtagen \u00e4r utrustade med en durabel 72-t\u00e4nders mekanism och Quick Release.<\/p>\n<\/div>\n<p>Inneh\u00e5ller hylsserier i 1\/2&#8243;och 1\/4&#8243;, levereras i en slagt\u00e5lig f\u00f6rvaringsv\u00e4ska med metallsp\u00e4nnen.<\/p>\n<div class=\"product-description-ui limited-container-ui product-description-lq\">\n<h4><strong>Inneh\u00e5ll:<\/strong><\/h4>\n<ul>\n<li>2x 1\/2&#8243; F\u00f6rl\u00e4ngare 125 och 250 mm<\/li>\n<li>1x 1\/4&#8243; F\u00f6rl\u00e4ngare 100 mm<\/li>\n<li>1x T-handtag 1\/2&#8243;<\/li>\n<li>1x Universalknut 1\/2&#8243;<\/li>\n<li>7x Insexnycklar: \u00a01.27, 1.5, 2, 2.5, 3, 4, 5 mm<\/li>\n<li>1x 1\/4&#8243; Skruvmejsel f\u00f6r hylsor<\/li>\n<li>2x Sp\u00e4rrhandtags 1\/2&#8243; och 1\/4&#8243;<\/li>\n<li>1x 1\/4&#8243; Bits adapter<\/li>\n<li>1x 1\/2&#8243; T\u00e4ndstiftshylsa (65mm): 21mm<\/li>\n<li>16x 1\/2&#8243; Hylsor: 10, 11, 12, 13, 14, 15, 16, 17, 18, 19, 20, 21, 22, 24, 27 mm<\/li>\n<li>10x 1\/4&#8243; Hylsor: 4, 5, 6, 7, 8, 9, 10, 11, 12, 13 mm<\/li>\n<\/ul>\n<p>&nbsp;<\/p>\n<p><strong>1\/4&#8243; bits:<\/strong><\/p>\n<ul>\n<li style=\"list-style-type: none;\">\n<ul>\n<li>Insex: 3, 4, 5, 6, 7, 8<\/li>\n<li>PH0, PH1, PH2, PH3<\/li>\n<li>Sp\u00e5r: 4, 5, 5.5, 6, 7 mm,<\/li>\n<li>PZ0, PZ1, PZ2, PZ3,<\/li>\n<li>Torx: T8, T9, T10, T15, T20, T25, T27, T30, T40,<\/li>\n<li>Square: S0, S1, S2, S3<\/li>\n<\/ul>\n<\/li>\n<\/ul>\n<\/div>\n<div class=\"product-attributes-ui clear-after-ui product-attributes-lq\">\n<p>Vikt: 5 kg<\/p>\n<p>Material: CRV50BV30, S2<\/p>\n<\/div>\n<p>&nbsp;<\/p>\n","protected":false},"featured_media":19295,"template":"","meta":{"_acf_changed":false,"_seopress_robots_primary_cat":"","_seopress_titles_title":"","_seopress_titles_desc":"","_seopress_robots_index":""},"product_cat":[581,336,21],"product_tag":[],"class_list":{"0":"post-19040","1":"product","2":"type-product","3":"status-publish","4":"has-post-thumbnail","6":"product_cat-hylsverktyg-och-vridverktyg","7":"product_cat-verktyg","8":"product_cat-verkstadsutrustning","9":"product_shipping_class-tillbehor-790","11":"first","12":"instock","13":"taxable","14":"shipping-taxable","15":"purchasable","16":"product-type-simple","swatches":"rey-swatches","show_selected":""},"acf":[],"_links":{"self":[{"href":"https:\/\/toolhouse.fi\/sv\/wp-json\/wp\/v2\/product\/19040","targetHints":{"allow":["GET"]}}],"collection":[{"href":"https:\/\/toolhouse.fi\/sv\/wp-json\/wp\/v2\/product"}],"about":[{"href":"https:\/\/toolhouse.fi\/sv\/wp-json\/wp\/v2\/types\/product"}],"version-history":[{"count":1,"href":"https:\/\/toolhouse.fi\/sv\/wp-json\/wp\/v2\/product\/19040\/revisions"}],"predecessor-version":[{"id":32822,"href":"https:\/\/toolhouse.fi\/sv\/wp-json\/wp\/v2\/product\/19040\/revisions\/32822"}],"wp:featuredmedia":[{"embeddable":true,"href":"https:\/\/toolhouse.fi\/sv\/wp-json\/wp\/v2\/media\/19295"}],"wp:attachment":[{"href":"https:\/\/toolhouse.fi\/sv\/wp-json\/wp\/v2\/media?parent=19040"}],"wp:term":[{"taxonomy":"product_cat","embeddable":true,"href":"https:\/\/toolhouse.fi\/sv\/wp-json\/wp\/v2\/product_cat?post=19040"},{"taxonomy":"product_tag","embeddable":true,"href":"https:\/\/toolhouse.fi\/sv\/wp-json\/wp\/v2\/product_tag?post=19040"}],"curies":[{"name":"wp","href":"https:\/\/api.w.org\/{rel}","templated":true}]}}