{"id":19042,"date":"2024-09-10T15:31:40","date_gmt":"2024-09-10T12:31:40","guid":{"rendered":"https:\/\/toolhouse.fi\/?post_type=product&#038;p=19042"},"modified":"2024-10-28T16:36:51","modified_gmt":"2024-10-28T14:36:51","slug":"gangsats-metrisk-110-delar","status":"publish","type":"product","link":"https:\/\/toolhouse.fi\/sv\/produkt\/gangsats-metrisk-110-delar\/","title":{"rendered":"G\u00e4ngsats metrisk 110 delar"},"content":{"rendered":"","protected":false},"excerpt":{"rendered":"<p><b>Geko <\/b>g\u00e4ngsats i 110 delar.<\/p>\n<p>Inneh\u00e5ller Metriska g\u00e4ngtappar och g\u00e4ngsnitt, M2 &#8211; M18<\/p>\n<p>&nbsp;<\/p>\n<ul>\n<li>Tillverkare: Geko<\/li>\n<li>Antal delar: 110<\/li>\n<li>Storlek: 330 x 430 x 50mm<\/li>\n<li>Material: Kolst\u00e5l<\/li>\n<\/ul>\n<p><strong>Inneh\u00e5ll<\/strong>:<\/p>\n<ul>\n<li>G\u00e4ngkloppa: 2st<\/li>\n<li>Sv\u00e4ngj\u00e4rn: 2st<\/li>\n<li>T handtag 1st<\/li>\n<li>g\u00e4ngtapp: 70st<\/li>\n<li>G\u00e4ngsnitt: 35st<\/li>\n<\/ul>\n<p>&nbsp;<\/p>\n<p><strong>G\u00e4ngsnitt<\/strong><\/p>\n<ul>\n<li>M2 x 0.4mm<\/li>\n<li>M3 x 0.5mm<\/li>\n<li>M4 x 0.7mm<\/li>\n<li>M5 x 0.8mm<\/li>\n<li>M6 x 0.75mm, M6 x 1.0mm<\/li>\n<li>M7 x 0.75mm, M7 x 1.0mm<\/li>\n<li>M8 x 0.75mm, M8 x 1.0mm, M8 x 1.25mm<\/li>\n<li>M9 x 0.75mm, M9 x 1.0mm, M9 x 1.25mm<\/li>\n<li>M10 x 0.75mm, M10 x 1.0mm, M10 x 1.25mm, M10 x 1.5mm<\/li>\n<li>M11 x 0.75mm, M11 x 1.0mm, M11 x 1.25mm, M11 x 1.5mm<\/li>\n<li>M12 x 0.75mm, M12 x 1.0mm, M12 x 1.25mm, M12 x 1.5mm, M12 x 1.75mm<\/li>\n<li>M14 x 1.0mm, M14 x 1.25mm, M14 x 1.5mm, M14 x 2.0mm<\/li>\n<li>M16 x 1.0mm, M16 x 1.5mm, M16 x 2.0mm<\/li>\n<li>M18 x 1.5mm<\/li>\n<\/ul>\n<p><strong>G\u00e4ngtapp 70st (35st f\u00f6rtapp och 35st gradtapp)<\/strong><\/p>\n<ul>\n<li>M2 x 0.4mm<\/li>\n<li>M3 x 0.5mm<\/li>\n<li>M4 x 0.7mm<\/li>\n<li>M5 x 0.8mm<\/li>\n<li>M6 x 0.75mm, M6 x 1.0mm<\/li>\n<li>M7 x 0.75mm, M7 x 1.0mm<\/li>\n<li>M8 x 0.75mm, M8 x 1.0mm, M8 x 1.25mm<\/li>\n<li>M9 x 0.75mm, M9 x 1.0mm, M9 x 1.25mm<\/li>\n<li>M10 x 0.75mm, M10 x 1.0mm, M10 x 1.25mm, M10 x 1.5mm<\/li>\n<li>M11 x 0.75mm, M11 x 1.0mm, M11 x 1.25mm, M11 x 1.5mm<\/li>\n<li>M12 x 0.75mm, M12 x 1.0mm, M12 x 1.25mm, M12 x 1.5mm, M12 x 1.75mm<\/li>\n<li>M14 x 1.0mm, M14 x 1.25mm, M14 x 1.5mm, M14 x 2.0mm<\/li>\n<li>M16 x 1.0mm, M16 x 1.5mm, M16 x 2.0mm<\/li>\n<li>M18 x 1.5mm<\/li>\n<\/ul>\n","protected":false},"featured_media":19315,"template":"","meta":{"_acf_changed":false,"_seopress_robots_primary_cat":"","_seopress_titles_title":"","_seopress_titles_desc":"","_seopress_robots_index":""},"product_cat":[580,336,21],"product_tag":[],"class_list":{"0":"post-19042","1":"product","2":"type-product","3":"status-publish","4":"has-post-thumbnail","6":"product_cat-gangverktyg","7":"product_cat-verktyg","8":"product_cat-verkstadsutrustning","9":"product_shipping_class-tillbehor-790","11":"first","12":"instock","13":"taxable","14":"shipping-taxable","15":"purchasable","16":"product-type-simple","swatches":"rey-swatches","show_selected":""},"acf":[],"_links":{"self":[{"href":"https:\/\/toolhouse.fi\/sv\/wp-json\/wp\/v2\/product\/19042","targetHints":{"allow":["GET"]}}],"collection":[{"href":"https:\/\/toolhouse.fi\/sv\/wp-json\/wp\/v2\/product"}],"about":[{"href":"https:\/\/toolhouse.fi\/sv\/wp-json\/wp\/v2\/types\/product"}],"version-history":[{"count":1,"href":"https:\/\/toolhouse.fi\/sv\/wp-json\/wp\/v2\/product\/19042\/revisions"}],"predecessor-version":[{"id":19317,"href":"https:\/\/toolhouse.fi\/sv\/wp-json\/wp\/v2\/product\/19042\/revisions\/19317"}],"wp:featuredmedia":[{"embeddable":true,"href":"https:\/\/toolhouse.fi\/sv\/wp-json\/wp\/v2\/media\/19315"}],"wp:attachment":[{"href":"https:\/\/toolhouse.fi\/sv\/wp-json\/wp\/v2\/media?parent=19042"}],"wp:term":[{"taxonomy":"product_cat","embeddable":true,"href":"https:\/\/toolhouse.fi\/sv\/wp-json\/wp\/v2\/product_cat?post=19042"},{"taxonomy":"product_tag","embeddable":true,"href":"https:\/\/toolhouse.fi\/sv\/wp-json\/wp\/v2\/product_tag?post=19042"}],"curies":[{"name":"wp","href":"https:\/\/api.w.org\/{rel}","templated":true}]}}