{"id":19043,"date":"2024-09-10T15:31:40","date_gmt":"2024-09-10T12:31:40","guid":{"rendered":"https:\/\/toolhouse.fi\/?post_type=product&#038;p=19043"},"modified":"2026-01-05T16:21:29","modified_gmt":"2026-01-05T14:21:29","slug":"bankslipmaskin-200mm","status":"publish","type":"product","link":"https:\/\/toolhouse.fi\/sv\/produkt\/bankslipmaskin-200mm\/","title":{"rendered":"B\u00e4nkslipmaskin 200mm"},"content":{"rendered":"<table>\n<tbody>\n<tr>\n<td><strong><span style=\"color: #333333;\"><span class=\"\">Tillverkare<\/span><\/span><\/strong><\/td>\n<td><strong><span style=\"color: #333333;\">Geko<\/span><\/strong><\/td>\n<\/tr>\n<tr>\n<td><strong><span style=\"color: #333333;\">Modell<\/span><\/strong><\/td>\n<td>\n<p class=\"page-title-ui page-title-ui-isk-fix page-title-lq \"><strong><span style=\"color: #333333;\">\u00a0Md3220<\/span><\/strong><\/p>\n<\/td>\n<\/tr>\n<tr>\n<td><strong><span style=\"color: #333333;\">Sp\u00e4nning (V)<\/span><\/strong><\/td>\n<td><strong><span style=\"color: #333333;\">230<\/span><\/strong><\/td>\n<\/tr>\n<tr>\n<td><strong><span style=\"color: #333333;\">Effekt (kW)<\/span><\/strong><\/td>\n<td><strong><span style=\"color: #333333;\">0,35<\/span><\/strong><\/td>\n<\/tr>\n<tr>\n<td><strong><span style=\"color: #333333;\">Varvtal (rpm)<\/span><\/strong><\/td>\n<td><strong><span style=\"color: #333333;\">2950<\/span><\/strong><\/td>\n<\/tr>\n<tr>\n<td><strong><span style=\"color: #333333;\">Slipsten korn<\/span><\/strong><\/td>\n<td><strong><span style=\"color: #333333;\">K36 \/ K60<\/span><\/strong><\/td>\n<\/tr>\n<tr>\n<td><strong><span style=\"color: #333333;\">Slipsten m\u00e5tt (mm)<\/span><\/strong><\/td>\n<td><strong><span style=\"color: #333333;\">200x20x16<\/span><\/strong><\/td>\n<\/tr>\n<tr>\n<td><strong><span style=\"color: #333333;\">Kabell\u00e4ngd (mm)<\/span><\/strong><\/td>\n<td><strong><span style=\"color: #333333;\">1600<\/span><\/strong><\/td>\n<\/tr>\n<tr>\n<td><\/td>\n<td><\/td>\n<\/tr>\n<tr>\n<td><strong><span style=\"color: #333333;\">Bredd (mm)<\/span><\/strong><\/td>\n<td><strong><span style=\"color: #333333;\">345<\/span><\/strong><\/td>\n<\/tr>\n<tr>\n<td><strong><span style=\"color: #333333;\">H\u00f6jd (mm)<\/span><\/strong><\/td>\n<td><strong><span style=\"color: #333333;\">280<\/span><\/strong><\/td>\n<\/tr>\n<tr>\n<td><strong><span style=\"color: #333333;\">L\u00e4ngd (mm)<\/span><\/strong><\/td>\n<td><strong><span style=\"color: #333333;\">260<\/span><\/strong><\/td>\n<\/tr>\n<\/tbody>\n<\/table>\n<table>\n<tbody>\n<tr>\n<td><strong><span style=\"color: #333333;\">Vikt (kg)\u00a0 \u00a0 \u00a0<\/span><\/strong><\/td>\n<td><strong><span style=\"color: #333333;\">9\u00a0 \u00a0 \u00a0 \u00a0 \u00a0 \u00a0 \u00a0 \u00a0 \u00a0 \u00a0<\/span><\/strong><\/td>\n<\/tr>\n<tr>\n<td><strong><span style=\"color: #333333;\">Material<\/span><\/strong><\/td>\n<td><strong><span style=\"color: #333333;\">Aluminium, st\u00e5l\u00a0 \u00a0\u00a0<\/span><\/strong><\/td>\n<\/tr>\n<tr>\n<td><strong><span style=\"color: #333333;\">Gnistskydd<\/span><\/strong><\/p>\n<p><strong><span style=\"color: #333333;\">Slipst\u00f6d<\/span><\/strong><\/td>\n<td><strong><span style=\"color: #333333;\">Ja<\/span><\/strong><\/p>\n<p><strong><span style=\"color: #333333;\">Ja<\/span><\/strong><\/td>\n<\/tr>\n<tr>\n<td><strong><span style=\"color: #333333;\">CE-m\u00e4rkt<\/span><\/strong><\/td>\n<td><strong><span style=\"color: #333333;\">Ja<\/span><\/strong><\/td>\n<\/tr>\n<tr>\n<td><strong><span style=\"color: #333333;\">Garanti<\/span><\/strong><\/td>\n<td><strong><span style=\"color: #333333;\">12 M\u00e5nader<\/span><\/strong><\/td>\n<\/tr>\n<\/tbody>\n<\/table>\n","protected":false},"excerpt":{"rendered":"<p>Geko b\u00e4nkslipmaskin med effekt p\u00e5 350W, grov(K36) och fin(K60) slipskiva med diameter p\u00e5 200mm f\u00f6r m\u00e5ngsidig anv\u00e4ndning.<\/p>\n<p>Gummif\u00f6tter samt h\u00e5l f\u00f6r bordsmontering g\u00f6r att maskinen st\u00e5r stadigt \u00e4ven vid kr\u00e4vande arbete.<\/p>\n<p>&nbsp;<\/p>\n<h3>P\u00e5 k\u00f6pet med maskinen f\u00e5r du diamantrivare f\u00f6r slipskivor samt skyddsglas\u00f6gon.<\/h3>\n<p><a href=\"https:\/\/toolhouse.fi\/produkt\/diamantrivare-for-slipskivor\/\">Diamantrivare Artikelnr: T78289<\/a><\/p>\n<p><a href=\"https:\/\/toolhouse.fi\/produkt\/skyddsglasogon\/\">Skyddsglas\u00f6gon Artikelnr: T90021<\/a><\/p>\n","protected":false},"featured_media":19334,"template":"","meta":{"_acf_changed":false,"_seopress_robots_primary_cat":"none","_seopress_titles_title":"","_seopress_titles_desc":"","_seopress_robots_index":""},"product_cat":[306,55],"product_tag":[],"class_list":{"0":"post-19043","1":"product","2":"type-product","3":"status-publish","4":"has-post-thumbnail","6":"product_cat-bandslip","7":"product_cat-svets-metallarbete","8":"product_shipping_class-tillbehor-790","10":"first","11":"instock","12":"taxable","13":"shipping-taxable","14":"purchasable","15":"product-type-simple","swatches":"rey-swatches","show_selected":""},"acf":[],"_links":{"self":[{"href":"https:\/\/toolhouse.fi\/sv\/wp-json\/wp\/v2\/product\/19043","targetHints":{"allow":["GET"]}}],"collection":[{"href":"https:\/\/toolhouse.fi\/sv\/wp-json\/wp\/v2\/product"}],"about":[{"href":"https:\/\/toolhouse.fi\/sv\/wp-json\/wp\/v2\/types\/product"}],"version-history":[{"count":1,"href":"https:\/\/toolhouse.fi\/sv\/wp-json\/wp\/v2\/product\/19043\/revisions"}],"predecessor-version":[{"id":19336,"href":"https:\/\/toolhouse.fi\/sv\/wp-json\/wp\/v2\/product\/19043\/revisions\/19336"}],"wp:featuredmedia":[{"embeddable":true,"href":"https:\/\/toolhouse.fi\/sv\/wp-json\/wp\/v2\/media\/19334"}],"wp:attachment":[{"href":"https:\/\/toolhouse.fi\/sv\/wp-json\/wp\/v2\/media?parent=19043"}],"wp:term":[{"taxonomy":"product_cat","embeddable":true,"href":"https:\/\/toolhouse.fi\/sv\/wp-json\/wp\/v2\/product_cat?post=19043"},{"taxonomy":"product_tag","embeddable":true,"href":"https:\/\/toolhouse.fi\/sv\/wp-json\/wp\/v2\/product_tag?post=19043"}],"curies":[{"name":"wp","href":"https:\/\/api.w.org\/{rel}","templated":true}]}}