{"id":19046,"date":"2024-09-10T15:31:41","date_gmt":"2024-09-10T12:31:41","guid":{"rendered":"https:\/\/toolhouse.fi\/?post_type=product&#038;p=19046"},"modified":"2026-04-30T13:28:01","modified_gmt":"2026-04-30T10:28:01","slug":"bromsluftningsverktyg-med-vakuumpump","status":"publish","type":"product","link":"https:\/\/toolhouse.fi\/sv\/produkt\/bromsluftningsverktyg-med-vakuumpump\/","title":{"rendered":"Bromsluftningsverktyg med vakuumpump"},"content":{"rendered":"","protected":false},"excerpt":{"rendered":"<p>Bromsluftningsverktyg med Vakuumpump.<\/p>\n<p>Smidig luftningssats som inneh\u00e5ller det mesta f\u00f6r att sj\u00e4lv kunna lufta bromsarna p\u00e5 bil, MC etc.<\/p>\n<p>Kan ocks\u00e5 anv\u00e4ndas till att kontrollera l\u00e4ckage mm. med tryck \/ undertryck.<\/p>\n<p>Tryck: -1 till 3 bar.<\/p>\n<ul>\n<li>1 x vakuum- \/ tryckpump<\/li>\n<li>2 x 55 cm transparenta slangar<\/li>\n<li>3 x korta genomskinliga slangar<\/li>\n<li>13 x vakuumadaptrar<\/li>\n<li>1 x sugadapter<\/li>\n<li>2 x bromsv\u00e4tskebeh\u00e5llare<\/li>\n<\/ul>\n<p>Tillverkare: Geko<\/p>\n","protected":false},"featured_media":19353,"template":"","meta":{"_acf_changed":false,"_seopress_robots_primary_cat":"none","_seopress_titles_title":"","_seopress_titles_desc":"","_seopress_robots_index":""},"product_cat":[584,338],"product_tag":[],"class_list":{"0":"post-19046","1":"product","2":"type-product","3":"status-publish","4":"has-post-thumbnail","6":"product_cat-bromsverktyg","7":"product_cat-fordonsverktyg","8":"product_shipping_class-tillbehor-790","10":"first","11":"instock","12":"taxable","13":"shipping-taxable","14":"purchasable","15":"product-type-simple","swatches":"rey-swatches","show_selected":""},"acf":[],"_links":{"self":[{"href":"https:\/\/toolhouse.fi\/sv\/wp-json\/wp\/v2\/product\/19046","targetHints":{"allow":["GET"]}}],"collection":[{"href":"https:\/\/toolhouse.fi\/sv\/wp-json\/wp\/v2\/product"}],"about":[{"href":"https:\/\/toolhouse.fi\/sv\/wp-json\/wp\/v2\/types\/product"}],"version-history":[{"count":1,"href":"https:\/\/toolhouse.fi\/sv\/wp-json\/wp\/v2\/product\/19046\/revisions"}],"predecessor-version":[{"id":19355,"href":"https:\/\/toolhouse.fi\/sv\/wp-json\/wp\/v2\/product\/19046\/revisions\/19355"}],"wp:featuredmedia":[{"embeddable":true,"href":"https:\/\/toolhouse.fi\/sv\/wp-json\/wp\/v2\/media\/19353"}],"wp:attachment":[{"href":"https:\/\/toolhouse.fi\/sv\/wp-json\/wp\/v2\/media?parent=19046"}],"wp:term":[{"taxonomy":"product_cat","embeddable":true,"href":"https:\/\/toolhouse.fi\/sv\/wp-json\/wp\/v2\/product_cat?post=19046"},{"taxonomy":"product_tag","embeddable":true,"href":"https:\/\/toolhouse.fi\/sv\/wp-json\/wp\/v2\/product_tag?post=19046"}],"curies":[{"name":"wp","href":"https:\/\/api.w.org\/{rel}","templated":true}]}}