{"id":19049,"date":"2024-09-10T15:31:41","date_gmt":"2024-09-10T12:31:41","guid":{"rendered":"https:\/\/toolhouse.fi\/?post_type=product&#038;p=19049"},"modified":"2026-03-06T08:38:49","modified_gmt":"2026-03-06T06:38:49","slug":"kylsystemtestare-14-delar","status":"publish","type":"product","link":"https:\/\/toolhouse.fi\/sv\/produkt\/kylsystemtestare-14-delar\/","title":{"rendered":"Kylsystemtestare 14-Delar"},"content":{"rendered":"","protected":false},"excerpt":{"rendered":"<p>F\u00f6r kontroll av l\u00e4ckage i kylsystemet. Inneh\u00e5ller handpump med tryckm\u00e4tare, slang samt 12 st adaptrar som passar kylarlocks\u00f6ppningen p\u00e5 de flesta fordon.<\/p>\n<p>Passar till:<\/p>\n<p>Alfa Romeo, Audi, BMW, Citroen, Fiat, Ford, Isuzu, Jaguar, Jeep, Lexus, Mazda, Mercedes, Mitsubishi, Nissan, Peugeot, Renault, Rover, Saab, Subaru, Suzuki, Toyota, Vauxhall\/Opel, Volvo, VW, mm.<\/p>\n<ul>\n<li>Material: Eloxerad aluminium \/ kromat st\u00e5l<\/li>\n<li>Tillverkare: Geko<\/li>\n<\/ul>\n<p>&nbsp;<\/p>\n","protected":false},"featured_media":19378,"template":"","meta":{"_acf_changed":false,"_seopress_robots_primary_cat":"none","_seopress_titles_title":"","_seopress_titles_desc":"","_seopress_robots_index":""},"product_cat":[338,582],"product_tag":[],"class_list":{"0":"post-19049","1":"product","2":"type-product","3":"status-publish","4":"has-post-thumbnail","6":"product_cat-fordonsverktyg","7":"product_cat-motorverktyg","8":"product_shipping_class-tillbehor-790","10":"first","11":"instock","12":"taxable","13":"shipping-taxable","14":"purchasable","15":"product-type-simple","swatches":"rey-swatches","show_selected":""},"acf":[],"_links":{"self":[{"href":"https:\/\/toolhouse.fi\/sv\/wp-json\/wp\/v2\/product\/19049","targetHints":{"allow":["GET"]}}],"collection":[{"href":"https:\/\/toolhouse.fi\/sv\/wp-json\/wp\/v2\/product"}],"about":[{"href":"https:\/\/toolhouse.fi\/sv\/wp-json\/wp\/v2\/types\/product"}],"version-history":[{"count":0,"href":"https:\/\/toolhouse.fi\/sv\/wp-json\/wp\/v2\/product\/19049\/revisions"}],"wp:featuredmedia":[{"embeddable":true,"href":"https:\/\/toolhouse.fi\/sv\/wp-json\/wp\/v2\/media\/19378"}],"wp:attachment":[{"href":"https:\/\/toolhouse.fi\/sv\/wp-json\/wp\/v2\/media?parent=19049"}],"wp:term":[{"taxonomy":"product_cat","embeddable":true,"href":"https:\/\/toolhouse.fi\/sv\/wp-json\/wp\/v2\/product_cat?post=19049"},{"taxonomy":"product_tag","embeddable":true,"href":"https:\/\/toolhouse.fi\/sv\/wp-json\/wp\/v2\/product_tag?post=19049"}],"curies":[{"name":"wp","href":"https:\/\/api.w.org\/{rel}","templated":true}]}}