{"id":19050,"date":"2024-09-10T15:31:41","date_gmt":"2024-09-10T12:31:41","guid":{"rendered":"https:\/\/toolhouse.fi\/?post_type=product&#038;p=19050"},"modified":"2025-09-19T14:51:02","modified_gmt":"2025-09-19T11:51:02","slug":"trycklufts-slangvinda-14-m-med-snabbkopplingar","status":"publish","type":"product","link":"https:\/\/toolhouse.fi\/sv\/produkt\/trycklufts-slangvinda-14-m-med-snabbkopplingar\/","title":{"rendered":"Trycklufts slangvinda, 14 m. Med snabbkopplingar"},"content":{"rendered":"<table class=\"n54117_dictionary\">\n<tbody>\n<tr>\n<td class=\"n54117_item_a1\">Tillverkare:<\/p>\n<p>V\u00e4ggf\u00e4ste inkluderat:<\/td>\n<td class=\"n54117_item_b1\">\n<div>Geko<\/div>\n<div class=\"n54117_item_b_sub\">Ja<\/div>\n<\/td>\n<\/tr>\n<tr>\n<td class=\"n54117_item_a2\">Utv\u00e4ndig anslutning g\u00e4nga:<\/td>\n<td class=\"n54117_item_b2\">\n<div class=\"n54117_item_b_sub\">1\/4<\/div>\n<\/td>\n<\/tr>\n<tr>\n<td class=\"n54117_item_a1\">Snabbkopplingar inkluderat:<\/td>\n<td class=\"n54117_item_b1\">Ja<\/td>\n<\/tr>\n<tr>\n<td class=\"n54117_item_a2\">Slangl\u00e4ngd <span class=\"n67256colon\">:<\/span><\/td>\n<td class=\"n54117_item_b2\">\n<div class=\"n54117_item_b_sub\">14 m<\/div>\n<\/td>\n<\/tr>\n<tr>\n<td class=\"n54117_item_a1\"><span class=\"n67256colon\">L\u00e4ngd p\u00e5 anslutningsslang:<\/span><\/td>\n<td class=\"n54117_item_b1\">\n<div class=\"n54117_item_b_sub\">1 m<\/div>\n<\/td>\n<\/tr>\n<tr>\n<td class=\"n54117_item_a2\">Temperatur:<\/td>\n<td class=\"n54117_item_b2\">\n<div class=\"n54117_item_b_sub\">-5\u00b0C \u2013 +45\u00b0C<\/div>\n<\/td>\n<\/tr>\n<tr>\n<td class=\"n54117_item_a1\"><span class=\"n67256colon\">L\u00e5sbar slangvinda:<\/span><\/td>\n<td class=\"n54117_item_b1\">\n<div class=\"n54117_item_b_sub\">Ja<\/div>\n<\/td>\n<\/tr>\n<tr>\n<td class=\"n54117_item_a2\">Ce-m\u00e4rkt:<\/td>\n<td class=\"n54117_item_b2\">\n<div class=\"n54117_item_b_sub\">Ja<\/div>\n<\/td>\n<\/tr>\n<tr>\n<td class=\"n54117_item_a1\">Slang diameter\u00a0 utv\u00e4ndig:<\/p>\n<p>Slang diameter\u00a0 inv\u00e4ndig:<\/td>\n<td class=\"n54117_item_b1\">\n<div class=\"n54117_item_b_sub\">10mm<\/div>\n<div>6,5 mm<\/div>\n<\/td>\n<\/tr>\n<tr>\n<td class=\"n54117_item_a2\">Vikt:<\/p>\n<p>M\u00e5tt (LxBxH):<\/td>\n<td class=\"n54117_item_b2\">\n<div class=\"n54117_item_b_sub\">4,9kg<\/div>\n<div>280x150x270 mm<\/div>\n<\/td>\n<\/tr>\n<tr>\n<td class=\"n54117_item_a1\"><span class=\"n67256colon\">Arbetstryck:<\/span><\/p>\n<p>Maxtryck:<\/td>\n<td class=\"n54117_item_b1\">\n<div>8 bar<\/div>\n<div class=\"n54117_item_b_sub\">24 bar<\/div>\n<\/td>\n<\/tr>\n<tr>\n<td class=\"n54117_item_a2\">Garanti\u00a0<span class=\"n67256colon\">:<\/span><\/td>\n<td class=\"n54117_item_b2\">\n<div class=\"n54117_item_b_sub\">1 \u00e5r<\/div>\n<\/td>\n<\/tr>\n<\/tbody>\n<\/table>\n","protected":false},"excerpt":{"rendered":"<p>Slangvinda med f\u00f6rst\u00e4rkt 10mm pvc slang, som klarar -5\u00b0C \u2013 +45\u00b0C och 24 bars tryck.<\/p>\n<p>L\u00e4tt att flytta d\u00e5 den levereras med l\u00f6stagbart v\u00e4ggf\u00e4ste.<\/p>\n<p>L\u00e4ttanv\u00e4nd med automatiskt l\u00e5sning\/ rullstopp, n\u00e4r du har anv\u00e4nt slangen f\u00e4rdigt \u00e4r det bara att dra l\u00e4tt i den s\u00e5 rullas den automatiskt upp p\u00e5 vindan.<\/p>\n<p>Slangvindan har \u00e4ven manuell l\u00e5sning som f\u00f6rhindrar att slangen rullas upp oavsiktlig.<\/p>\n<p>Snabbkopplingar medf\u00f6ljer.<\/p>\n<p>100cm anslutningsslang.<\/p>\n","protected":false},"featured_media":19385,"template":"","meta":{"_acf_changed":false,"_seopress_robots_primary_cat":"none","_seopress_titles_title":"","_seopress_titles_desc":"","_seopress_robots_index":""},"product_cat":[320],"product_tag":[],"class_list":{"0":"post-19050","1":"product","2":"type-product","3":"status-publish","4":"has-post-thumbnail","6":"product_cat-tryckluftslang","7":"product_shipping_class-tillbehor-790","9":"first","10":"instock","11":"taxable","12":"shipping-taxable","13":"purchasable","14":"product-type-simple","swatches":"rey-swatches","show_selected":""},"acf":[],"_links":{"self":[{"href":"https:\/\/toolhouse.fi\/sv\/wp-json\/wp\/v2\/product\/19050","targetHints":{"allow":["GET"]}}],"collection":[{"href":"https:\/\/toolhouse.fi\/sv\/wp-json\/wp\/v2\/product"}],"about":[{"href":"https:\/\/toolhouse.fi\/sv\/wp-json\/wp\/v2\/types\/product"}],"version-history":[{"count":1,"href":"https:\/\/toolhouse.fi\/sv\/wp-json\/wp\/v2\/product\/19050\/revisions"}],"predecessor-version":[{"id":19387,"href":"https:\/\/toolhouse.fi\/sv\/wp-json\/wp\/v2\/product\/19050\/revisions\/19387"}],"wp:featuredmedia":[{"embeddable":true,"href":"https:\/\/toolhouse.fi\/sv\/wp-json\/wp\/v2\/media\/19385"}],"wp:attachment":[{"href":"https:\/\/toolhouse.fi\/sv\/wp-json\/wp\/v2\/media?parent=19050"}],"wp:term":[{"taxonomy":"product_cat","embeddable":true,"href":"https:\/\/toolhouse.fi\/sv\/wp-json\/wp\/v2\/product_cat?post=19050"},{"taxonomy":"product_tag","embeddable":true,"href":"https:\/\/toolhouse.fi\/sv\/wp-json\/wp\/v2\/product_tag?post=19050"}],"curies":[{"name":"wp","href":"https:\/\/api.w.org\/{rel}","templated":true}]}}