{"id":19051,"date":"2024-09-10T15:31:41","date_gmt":"2024-09-10T12:31:41","guid":{"rendered":"https:\/\/toolhouse.fi\/?post_type=product&#038;p=19051"},"modified":"2024-10-22T16:10:16","modified_gmt":"2024-10-22T13:10:16","slug":"startkablar-6m-1500a","status":"publish","type":"product","link":"https:\/\/toolhouse.fi\/sv\/produkt\/startkablar-6m-1500a\/","title":{"rendered":"Startkablar 6M 1500A"},"content":{"rendered":"","protected":false},"excerpt":{"rendered":"<p>Grova startkablar som klarar 1500A och l\u00e4ngd p\u00e5 6 meter.<\/p>\n<p>Mjuk kopparkabel med h\u00f6g ledningsf\u00f6rm\u00e5ga samt robusta helisolerade kl\u00e4mmor.<\/p>\n<p>&nbsp;<\/p>\n<ul>\n<li>Tillverkare: Geko<\/li>\n<li>L\u00e4ngd: 6 meter<\/li>\n<li>Diameter: 14 mm<\/li>\n<li>Material: Koppar<\/li>\n<\/ul>\n<p>&nbsp;<\/p>\n<p>&nbsp;<\/p>\n<p>&nbsp;<\/p>\n","protected":false},"featured_media":19398,"template":"","meta":{"_acf_changed":false,"_seopress_robots_primary_cat":"","_seopress_titles_title":"","_seopress_titles_desc":"","_seopress_robots_index":""},"product_cat":[342,349,336],"product_tag":[],"class_list":{"0":"post-19051","1":"product","2":"type-product","3":"status-publish","4":"has-post-thumbnail","6":"product_cat-batteriladdare","7":"product_cat-ovrigt","8":"product_cat-verktyg","9":"product_shipping_class-tillbehor-790","11":"first","12":"instock","13":"taxable","14":"shipping-taxable","15":"purchasable","16":"product-type-simple","swatches":"rey-swatches","show_selected":""},"acf":[],"_links":{"self":[{"href":"https:\/\/toolhouse.fi\/sv\/wp-json\/wp\/v2\/product\/19051","targetHints":{"allow":["GET"]}}],"collection":[{"href":"https:\/\/toolhouse.fi\/sv\/wp-json\/wp\/v2\/product"}],"about":[{"href":"https:\/\/toolhouse.fi\/sv\/wp-json\/wp\/v2\/types\/product"}],"version-history":[{"count":1,"href":"https:\/\/toolhouse.fi\/sv\/wp-json\/wp\/v2\/product\/19051\/revisions"}],"predecessor-version":[{"id":19400,"href":"https:\/\/toolhouse.fi\/sv\/wp-json\/wp\/v2\/product\/19051\/revisions\/19400"}],"wp:featuredmedia":[{"embeddable":true,"href":"https:\/\/toolhouse.fi\/sv\/wp-json\/wp\/v2\/media\/19398"}],"wp:attachment":[{"href":"https:\/\/toolhouse.fi\/sv\/wp-json\/wp\/v2\/media?parent=19051"}],"wp:term":[{"taxonomy":"product_cat","embeddable":true,"href":"https:\/\/toolhouse.fi\/sv\/wp-json\/wp\/v2\/product_cat?post=19051"},{"taxonomy":"product_tag","embeddable":true,"href":"https:\/\/toolhouse.fi\/sv\/wp-json\/wp\/v2\/product_tag?post=19051"}],"curies":[{"name":"wp","href":"https:\/\/api.w.org\/{rel}","templated":true}]}}