{"id":19188,"date":"2024-09-10T15:32:02","date_gmt":"2024-09-10T12:32:02","guid":{"rendered":"https:\/\/toolhouse.fi\/?post_type=product&#038;p=19188"},"modified":"2026-01-24T20:41:52","modified_gmt":"2026-01-24T18:41:52","slug":"blocknyckelsats-tvardy-6-27mm","status":"publish","type":"product","link":"https:\/\/toolhouse.fi\/sv\/produkt\/blocknyckelsats-tvardy-6-27mm\/","title":{"rendered":"Blocknyckelsats Tvardy 6-27mm"},"content":{"rendered":"","protected":false},"excerpt":{"rendered":"<p>Tvardy blocknycklar av h\u00f6g kvalitet, tillverkade i h\u00e4rdat CrV-SC st\u00e5l.<\/p>\n<ul>\n<li>Inneh\u00e5ller 15st blocknycklar.<\/li>\n<li>F\u00f6rvaringsfodral med upph\u00e4ngningsh\u00e5l.<\/li>\n<li>Storlekar: <strong>6, 7, 8, 10, 11, 12, 13, 14, 15, 17, 18, 19, 22, 24, 27mm<\/strong><\/li>\n<li>Ring\u00e4nde 15\u00b0.<\/li>\n<li>\u00d6ppen \u00e4nde 15\u00b0.<\/li>\n<li>GS-certifierad.<\/li>\n<li>Uppfyller Din 3113A<\/li>\n<li>Vikt: 2,4kg<\/li>\n<li>Tillverkare: Tvardy<\/li>\n<\/ul>\n","protected":false},"featured_media":19423,"template":"","meta":{"_acf_changed":false,"_seopress_robots_primary_cat":"","_seopress_titles_title":"","_seopress_titles_desc":"","_seopress_robots_index":""},"product_cat":[581,336,21],"product_tag":[],"class_list":{"0":"post-19188","1":"product","2":"type-product","3":"status-publish","4":"has-post-thumbnail","6":"product_cat-hylsverktyg-och-vridverktyg","7":"product_cat-verktyg","8":"product_cat-verkstadsutrustning","9":"product_shipping_class-tillbehor-790","11":"first","12":"instock","13":"taxable","14":"shipping-taxable","15":"purchasable","16":"product-type-simple","swatches":"rey-swatches","show_selected":""},"acf":[],"_links":{"self":[{"href":"https:\/\/toolhouse.fi\/sv\/wp-json\/wp\/v2\/product\/19188","targetHints":{"allow":["GET"]}}],"collection":[{"href":"https:\/\/toolhouse.fi\/sv\/wp-json\/wp\/v2\/product"}],"about":[{"href":"https:\/\/toolhouse.fi\/sv\/wp-json\/wp\/v2\/types\/product"}],"version-history":[{"count":1,"href":"https:\/\/toolhouse.fi\/sv\/wp-json\/wp\/v2\/product\/19188\/revisions"}],"predecessor-version":[{"id":19425,"href":"https:\/\/toolhouse.fi\/sv\/wp-json\/wp\/v2\/product\/19188\/revisions\/19425"}],"wp:featuredmedia":[{"embeddable":true,"href":"https:\/\/toolhouse.fi\/sv\/wp-json\/wp\/v2\/media\/19423"}],"wp:attachment":[{"href":"https:\/\/toolhouse.fi\/sv\/wp-json\/wp\/v2\/media?parent=19188"}],"wp:term":[{"taxonomy":"product_cat","embeddable":true,"href":"https:\/\/toolhouse.fi\/sv\/wp-json\/wp\/v2\/product_cat?post=19188"},{"taxonomy":"product_tag","embeddable":true,"href":"https:\/\/toolhouse.fi\/sv\/wp-json\/wp\/v2\/product_tag?post=19188"}],"curies":[{"name":"wp","href":"https:\/\/api.w.org\/{rel}","templated":true}]}}