{"id":19189,"date":"2024-09-10T15:32:02","date_gmt":"2024-09-10T12:32:02","guid":{"rendered":"https:\/\/toolhouse.fi\/?post_type=product&#038;p=19189"},"modified":"2026-03-31T14:05:33","modified_gmt":"2026-03-31T11:05:33","slug":"blocknyckelsats-geko-1-4-1-1-4","status":"publish","type":"product","link":"https:\/\/toolhouse.fi\/sv\/produkt\/blocknyckelsats-geko-1-4-1-1-4\/","title":{"rendered":"Blocknyckelsats Geko 1\/4&#8243;-1.1\/4&#8243;"},"content":{"rendered":"","protected":false},"excerpt":{"rendered":"<p>Geko blocknycklar i tums storlekar, tillverkade i h\u00e4rdat CrV-st\u00e5l.<\/p>\n<ul>\n<li>Inneh\u00e5ller 16st blocknycklar.<\/li>\n<li>F\u00f6rvaringsfodral med upph\u00e4ngningsh\u00e5l.<\/li>\n<li>Storlekar: <strong>1\/4 \u201c, 5\/16\u201d, 3\/8 \u201c, 7\/16\u201d, 1\/2 \u201c, 9\/16\u201d, 5\/8 \u201c, 11\/16\u201d 3\/4 \u201c, 13\/16\u201d, 7\/8 \u201c, 15\/16\u201d, 1 \u201c, 1-1 \/ 16\u201d, 1-1 \/ 8 \u201c, 1-1 \/ 4\u201d<\/strong><\/li>\n<li>Ring\u00e4nde 15\u00b0.<\/li>\n<li>\u00d6ppen \u00e4nde 15\u00b0.<\/li>\n<li>Uppfyller Din 3113A<\/li>\n<li>Vikt: 3,4kg<\/li>\n<li>Tillverkare: Geko<\/li>\n<\/ul>\n","protected":false},"featured_media":19430,"template":"","meta":{"_acf_changed":false,"_seopress_robots_primary_cat":"none","_seopress_titles_title":"","_seopress_titles_desc":"","_seopress_robots_index":""},"product_cat":[581,336,21],"product_tag":[],"class_list":{"0":"post-19189","1":"product","2":"type-product","3":"status-publish","4":"has-post-thumbnail","6":"product_cat-hylsverktyg-och-vridverktyg","7":"product_cat-verktyg","8":"product_cat-verkstadsutrustning","9":"product_shipping_class-tillbehor-790","11":"first","12":"instock","13":"taxable","14":"shipping-taxable","15":"purchasable","16":"product-type-simple","swatches":"rey-swatches","show_selected":""},"acf":[],"_links":{"self":[{"href":"https:\/\/toolhouse.fi\/sv\/wp-json\/wp\/v2\/product\/19189","targetHints":{"allow":["GET"]}}],"collection":[{"href":"https:\/\/toolhouse.fi\/sv\/wp-json\/wp\/v2\/product"}],"about":[{"href":"https:\/\/toolhouse.fi\/sv\/wp-json\/wp\/v2\/types\/product"}],"version-history":[{"count":1,"href":"https:\/\/toolhouse.fi\/sv\/wp-json\/wp\/v2\/product\/19189\/revisions"}],"predecessor-version":[{"id":19432,"href":"https:\/\/toolhouse.fi\/sv\/wp-json\/wp\/v2\/product\/19189\/revisions\/19432"}],"wp:featuredmedia":[{"embeddable":true,"href":"https:\/\/toolhouse.fi\/sv\/wp-json\/wp\/v2\/media\/19430"}],"wp:attachment":[{"href":"https:\/\/toolhouse.fi\/sv\/wp-json\/wp\/v2\/media?parent=19189"}],"wp:term":[{"taxonomy":"product_cat","embeddable":true,"href":"https:\/\/toolhouse.fi\/sv\/wp-json\/wp\/v2\/product_cat?post=19189"},{"taxonomy":"product_tag","embeddable":true,"href":"https:\/\/toolhouse.fi\/sv\/wp-json\/wp\/v2\/product_tag?post=19189"}],"curies":[{"name":"wp","href":"https:\/\/api.w.org\/{rel}","templated":true}]}}