{"id":19190,"date":"2024-09-10T15:32:02","date_gmt":"2024-09-10T12:32:02","guid":{"rendered":"https:\/\/toolhouse.fi\/?post_type=product&#038;p=19190"},"modified":"2026-04-14T15:24:24","modified_gmt":"2026-04-14T12:24:24","slug":"ventilfjaderverktyg","status":"publish","type":"product","link":"https:\/\/toolhouse.fi\/sv\/produkt\/ventilfjaderverktyg\/","title":{"rendered":"Ventilfj\u00e4derverktyg"},"content":{"rendered":"","protected":false},"excerpt":{"rendered":"<p>Verktyg f\u00f6r montering och demontering av ventilfj\u00e4drar.<\/p>\n<ul>\n<li>Till ventilfj\u00e4drar mellan 16 och 30 mm.<\/li>\n<li>Diameter p\u00e5 tryckare: 16 mm, 19mm, 23,5mm, 25,1mm, 30mm<\/li>\n<li>H\u00f6jd p\u00e5 tryckare: 47,5mm<\/li>\n<li>L\u00e4ngd p\u00e5 g\u00e4ngad del: 110, 120, 70 mm<\/li>\n<li>Godstjocklek ventilfj\u00e4derb\u00e5ge 21x16mm<\/li>\n<li>Tillverkare: Geko<\/li>\n<\/ul>\n","protected":false},"featured_media":19439,"template":"","meta":{"_acf_changed":false,"_seopress_robots_primary_cat":"none","_seopress_titles_title":"","_seopress_titles_desc":"","_seopress_robots_index":""},"product_cat":[338,582],"product_tag":[],"class_list":{"0":"post-19190","1":"product","2":"type-product","3":"status-publish","4":"has-post-thumbnail","6":"product_cat-fordonsverktyg","7":"product_cat-motorverktyg","8":"product_shipping_class-tillbehor-790","10":"first","11":"instock","12":"taxable","13":"shipping-taxable","14":"purchasable","15":"product-type-simple","swatches":"rey-swatches","show_selected":""},"acf":[],"_links":{"self":[{"href":"https:\/\/toolhouse.fi\/sv\/wp-json\/wp\/v2\/product\/19190","targetHints":{"allow":["GET"]}}],"collection":[{"href":"https:\/\/toolhouse.fi\/sv\/wp-json\/wp\/v2\/product"}],"about":[{"href":"https:\/\/toolhouse.fi\/sv\/wp-json\/wp\/v2\/types\/product"}],"version-history":[{"count":0,"href":"https:\/\/toolhouse.fi\/sv\/wp-json\/wp\/v2\/product\/19190\/revisions"}],"wp:featuredmedia":[{"embeddable":true,"href":"https:\/\/toolhouse.fi\/sv\/wp-json\/wp\/v2\/media\/19439"}],"wp:attachment":[{"href":"https:\/\/toolhouse.fi\/sv\/wp-json\/wp\/v2\/media?parent=19190"}],"wp:term":[{"taxonomy":"product_cat","embeddable":true,"href":"https:\/\/toolhouse.fi\/sv\/wp-json\/wp\/v2\/product_cat?post=19190"},{"taxonomy":"product_tag","embeddable":true,"href":"https:\/\/toolhouse.fi\/sv\/wp-json\/wp\/v2\/product_tag?post=19190"}],"curies":[{"name":"wp","href":"https:\/\/api.w.org\/{rel}","templated":true}]}}