{"id":19193,"date":"2024-09-10T15:32:02","date_gmt":"2024-09-10T12:32:02","guid":{"rendered":"https:\/\/toolhouse.fi\/?post_type=product&#038;p=19193"},"modified":"2026-04-14T15:24:24","modified_gmt":"2026-04-14T12:24:24","slug":"monteringskit-till-ventiltatningar","status":"publish","type":"product","link":"https:\/\/toolhouse.fi\/sv\/produkt\/monteringskit-till-ventiltatningar\/","title":{"rendered":"Monteringskit till ventilt\u00e4tningar"},"content":{"rendered":"","protected":false},"excerpt":{"rendered":"<p>Verktyg f\u00f6r att montera och demontera ventilt\u00e4tningar p\u00e5 de flesta bilmotorer.<\/p>\n<p>&nbsp;<\/p>\n<p>Inneh\u00e5ll:<\/p>\n<ul>\n<li>Drivare: 5 &#8211; 5,5 &#8211; 6 &#8211; 6.5 &#8211; 7 &#8211; 8 mm och 3\/8&#8243;<\/li>\n<li>T\u00e5ng f\u00f6r t\u00e4tningar<\/li>\n<li>Monteringshandtag 150x20mm<\/li>\n<li>2x Monteringsadaptrar 10.8 och 14.8<\/li>\n<li>F\u00f6rvaringsl\u00e5da<\/li>\n<\/ul>\n<p>Tillverkare: Geko<\/p>\n<p>Vikt: 1,6kg<\/p>\n<p>&nbsp;<\/p>\n<p>&nbsp;<\/p>\n","protected":false},"featured_media":19460,"template":"","meta":{"_acf_changed":false,"_seopress_robots_primary_cat":"none","_seopress_titles_title":"","_seopress_titles_desc":"","_seopress_robots_index":"","_seopress_analysis_target_kw":""},"product_cat":[338,582],"product_tag":[],"class_list":{"0":"post-19193","1":"product","2":"type-product","3":"status-publish","4":"has-post-thumbnail","6":"product_cat-fordonsverktyg","7":"product_cat-motorverktyg","8":"product_shipping_class-tillbehor-790","10":"first","11":"instock","12":"taxable","13":"shipping-taxable","14":"purchasable","15":"product-type-simple","swatches":"rey-swatches","show_selected":""},"acf":[],"_links":{"self":[{"href":"https:\/\/toolhouse.fi\/sv\/wp-json\/wp\/v2\/product\/19193","targetHints":{"allow":["GET"]}}],"collection":[{"href":"https:\/\/toolhouse.fi\/sv\/wp-json\/wp\/v2\/product"}],"about":[{"href":"https:\/\/toolhouse.fi\/sv\/wp-json\/wp\/v2\/types\/product"}],"version-history":[{"count":0,"href":"https:\/\/toolhouse.fi\/sv\/wp-json\/wp\/v2\/product\/19193\/revisions"}],"wp:featuredmedia":[{"embeddable":true,"href":"https:\/\/toolhouse.fi\/sv\/wp-json\/wp\/v2\/media\/19460"}],"wp:attachment":[{"href":"https:\/\/toolhouse.fi\/sv\/wp-json\/wp\/v2\/media?parent=19193"}],"wp:term":[{"taxonomy":"product_cat","embeddable":true,"href":"https:\/\/toolhouse.fi\/sv\/wp-json\/wp\/v2\/product_cat?post=19193"},{"taxonomy":"product_tag","embeddable":true,"href":"https:\/\/toolhouse.fi\/sv\/wp-json\/wp\/v2\/product_tag?post=19193"}],"curies":[{"name":"wp","href":"https:\/\/api.w.org\/{rel}","templated":true}]}}