{"id":19194,"date":"2024-09-10T15:32:02","date_gmt":"2024-09-10T12:32:02","guid":{"rendered":"https:\/\/toolhouse.fi\/?post_type=product&#038;p=19194"},"modified":"2025-10-21T11:17:43","modified_gmt":"2025-10-21T08:17:43","slug":"bromsvatsketestare","status":"publish","type":"product","link":"https:\/\/toolhouse.fi\/sv\/produkt\/bromsvatsketestare\/","title":{"rendered":"Bromsv\u00e4tsketestare"},"content":{"rendered":"","protected":false},"excerpt":{"rendered":"<p>F\u00f6r snabb m\u00e4tning av fukthalten i bromsv\u00e4tskan.<\/p>\n<ul>\n<li>Gr\u00f6n diod &#8211; bromsv\u00e4tska ok, andel vatten &lt; 1%<\/li>\n<li>Gul diod &#8211; andel vatten 1%<\/li>\n<li>Tv\u00e5 gula dioder &#8211; andel vatten 2%<\/li>\n<li>R\u00f6d diod -andel vatten 3%<\/li>\n<li>Tv\u00e5 r\u00f6da dioder -andel vatten \u00f6ver 4%<\/li>\n<\/ul>\n<p>AAA batteri medf\u00f6ljer<\/p>\n<p>Tillverkare: Geko<\/p>\n","protected":false},"featured_media":19469,"template":"","meta":{"_acf_changed":false,"_seopress_robots_primary_cat":"none","_seopress_titles_title":"","_seopress_titles_desc":"","_seopress_robots_index":""},"product_cat":[584,338],"product_tag":[],"class_list":{"0":"post-19194","1":"product","2":"type-product","3":"status-publish","4":"has-post-thumbnail","6":"product_cat-bromsverktyg","7":"product_cat-fordonsverktyg","8":"product_shipping_class-tillbehor-790","10":"first","11":"instock","12":"taxable","13":"shipping-taxable","14":"purchasable","15":"product-type-simple","swatches":"rey-swatches","show_selected":""},"acf":[],"_links":{"self":[{"href":"https:\/\/toolhouse.fi\/sv\/wp-json\/wp\/v2\/product\/19194","targetHints":{"allow":["GET"]}}],"collection":[{"href":"https:\/\/toolhouse.fi\/sv\/wp-json\/wp\/v2\/product"}],"about":[{"href":"https:\/\/toolhouse.fi\/sv\/wp-json\/wp\/v2\/types\/product"}],"version-history":[{"count":0,"href":"https:\/\/toolhouse.fi\/sv\/wp-json\/wp\/v2\/product\/19194\/revisions"}],"wp:featuredmedia":[{"embeddable":true,"href":"https:\/\/toolhouse.fi\/sv\/wp-json\/wp\/v2\/media\/19469"}],"wp:attachment":[{"href":"https:\/\/toolhouse.fi\/sv\/wp-json\/wp\/v2\/media?parent=19194"}],"wp:term":[{"taxonomy":"product_cat","embeddable":true,"href":"https:\/\/toolhouse.fi\/sv\/wp-json\/wp\/v2\/product_cat?post=19194"},{"taxonomy":"product_tag","embeddable":true,"href":"https:\/\/toolhouse.fi\/sv\/wp-json\/wp\/v2\/product_tag?post=19194"}],"curies":[{"name":"wp","href":"https:\/\/api.w.org\/{rel}","templated":true}]}}