{"id":19324,"date":"2024-09-10T15:32:22","date_gmt":"2024-09-10T12:32:22","guid":{"rendered":"https:\/\/toolhouse.fi\/?post_type=product&#038;p=19324"},"modified":"2026-05-07T13:38:03","modified_gmt":"2026-05-07T10:38:03","slug":"ventilfjaderspannare","status":"publish","type":"product","link":"https:\/\/toolhouse.fi\/sv\/produkt\/ventilfjaderspannare\/","title":{"rendered":"Ventilfj\u00e4dersp\u00e4nnare"},"content":{"rendered":"","protected":false},"excerpt":{"rendered":"<p>F\u00f6r montering och demontering av ventilfj\u00e4drar, passar till de flesta motorer.<\/p>\n<ul>\n<li>Fasts\u00e4ttningsfot<\/li>\n<li>Ventiladapterh\u00e5llare<\/li>\n<li>Sp\u00e4nnspak<\/li>\n<li>2 st Fasts\u00e4ttningsskruvar<\/li>\n<li>Ventiladapter 24,5mm<\/li>\n<li>Ventiladapter 30,5mm<\/li>\n<li>Ventiladapter 35mm<\/li>\n<\/ul>\n<p>Tillverkare: Geko<\/p>\n","protected":false},"featured_media":19501,"template":"","meta":{"_acf_changed":false,"_seopress_robots_primary_cat":"none","_seopress_titles_title":"","_seopress_titles_desc":"","_seopress_robots_index":""},"product_cat":[338,582],"product_tag":[],"class_list":{"0":"post-19324","1":"product","2":"type-product","3":"status-publish","4":"has-post-thumbnail","6":"product_cat-fordonsverktyg","7":"product_cat-motorverktyg","8":"product_shipping_class-tillbehor-790","10":"first","11":"instock","12":"taxable","13":"shipping-taxable","14":"purchasable","15":"product-type-simple","swatches":"rey-swatches","show_selected":""},"acf":[],"_links":{"self":[{"href":"https:\/\/toolhouse.fi\/sv\/wp-json\/wp\/v2\/product\/19324","targetHints":{"allow":["GET"]}}],"collection":[{"href":"https:\/\/toolhouse.fi\/sv\/wp-json\/wp\/v2\/product"}],"about":[{"href":"https:\/\/toolhouse.fi\/sv\/wp-json\/wp\/v2\/types\/product"}],"version-history":[{"count":1,"href":"https:\/\/toolhouse.fi\/sv\/wp-json\/wp\/v2\/product\/19324\/revisions"}],"predecessor-version":[{"id":32823,"href":"https:\/\/toolhouse.fi\/sv\/wp-json\/wp\/v2\/product\/19324\/revisions\/32823"}],"wp:featuredmedia":[{"embeddable":true,"href":"https:\/\/toolhouse.fi\/sv\/wp-json\/wp\/v2\/media\/19501"}],"wp:attachment":[{"href":"https:\/\/toolhouse.fi\/sv\/wp-json\/wp\/v2\/media?parent=19324"}],"wp:term":[{"taxonomy":"product_cat","embeddable":true,"href":"https:\/\/toolhouse.fi\/sv\/wp-json\/wp\/v2\/product_cat?post=19324"},{"taxonomy":"product_tag","embeddable":true,"href":"https:\/\/toolhouse.fi\/sv\/wp-json\/wp\/v2\/product_tag?post=19324"}],"curies":[{"name":"wp","href":"https:\/\/api.w.org\/{rel}","templated":true}]}}