{"id":19326,"date":"2024-09-10T15:32:22","date_gmt":"2024-09-10T12:32:22","guid":{"rendered":"https:\/\/toolhouse.fi\/?post_type=product&#038;p=19326"},"modified":"2026-03-05T14:04:51","modified_gmt":"2026-03-05T12:04:51","slug":"optisk-glykolprovare","status":"publish","type":"product","link":"https:\/\/toolhouse.fi\/sv\/produkt\/optisk-glykolprovare\/","title":{"rendered":"Optisk glykolprovare"},"content":{"rendered":"","protected":false},"excerpt":{"rendered":"<p>Optisk refraktometer med st\u00e4llbar optik. M\u00e4ter frostskyddsniv\u00e5n i kylar- och spolarv\u00e4tskan, m\u00e4ter \u00e4ven batterisyran f\u00f6r att fastst\u00e4lla batteriets kondition.<\/p>\n<p>Komplett med pipett f\u00f6r uppsugning av v\u00e4tska, mejsel f\u00f6r kalibrering, putsduk, bruksanvisning samt f\u00f6rvaringsbox.<\/p>\n<p>&nbsp;<\/p>\n<p>Fungerar till:<\/p>\n<p>Etylenglykol, propylenglykol, batterisyra, spolarv\u00e4tska<\/p>\n<p>Tillverkare: Geko<\/p>\n<p>&nbsp;<\/p>\n<p>Bruksanvisning:<\/p>\n<ul>\n<li>1. Kontrollera att prisman \u00e4r ren.<\/li>\n<li>2. S\u00e4tt v\u00e4tskan du vill kontrollera med pipetten p\u00e5 prismat.<\/li>\n<li>3. St\u00e4ng locket.<\/li>\n<li>4. P\u00e5 skalan syns en tydlig markering.<\/li>\n<li>5. Putsa prismat med varmt vatten och torr putsduk.<\/li>\n<\/ul>\n","protected":false},"featured_media":19519,"template":"","meta":{"_acf_changed":false,"_seopress_robots_primary_cat":"none","_seopress_titles_title":"","_seopress_titles_desc":"","_seopress_robots_index":""},"product_cat":[338,582],"product_tag":[],"class_list":{"0":"post-19326","1":"product","2":"type-product","3":"status-publish","4":"has-post-thumbnail","6":"product_cat-fordonsverktyg","7":"product_cat-motorverktyg","8":"product_shipping_class-tillbehor-790","10":"first","11":"instock","12":"taxable","13":"shipping-taxable","14":"purchasable","15":"product-type-simple","swatches":"rey-swatches","show_selected":""},"acf":[],"_links":{"self":[{"href":"https:\/\/toolhouse.fi\/sv\/wp-json\/wp\/v2\/product\/19326","targetHints":{"allow":["GET"]}}],"collection":[{"href":"https:\/\/toolhouse.fi\/sv\/wp-json\/wp\/v2\/product"}],"about":[{"href":"https:\/\/toolhouse.fi\/sv\/wp-json\/wp\/v2\/types\/product"}],"version-history":[{"count":1,"href":"https:\/\/toolhouse.fi\/sv\/wp-json\/wp\/v2\/product\/19326\/revisions"}],"predecessor-version":[{"id":19521,"href":"https:\/\/toolhouse.fi\/sv\/wp-json\/wp\/v2\/product\/19326\/revisions\/19521"}],"wp:featuredmedia":[{"embeddable":true,"href":"https:\/\/toolhouse.fi\/sv\/wp-json\/wp\/v2\/media\/19519"}],"wp:attachment":[{"href":"https:\/\/toolhouse.fi\/sv\/wp-json\/wp\/v2\/media?parent=19326"}],"wp:term":[{"taxonomy":"product_cat","embeddable":true,"href":"https:\/\/toolhouse.fi\/sv\/wp-json\/wp\/v2\/product_cat?post=19326"},{"taxonomy":"product_tag","embeddable":true,"href":"https:\/\/toolhouse.fi\/sv\/wp-json\/wp\/v2\/product_tag?post=19326"}],"curies":[{"name":"wp","href":"https:\/\/api.w.org\/{rel}","templated":true}]}}