{"id":19329,"date":"2024-09-10T15:32:23","date_gmt":"2024-09-10T12:32:23","guid":{"rendered":"https:\/\/toolhouse.fi\/?post_type=product&#038;p=19329"},"modified":"2025-09-19T15:22:25","modified_gmt":"2025-09-19T12:22:25","slug":"pafyllningsnippel-till-luftpafyllare","status":"publish","type":"product","link":"https:\/\/toolhouse.fi\/sv\/produkt\/pafyllningsnippel-till-luftpafyllare\/","title":{"rendered":"P\u00e5fyllningsnippel till luftp\u00e5fyllare"},"content":{"rendered":"","protected":false},"excerpt":{"rendered":"<p>P\u00e5fyllningsnippel av m\u00e4ssing.<\/p>\n<p>1\/4&#8243; inv\u00e4ndig g\u00e4nga.<\/p>\n<p>Tillverkare: Tvardy<\/p>\n","protected":false},"featured_media":19538,"template":"","meta":{"_acf_changed":false,"_seopress_robots_primary_cat":"none","_seopress_titles_title":"","_seopress_titles_desc":"","_seopress_robots_index":""},"product_cat":[319],"product_tag":[],"class_list":{"0":"post-19329","1":"product","2":"type-product","3":"status-publish","4":"has-post-thumbnail","6":"product_cat-luftpafyllare","7":"product_shipping_class-tillbehor-590","9":"first","10":"instock","11":"taxable","12":"shipping-taxable","13":"purchasable","14":"product-type-simple","swatches":"rey-swatches","show_selected":""},"acf":[],"_links":{"self":[{"href":"https:\/\/toolhouse.fi\/sv\/wp-json\/wp\/v2\/product\/19329","targetHints":{"allow":["GET"]}}],"collection":[{"href":"https:\/\/toolhouse.fi\/sv\/wp-json\/wp\/v2\/product"}],"about":[{"href":"https:\/\/toolhouse.fi\/sv\/wp-json\/wp\/v2\/types\/product"}],"version-history":[{"count":1,"href":"https:\/\/toolhouse.fi\/sv\/wp-json\/wp\/v2\/product\/19329\/revisions"}],"predecessor-version":[{"id":19540,"href":"https:\/\/toolhouse.fi\/sv\/wp-json\/wp\/v2\/product\/19329\/revisions\/19540"}],"wp:featuredmedia":[{"embeddable":true,"href":"https:\/\/toolhouse.fi\/sv\/wp-json\/wp\/v2\/media\/19538"}],"wp:attachment":[{"href":"https:\/\/toolhouse.fi\/sv\/wp-json\/wp\/v2\/media?parent=19329"}],"wp:term":[{"taxonomy":"product_cat","embeddable":true,"href":"https:\/\/toolhouse.fi\/sv\/wp-json\/wp\/v2\/product_cat?post=19329"},{"taxonomy":"product_tag","embeddable":true,"href":"https:\/\/toolhouse.fi\/sv\/wp-json\/wp\/v2\/product_tag?post=19329"}],"curies":[{"name":"wp","href":"https:\/\/api.w.org\/{rel}","templated":true}]}}