{"id":19331,"date":"2024-09-10T15:32:23","date_gmt":"2024-09-10T12:32:23","guid":{"rendered":"https:\/\/toolhouse.fi\/?post_type=product&#038;p=19331"},"modified":"2024-10-22T16:06:13","modified_gmt":"2024-10-22T13:06:13","slug":"tangamperemeter-mt2010a","status":"publish","type":"product","link":"https:\/\/toolhouse.fi\/sv\/produkt\/tangamperemeter-mt2010a\/","title":{"rendered":"T\u00e5ngamperemeter MT2010A"},"content":{"rendered":"","protected":false},"excerpt":{"rendered":"<p>Geko MT2010A ncv t\u00e5ngamperemeter med stor bakgrundsbelyst display.<\/p>\n<p>T\u00e5ngamperem\u00e4tare som klarar det mesta, m\u00e4ter te.x. sp\u00e4nning, resistans, kapacitans, frekvens,\u00a0 temperatur, diod-test, mm. M\u00e4tning sker med sant effektivv\u00e4rde, True RMS.<\/p>\n<p>Tygv\u00e4ska,batteri, m\u00e4tkablar samt temperatursond medf\u00f6ljer.<\/p>\n<p>&nbsp;<\/p>\n<ul>\n<li>backlit, easy-to-read LCD display<\/li>\n<li>True RMS<\/li>\n<li>REL function (relative value measurement)<\/li>\n<li>diode test<\/li>\n<li>circuit continuity test<\/li>\n<li>Data Hold<\/li>\n<li>automatic change of measurement ranges<\/li>\n<li>Zero Mode<\/li>\n<li>measurement memory: MIN; MAX<\/li>\n<li>automatic shutdown<\/li>\n<li>polarization index<\/li>\n<li>over-range indicator<\/li>\n<li>low battery voltage indicator<\/li>\n<li>NCV &#8211; built-in non-contact AC voltage detector<\/li>\n<li>clamp spacing max 28mm (cable max 26mm)<\/li>\n<li>standards: CE, CAT. II &#8211; 600V, CAT. III &#8211; 300V<\/li>\n<li>power supply &#8211; 9V battery (included)<\/li>\n<li>\u00d6ppnar 28mm<\/li>\n<li>M\u00e5tt: 242x87x33 mm<\/li>\n<li>Vikt: 0,6 kg<\/li>\n<li>Tillverkare: Geko<\/li>\n<li>Modell: MT2010A<\/li>\n<\/ul>\n<h3>Measuring ranges:<\/h3>\n<p>DC voltage [V]:\u00a0<strong>600V<\/strong><\/p>\n<p>AC voltage [V]:\u00a0<strong>600V<\/strong><\/p>\n<p>ACV frequency:\u00a0<strong>10Hz~60kHz<\/strong><\/p>\n<p>AC current [A]:\u00a0<strong>400A<\/strong><\/p>\n<p>Resistance [?]:\u00a0<strong>40M?<\/strong><\/p>\n<p>Frequency [Hz]:\u00a0<strong>10Hz~10MHz<\/strong><\/p>\n<p>Capacity [F]:\u00a0<strong>40mF<\/strong><\/p>\n","protected":false},"featured_media":19556,"template":"","meta":{"_acf_changed":false,"_seopress_robots_primary_cat":"","_seopress_titles_title":"","_seopress_titles_desc":"","_seopress_robots_index":""},"product_cat":[577,349,336],"product_tag":[],"class_list":{"0":"post-19331","1":"product","2":"type-product","3":"status-publish","4":"has-post-thumbnail","6":"product_cat-matverktyg","7":"product_cat-ovrigt","8":"product_cat-verktyg","9":"product_shipping_class-tillbehor-790","11":"first","12":"instock","13":"taxable","14":"shipping-taxable","15":"purchasable","16":"product-type-simple","swatches":"rey-swatches","show_selected":""},"acf":[],"_links":{"self":[{"href":"https:\/\/toolhouse.fi\/sv\/wp-json\/wp\/v2\/product\/19331","targetHints":{"allow":["GET"]}}],"collection":[{"href":"https:\/\/toolhouse.fi\/sv\/wp-json\/wp\/v2\/product"}],"about":[{"href":"https:\/\/toolhouse.fi\/sv\/wp-json\/wp\/v2\/types\/product"}],"version-history":[{"count":1,"href":"https:\/\/toolhouse.fi\/sv\/wp-json\/wp\/v2\/product\/19331\/revisions"}],"predecessor-version":[{"id":19558,"href":"https:\/\/toolhouse.fi\/sv\/wp-json\/wp\/v2\/product\/19331\/revisions\/19558"}],"wp:featuredmedia":[{"embeddable":true,"href":"https:\/\/toolhouse.fi\/sv\/wp-json\/wp\/v2\/media\/19556"}],"wp:attachment":[{"href":"https:\/\/toolhouse.fi\/sv\/wp-json\/wp\/v2\/media?parent=19331"}],"wp:term":[{"taxonomy":"product_cat","embeddable":true,"href":"https:\/\/toolhouse.fi\/sv\/wp-json\/wp\/v2\/product_cat?post=19331"},{"taxonomy":"product_tag","embeddable":true,"href":"https:\/\/toolhouse.fi\/sv\/wp-json\/wp\/v2\/product_tag?post=19331"}],"curies":[{"name":"wp","href":"https:\/\/api.w.org\/{rel}","templated":true}]}}